{"id":32207,"date":"2024-12-21T18:50:38","date_gmt":"2024-12-21T17:50:38","guid":{"rendered":"https:\/\/laviteturchese.it\/?post_type=product&#038;p=32207"},"modified":"2024-12-21T18:55:58","modified_gmt":"2024-12-21T17:55:58","slug":"sottimano-barbaresco-basarin-2020-copia","status":"publish","type":"product","link":"https:\/\/laviteturchese.it\/en\/product\/sottimano-barbaresco-basarin-2020-copia\/","title":{"rendered":"Sottimano &#8211; Barbaresco Basarin &#8211; 2021"},"content":{"rendered":"<p>The winemakers of yesteryear still exist. The Sottimano family is a fantastic example of how that world is the basis of Langa life, we are talking about the 1960s-70s when Rino finished wine school, founded his own company and decided to start making wine. Few family hectares but at Neive, one of the best areas for the production of Barbaresco, the difficulties were not easy in fact sacrifices were the basis of every day in a complicated historical period. Skilled as few were, he was able to bridge those moments by immediately making masterful quality with wines with a traditional yet innovative touch, a lot of work in the vineyard along with careful selection of clusters and subdivision of the various plots in order to obtain more detailed products. Compared to the beginnings today there are 18 hectares between Barbaresco and Neive in 5 of the best crus such as Cott\u00e0, Pajor\u00e8, Fausoni, Curr\u00e0 and Basarin where the winery&#8217;s philosophy has remained the same in environmental conservation without the use of chemicals but natural so as not to alter the balance of each hill. The approach in the cellar is a mixture of traditional and modern with spontaneous vinification, long extractions in macerations and aging in wood of a minimum of 12 months with the use of small or large barrels depending on the label. These are wines that reflect the terroir those made by Rino and his sons, unfortunately very limited quantities but inside each bottle there is the same thing: a lot of passion.  <\/p>\n","protected":false},"excerpt":{"rendered":"<p>In the commune of Neive we find many vineyards of great quality, a notable mention is that of Basarin, a very extensive slope between the southeast and southwest around 350 meters where fairly compact clay soils predominate for ready-to-drink or aging wines. The Sottimano winery has a vineyard over 40 years old from which it produces several thousand bottles but despite this the care in the process is the same, grape selection with spontaneous vinification in steel tanks for 30 days with aging in barriques (10% new) for 18-22 months. In its simplicity it is a wine that presents itself very well, excellent elegance with spicy notes of good intensity while on the palate it possesses balance, complexity and minerality with pleasant tannins to complement.               <\/p>\n<ul>\n<li><b>Producer<\/b>: Sottimano<\/li>\n<li><b>Name<\/b>: Barbaresco Basarin<\/li>\n<li><b>Grape Variety<\/b>: 100% Nebbiolo <\/li>\n<li><b>Vintage<\/b>: 2021 <\/li>\n<li><b>Alcohol Content<\/b>: 14,5%<\/li>\n<li><b>Bottle Size<\/b>: 750 ml<\/li>\n<li><b>Production<\/b>: 9000 bottles<\/li>\n<\/ul>\n<p>Productive Notes: vinification in steel tanks with indigenous yeasts. Aged for 18 months in used barriques. <\/p>\n<p>Wine naturally contains solphites<\/p>\n","protected":false},"featured_media":32209,"comment_status":"closed","ping_status":"closed","template":"","meta":{"_acf_changed":false},"product_brand":[],"product_cat":[3127,3128,3129,3136,3131,3132,3133],"product_tag":[],"class_list":{"0":"post-32207","1":"product","2":"type-product","3":"status-publish","4":"has-post-thumbnail","6":"product_cat-red","7":"product_cat-italy","8":"product_cat-piedmont","9":"product_cat-barbaresco-piedmont","10":"product_cat-producers","11":"product_cat-italy-producers","12":"product_cat-piedmont-italy-producers","13":"product_shipping_class-standard-en","15":"first","16":"instock","17":"taxable","18":"shipping-taxable","19":"purchasable","20":"product-type-simple","22":"catalog-layout-default","23":"columns-xs-2"},"acf":[],"yoast_head":"<!-- This site is optimized with the Yoast SEO plugin v27.3 - https:\/\/yoast.com\/product\/yoast-seo-wordpress\/ -->\n<title>Sottimano - Barbaresco Basarin - 2021 - La vite Turchese<\/title>\n<meta name=\"description\" content=\"Sottimano - Barbaresco Basarin produced in 9000 bottles in the vineyard of the same name located in Neive, with 40-year-old plants and aging 18 months in barriques\" \/>\n<meta name=\"robots\" content=\"index, follow, max-snippet:-1, max-image-preview:large, max-video-preview:-1\" \/>\n<link rel=\"canonical\" href=\"https:\/\/laviteturchese.it\/en\/product\/sottimano-barbaresco-basarin-2020-copia\/\" \/>\n<meta property=\"og:locale\" content=\"en_US\" \/>\n<meta property=\"og:type\" content=\"article\" \/>\n<meta property=\"og:title\" content=\"Sottimano - Barbaresco Basarin - 2021 - La vite Turchese\" \/>\n<meta property=\"og:description\" content=\"Sottimano - Barbaresco Basarin produced in 9000 bottles in the vineyard of the same name located in Neive, with 40-year-old plants and aging 18 months in barriques\" \/>\n<meta property=\"og:url\" content=\"https:\/\/laviteturchese.it\/en\/product\/sottimano-barbaresco-basarin-2020-copia\/\" \/>\n<meta property=\"og:site_name\" content=\"La vite Turchese\" \/>\n<meta property=\"article:modified_time\" content=\"2024-12-21T17:55:58+00:00\" \/>\n<meta property=\"og:image\" content=\"https:\/\/laviteturchese.it\/wp-content\/uploads\/2024\/12\/Sottimano-Barbaresco-Basarin-2021.webp\" \/>\n\t<meta property=\"og:image:width\" content=\"1080\" \/>\n\t<meta property=\"og:image:height\" content=\"1920\" \/>\n\t<meta property=\"og:image:type\" content=\"image\/webp\" \/>\n<meta name=\"twitter:card\" content=\"summary_large_image\" \/>\n<meta name=\"twitter:label1\" content=\"Est. reading time\" \/>\n\t<meta name=\"twitter:data1\" content=\"2 minutes\" \/>\n<script type=\"application\/ld+json\" class=\"yoast-schema-graph\">{\"@context\":\"https:\\\/\\\/schema.org\",\"@graph\":[{\"@type\":\"WebPage\",\"@id\":\"https:\\\/\\\/laviteturchese.it\\\/en\\\/product\\\/sottimano-barbaresco-basarin-2020-copia\\\/\",\"url\":\"https:\\\/\\\/laviteturchese.it\\\/en\\\/product\\\/sottimano-barbaresco-basarin-2020-copia\\\/\",\"name\":\"Sottimano - Barbaresco Basarin - 2021 - La vite Turchese\",\"isPartOf\":{\"@id\":\"https:\\\/\\\/laviteturchese.it\\\/en\\\/#website\"},\"primaryImageOfPage\":{\"@id\":\"https:\\\/\\\/laviteturchese.it\\\/en\\\/product\\\/sottimano-barbaresco-basarin-2020-copia\\\/#primaryimage\"},\"image\":{\"@id\":\"https:\\\/\\\/laviteturchese.it\\\/en\\\/product\\\/sottimano-barbaresco-basarin-2020-copia\\\/#primaryimage\"},\"thumbnailUrl\":\"https:\\\/\\\/laviteturchese.it\\\/wp-content\\\/uploads\\\/2024\\\/12\\\/Sottimano-Barbaresco-Basarin-2021.webp\",\"datePublished\":\"2024-12-21T17:50:38+00:00\",\"dateModified\":\"2024-12-21T17:55:58+00:00\",\"description\":\"Sottimano - Barbaresco Basarin produced in 9000 bottles in the vineyard of the same name located in Neive, with 40-year-old plants and aging 18 months in barriques\",\"breadcrumb\":{\"@id\":\"https:\\\/\\\/laviteturchese.it\\\/en\\\/product\\\/sottimano-barbaresco-basarin-2020-copia\\\/#breadcrumb\"},\"inLanguage\":\"en-US\",\"potentialAction\":[{\"@type\":\"ReadAction\",\"target\":[\"https:\\\/\\\/laviteturchese.it\\\/en\\\/product\\\/sottimano-barbaresco-basarin-2020-copia\\\/\"]}]},{\"@type\":\"ImageObject\",\"inLanguage\":\"en-US\",\"@id\":\"https:\\\/\\\/laviteturchese.it\\\/en\\\/product\\\/sottimano-barbaresco-basarin-2020-copia\\\/#primaryimage\",\"url\":\"https:\\\/\\\/laviteturchese.it\\\/wp-content\\\/uploads\\\/2024\\\/12\\\/Sottimano-Barbaresco-Basarin-2021.webp\",\"contentUrl\":\"https:\\\/\\\/laviteturchese.it\\\/wp-content\\\/uploads\\\/2024\\\/12\\\/Sottimano-Barbaresco-Basarin-2021.webp\",\"width\":1080,\"height\":1920,\"caption\":\"Sottimano - Barbaresco Basarin produced in 9000 bottles in the vineyard of the same name located in Neive, with 40-year-old plants and aging 18 months in barriques\"},{\"@type\":\"BreadcrumbList\",\"@id\":\"https:\\\/\\\/laviteturchese.it\\\/en\\\/product\\\/sottimano-barbaresco-basarin-2020-copia\\\/#breadcrumb\",\"itemListElement\":[{\"@type\":\"ListItem\",\"position\":1,\"name\":\"Home\",\"item\":\"https:\\\/\\\/laviteturchese.it\\\/en\\\/\"},{\"@type\":\"ListItem\",\"position\":2,\"name\":\"Shop\",\"item\":\"https:\\\/\\\/laviteturchese.it\\\/en\\\/shop\\\/\"},{\"@type\":\"ListItem\",\"position\":3,\"name\":\"Sottimano &#8211; Barbaresco Basarin &#8211; 2021\"}]},{\"@type\":\"WebSite\",\"@id\":\"https:\\\/\\\/laviteturchese.it\\\/en\\\/#website\",\"url\":\"https:\\\/\\\/laviteturchese.it\\\/en\\\/\",\"name\":\"La vite Turchese\",\"description\":\"Vini &amp; Spuntini... a tutte le ore!\",\"publisher\":{\"@id\":\"https:\\\/\\\/laviteturchese.it\\\/en\\\/#organization\"},\"potentialAction\":[{\"@type\":\"SearchAction\",\"target\":{\"@type\":\"EntryPoint\",\"urlTemplate\":\"https:\\\/\\\/laviteturchese.it\\\/en\\\/?s={search_term_string}\"},\"query-input\":{\"@type\":\"PropertyValueSpecification\",\"valueRequired\":true,\"valueName\":\"search_term_string\"}}],\"inLanguage\":\"en-US\"},{\"@type\":\"Organization\",\"@id\":\"https:\\\/\\\/laviteturchese.it\\\/en\\\/#organization\",\"name\":\"La Vite Turchese Shop\",\"url\":\"https:\\\/\\\/laviteturchese.it\\\/en\\\/\",\"logo\":{\"@type\":\"ImageObject\",\"inLanguage\":\"en-US\",\"@id\":\"https:\\\/\\\/laviteturchese.it\\\/en\\\/#\\\/schema\\\/logo\\\/image\\\/\",\"url\":\"http:\\\/\\\/laviteturchese.it\\\/wp-content\\\/uploads\\\/2020\\\/05\\\/LVT_SHOP-1-1.png\",\"contentUrl\":\"http:\\\/\\\/laviteturchese.it\\\/wp-content\\\/uploads\\\/2020\\\/05\\\/LVT_SHOP-1-1.png\",\"width\":300,\"height\":277,\"caption\":\"La Vite Turchese Shop\"},\"image\":{\"@id\":\"https:\\\/\\\/laviteturchese.it\\\/en\\\/#\\\/schema\\\/logo\\\/image\\\/\"}}]}<\/script>\n<!-- \/ Yoast SEO plugin. -->","yoast_head_json":{"title":"Sottimano - Barbaresco Basarin - 2021 - La vite Turchese","description":"Sottimano - Barbaresco Basarin produced in 9000 bottles in the vineyard of the same name located in Neive, with 40-year-old plants and aging 18 months in barriques","robots":{"index":"index","follow":"follow","max-snippet":"max-snippet:-1","max-image-preview":"max-image-preview:large","max-video-preview":"max-video-preview:-1"},"canonical":"https:\/\/laviteturchese.it\/en\/product\/sottimano-barbaresco-basarin-2020-copia\/","og_locale":"en_US","og_type":"article","og_title":"Sottimano - Barbaresco Basarin - 2021 - La vite Turchese","og_description":"Sottimano - Barbaresco Basarin produced in 9000 bottles in the vineyard of the same name located in Neive, with 40-year-old plants and aging 18 months in barriques","og_url":"https:\/\/laviteturchese.it\/en\/product\/sottimano-barbaresco-basarin-2020-copia\/","og_site_name":"La vite Turchese","article_modified_time":"2024-12-21T17:55:58+00:00","og_image":[{"width":1080,"height":1920,"url":"https:\/\/laviteturchese.it\/wp-content\/uploads\/2024\/12\/Sottimano-Barbaresco-Basarin-2021.webp","type":"image\/webp"}],"twitter_card":"summary_large_image","twitter_misc":{"Est. reading time":"2 minutes"},"schema":{"@context":"https:\/\/schema.org","@graph":[{"@type":"WebPage","@id":"https:\/\/laviteturchese.it\/en\/product\/sottimano-barbaresco-basarin-2020-copia\/","url":"https:\/\/laviteturchese.it\/en\/product\/sottimano-barbaresco-basarin-2020-copia\/","name":"Sottimano - Barbaresco Basarin - 2021 - La vite Turchese","isPartOf":{"@id":"https:\/\/laviteturchese.it\/en\/#website"},"primaryImageOfPage":{"@id":"https:\/\/laviteturchese.it\/en\/product\/sottimano-barbaresco-basarin-2020-copia\/#primaryimage"},"image":{"@id":"https:\/\/laviteturchese.it\/en\/product\/sottimano-barbaresco-basarin-2020-copia\/#primaryimage"},"thumbnailUrl":"https:\/\/laviteturchese.it\/wp-content\/uploads\/2024\/12\/Sottimano-Barbaresco-Basarin-2021.webp","datePublished":"2024-12-21T17:50:38+00:00","dateModified":"2024-12-21T17:55:58+00:00","description":"Sottimano - Barbaresco Basarin produced in 9000 bottles in the vineyard of the same name located in Neive, with 40-year-old plants and aging 18 months in barriques","breadcrumb":{"@id":"https:\/\/laviteturchese.it\/en\/product\/sottimano-barbaresco-basarin-2020-copia\/#breadcrumb"},"inLanguage":"en-US","potentialAction":[{"@type":"ReadAction","target":["https:\/\/laviteturchese.it\/en\/product\/sottimano-barbaresco-basarin-2020-copia\/"]}]},{"@type":"ImageObject","inLanguage":"en-US","@id":"https:\/\/laviteturchese.it\/en\/product\/sottimano-barbaresco-basarin-2020-copia\/#primaryimage","url":"https:\/\/laviteturchese.it\/wp-content\/uploads\/2024\/12\/Sottimano-Barbaresco-Basarin-2021.webp","contentUrl":"https:\/\/laviteturchese.it\/wp-content\/uploads\/2024\/12\/Sottimano-Barbaresco-Basarin-2021.webp","width":1080,"height":1920,"caption":"Sottimano - Barbaresco Basarin produced in 9000 bottles in the vineyard of the same name located in Neive, with 40-year-old plants and aging 18 months in barriques"},{"@type":"BreadcrumbList","@id":"https:\/\/laviteturchese.it\/en\/product\/sottimano-barbaresco-basarin-2020-copia\/#breadcrumb","itemListElement":[{"@type":"ListItem","position":1,"name":"Home","item":"https:\/\/laviteturchese.it\/en\/"},{"@type":"ListItem","position":2,"name":"Shop","item":"https:\/\/laviteturchese.it\/en\/shop\/"},{"@type":"ListItem","position":3,"name":"Sottimano &#8211; Barbaresco Basarin &#8211; 2021"}]},{"@type":"WebSite","@id":"https:\/\/laviteturchese.it\/en\/#website","url":"https:\/\/laviteturchese.it\/en\/","name":"La vite Turchese","description":"Vini &amp; Spuntini... a tutte le ore!","publisher":{"@id":"https:\/\/laviteturchese.it\/en\/#organization"},"potentialAction":[{"@type":"SearchAction","target":{"@type":"EntryPoint","urlTemplate":"https:\/\/laviteturchese.it\/en\/?s={search_term_string}"},"query-input":{"@type":"PropertyValueSpecification","valueRequired":true,"valueName":"search_term_string"}}],"inLanguage":"en-US"},{"@type":"Organization","@id":"https:\/\/laviteturchese.it\/en\/#organization","name":"La Vite Turchese Shop","url":"https:\/\/laviteturchese.it\/en\/","logo":{"@type":"ImageObject","inLanguage":"en-US","@id":"https:\/\/laviteturchese.it\/en\/#\/schema\/logo\/image\/","url":"http:\/\/laviteturchese.it\/wp-content\/uploads\/2020\/05\/LVT_SHOP-1-1.png","contentUrl":"http:\/\/laviteturchese.it\/wp-content\/uploads\/2020\/05\/LVT_SHOP-1-1.png","width":300,"height":277,"caption":"La Vite Turchese Shop"},"image":{"@id":"https:\/\/laviteturchese.it\/en\/#\/schema\/logo\/image\/"}}]}},"_links":{"self":[{"href":"https:\/\/laviteturchese.it\/en\/wp-json\/wp\/v2\/product\/32207","targetHints":{"allow":["GET"]}}],"collection":[{"href":"https:\/\/laviteturchese.it\/en\/wp-json\/wp\/v2\/product"}],"about":[{"href":"https:\/\/laviteturchese.it\/en\/wp-json\/wp\/v2\/types\/product"}],"replies":[{"embeddable":true,"href":"https:\/\/laviteturchese.it\/en\/wp-json\/wp\/v2\/comments?post=32207"}],"wp:featuredmedia":[{"embeddable":true,"href":"https:\/\/laviteturchese.it\/en\/wp-json\/wp\/v2\/media\/32209"}],"wp:attachment":[{"href":"https:\/\/laviteturchese.it\/en\/wp-json\/wp\/v2\/media?parent=32207"}],"wp:term":[{"taxonomy":"product_brand","embeddable":true,"href":"https:\/\/laviteturchese.it\/en\/wp-json\/wp\/v2\/product_brand?post=32207"},{"taxonomy":"product_cat","embeddable":true,"href":"https:\/\/laviteturchese.it\/en\/wp-json\/wp\/v2\/product_cat?post=32207"},{"taxonomy":"product_tag","embeddable":true,"href":"https:\/\/laviteturchese.it\/en\/wp-json\/wp\/v2\/product_tag?post=32207"}],"curies":[{"name":"wp","href":"https:\/\/api.w.org\/{rel}","templated":true}]}}