{"id":29168,"date":"2023-05-18T15:02:29","date_gmt":"2023-05-18T13:02:29","guid":{"rendered":"https:\/\/laviteturchese.it\/prodotto\/villa-bucci-castelli-di-jesi-verdicchio-riserva-2018\/"},"modified":"2024-01-15T19:39:54","modified_gmt":"2024-01-15T18:39:54","slug":"villa-bucci-castelli-di-jesi-verdicchio-riserva-2018","status":"publish","type":"product","link":"https:\/\/laviteturchese.it\/en\/product\/villa-bucci-castelli-di-jesi-verdicchio-riserva-2018\/","title":{"rendered":"Villa Bucci \u2013 Castelli di Jesi Verdicchio Riserva \u2013 2018"},"content":{"rendered":"<p>In ogni uva, in ogni vino importante troviamo sempre quella storia, quella figura che lo ha reso tale, nel caso del Verdicchio lo \u00e8 stato Ampelio Bucci che potremmo definire come il \u201cPap\u00e0\u201d di questo vitigno o comunque colui che lo ha valorizzato e fatto conoscere al mondo. La famiglia Bucci coltiva l\u2019uva fin dal 1700 nella zona dei Castelli di Jesi, solo nel 1983 viene fondata l\u2019azienda Villa Bucci a Ostra Vetere vicino Ancona per volere di Ampelio il quale decise coraggiosamente di rivoluzionare la viticoltura marchigiana. Cap\u00ec l\u2019importanza e il potenziale del Verdicchio, dopo viaggi ed esperienze in Borgogna si convinse a dare al vino una nuova impronta introducendo il legno nell\u2019affinamento fino a quel momento mai usato. Infatti fu cos\u00ec che seguendo gli insegnamenti francesi acquist\u00f2 una parcella di vecchi filari convinto della qualit\u00e0 maggiore dei grappoli a seconda dell\u2019et\u00e0 della pianta in uno specifico terroir effettuando una selezione dei cloni migliori assieme al suo enologo Giorgio Grai da piantare nuovamente e produrre le prime bottiglie. Un successo indiscusso fin da subito che miglior\u00f2 negli anni curando la propriet\u00e0, oggi con 31 ettari vitati si coltivano oltre al Verdicchio anche Montepulciano e Sangiovese applicando pratiche agronomiche naturali, non invasive e di sostentamento ambientale preservando boschi, flora e fauna che fece ottenere la certificazione biologica. Nella cantina costruita nel 1930 c\u2019\u00e8 poco interventismo, si usano vasche d\u2019acciaio nelle vinificazioni con lieviti indigeni e botti grandi secolari mai sostituiti per gli invecchiamenti in modo da preservare l\u2019essenza del vino stesso. Il perfezionamento non si \u00e8 mai fermato dentro quelle mura dove ogni annata che si \u00e8 susseguita racconta un nuova storia relazionata al passato di un vino bianco italiano tra i pi\u00f9 acclamati nel mondo.<\/p>\n","protected":false},"excerpt":{"rendered":"<p>Considerato da molti tra i bianchi migliori al mondo, il Verdicchio  Riserva di Villa Bucci \u00e8 la massima espressione di quest\u2019uva non solo per la sua complessit\u00e0 e autenticit\u00e0 ma anche per l\u2019incredibile longevit\u00e0 di cui \u00e8 dotato. Viene prodotto in annate ritenute iconiche dove le uve provengono dalla prima vigna acquistata a Montecarotto, le piante di 60 anni dalle basse rese sono tenute perfettamente sane con periodici controlli su un terroir argilloso e calcareo ben ventilato ad un\u2019altezza di 350 metri. Grappoli scelti accuratamente che vengono vinificati spontaneamente con l\u2019ausilio di lieviti indigeni in vasche d\u2019acciaio, in seguito si effettua un affinamento per 18 mesi in botti grandi strausate di Slavonia (oltre 80 anni!) le quali consentono una micro-ossigenazione naturale che assieme a residui di feccia delle precedenti annate conferiscono al vino quel tocco inimitabile ampliato da un successivo riposo in bottiglia di almeno 12 mesi. Un elisir di rara bellezza da bere in quelle Perfette occasioni, i profumi sono molto articolati con note di miele e nocciola assieme a spezie varie e pietra focaia, al palato \u00e8 sontuoso ed armonico, possiede una raffinata struttura oltre ad un equilibrio spettacolare che rimane invariato col passare dei minuti. Fuori categoria. <\/p>\n<ul>\n<li><b>Produttore<\/b>: Villa Bucci <\/li>\n<li><b>Nome<\/b>: Castelli di Jesi Verdicchio Riserva<\/li>\n<li><b>Vitigno<\/b>: 100% Verdicchio <\/li>\n<li><b>Anno<\/b>: 2018 <\/li>\n<li><b>Gradazione<\/b>: 13,5%<\/li>\n<li><b>Formato<\/b>: 750 ml<\/li>\n<li><b>Produzione<\/b>:  <\/li>\n<\/ul>\n<p>Note Produttive: vinificazione in vasca di acciaio. Affinamento in botti di rovere di circa 80 anni per 18 mesi, pi\u00f9 12 mesi in bottiglia.<\/p>\n<p>Il vino contiene naturalmente solfiti<\/p>\n","protected":false},"featured_media":29165,"comment_status":"closed","ping_status":"closed","template":"","meta":{"_acf_changed":false},"product_brand":[],"product_cat":[5697,5694,3157,3165,3131,3132],"product_tag":[],"class_list":{"0":"post-29168","1":"product","2":"type-product","3":"status-publish","4":"has-post-thumbnail","6":"product_cat-marche-white","7":"product_cat-marche-wineries","8":"product_cat-white","9":"product_cat-italy-white","10":"product_cat-producers","11":"product_cat-italy-producers","12":"product_shipping_class-standard-en","14":"first","15":"instock","16":"taxable","17":"shipping-taxable","18":"purchasable","19":"product-type-simple","21":"catalog-layout-default","22":"columns-xs-2"},"acf":[],"yoast_head":"<!-- This site is optimized with the Yoast SEO plugin v27.3 - https:\/\/yoast.com\/product\/yoast-seo-wordpress\/ -->\n<title>Villa Bucci \u2013 Castelli di Jesi Verdicchio Riserva \u2013 2018 - La vite Turchese<\/title>\n<meta name=\"description\" content=\"Villa Bucci \u2013 Castelli di Jesi Verdicchio Riserva rappresenta la massima espressione del vitigno Verdicchio marchigiano, invecchiato per 18 mesi in botte.\" \/>\n<meta name=\"robots\" content=\"index, follow, max-snippet:-1, max-image-preview:large, max-video-preview:-1\" \/>\n<link rel=\"canonical\" href=\"https:\/\/laviteturchese.it\/en\/product\/villa-bucci-castelli-di-jesi-verdicchio-riserva-2018\/\" \/>\n<meta property=\"og:locale\" content=\"en_US\" \/>\n<meta property=\"og:type\" content=\"article\" \/>\n<meta property=\"og:title\" content=\"Villa Bucci \u2013 Castelli di Jesi Verdicchio Riserva \u2013 2018 - La vite Turchese\" \/>\n<meta property=\"og:description\" content=\"Villa Bucci \u2013 Castelli di Jesi Verdicchio Riserva rappresenta la massima espressione del vitigno Verdicchio marchigiano, invecchiato per 18 mesi in botte.\" \/>\n<meta property=\"og:url\" content=\"https:\/\/laviteturchese.it\/en\/product\/villa-bucci-castelli-di-jesi-verdicchio-riserva-2018\/\" \/>\n<meta property=\"og:site_name\" content=\"La vite Turchese\" \/>\n<meta property=\"article:modified_time\" content=\"2024-01-15T18:39:54+00:00\" \/>\n<meta property=\"og:image\" content=\"https:\/\/laviteturchese.it\/wp-content\/uploads\/2023\/05\/Villa-Bucci-\u2013-Castelli-di-Jesi-Verdicchio-Riserva-\u2013-2018.jpg\" \/>\n\t<meta property=\"og:image:width\" content=\"1125\" \/>\n\t<meta property=\"og:image:height\" content=\"2000\" \/>\n\t<meta property=\"og:image:type\" content=\"image\/jpeg\" \/>\n<meta name=\"twitter:card\" content=\"summary_large_image\" \/>\n<meta name=\"twitter:label1\" content=\"Est. reading time\" \/>\n\t<meta name=\"twitter:data1\" content=\"1 minute\" \/>\n<script type=\"application\/ld+json\" class=\"yoast-schema-graph\">{\"@context\":\"https:\\\/\\\/schema.org\",\"@graph\":[{\"@type\":\"WebPage\",\"@id\":\"https:\\\/\\\/laviteturchese.it\\\/en\\\/product\\\/villa-bucci-castelli-di-jesi-verdicchio-riserva-2018\\\/\",\"url\":\"https:\\\/\\\/laviteturchese.it\\\/en\\\/product\\\/villa-bucci-castelli-di-jesi-verdicchio-riserva-2018\\\/\",\"name\":\"Villa Bucci \u2013 Castelli di Jesi Verdicchio Riserva \u2013 2018 - La vite Turchese\",\"isPartOf\":{\"@id\":\"https:\\\/\\\/laviteturchese.it\\\/en\\\/#website\"},\"primaryImageOfPage\":{\"@id\":\"https:\\\/\\\/laviteturchese.it\\\/en\\\/product\\\/villa-bucci-castelli-di-jesi-verdicchio-riserva-2018\\\/#primaryimage\"},\"image\":{\"@id\":\"https:\\\/\\\/laviteturchese.it\\\/en\\\/product\\\/villa-bucci-castelli-di-jesi-verdicchio-riserva-2018\\\/#primaryimage\"},\"thumbnailUrl\":\"https:\\\/\\\/laviteturchese.it\\\/wp-content\\\/uploads\\\/2023\\\/05\\\/Villa-Bucci-\u2013-Castelli-di-Jesi-Verdicchio-Riserva-\u2013-2018.jpg\",\"datePublished\":\"2023-05-18T13:02:29+00:00\",\"dateModified\":\"2024-01-15T18:39:54+00:00\",\"description\":\"Villa Bucci \u2013 Castelli di Jesi Verdicchio Riserva rappresenta la massima espressione del vitigno Verdicchio marchigiano, invecchiato per 18 mesi in botte.\",\"breadcrumb\":{\"@id\":\"https:\\\/\\\/laviteturchese.it\\\/en\\\/product\\\/villa-bucci-castelli-di-jesi-verdicchio-riserva-2018\\\/#breadcrumb\"},\"inLanguage\":\"en-US\",\"potentialAction\":[{\"@type\":\"ReadAction\",\"target\":[\"https:\\\/\\\/laviteturchese.it\\\/en\\\/product\\\/villa-bucci-castelli-di-jesi-verdicchio-riserva-2018\\\/\"]}]},{\"@type\":\"ImageObject\",\"inLanguage\":\"en-US\",\"@id\":\"https:\\\/\\\/laviteturchese.it\\\/en\\\/product\\\/villa-bucci-castelli-di-jesi-verdicchio-riserva-2018\\\/#primaryimage\",\"url\":\"https:\\\/\\\/laviteturchese.it\\\/wp-content\\\/uploads\\\/2023\\\/05\\\/Villa-Bucci-\u2013-Castelli-di-Jesi-Verdicchio-Riserva-\u2013-2018.jpg\",\"contentUrl\":\"https:\\\/\\\/laviteturchese.it\\\/wp-content\\\/uploads\\\/2023\\\/05\\\/Villa-Bucci-\u2013-Castelli-di-Jesi-Verdicchio-Riserva-\u2013-2018.jpg\",\"width\":1125,\"height\":2000,\"caption\":\"Villa Bucci \u2013 Castelli di Jesi Verdicchio Riserva rappresenta la massima espressione del vitigno Verdicchio marchigiano, invecchiato per 18 mesi in botte.\"},{\"@type\":\"BreadcrumbList\",\"@id\":\"https:\\\/\\\/laviteturchese.it\\\/en\\\/product\\\/villa-bucci-castelli-di-jesi-verdicchio-riserva-2018\\\/#breadcrumb\",\"itemListElement\":[{\"@type\":\"ListItem\",\"position\":1,\"name\":\"Home\",\"item\":\"https:\\\/\\\/laviteturchese.it\\\/en\\\/\"},{\"@type\":\"ListItem\",\"position\":2,\"name\":\"Shop\",\"item\":\"https:\\\/\\\/laviteturchese.it\\\/en\\\/shop\\\/\"},{\"@type\":\"ListItem\",\"position\":3,\"name\":\"Villa Bucci \u2013 Castelli di Jesi Verdicchio Riserva \u2013 2018\"}]},{\"@type\":\"WebSite\",\"@id\":\"https:\\\/\\\/laviteturchese.it\\\/en\\\/#website\",\"url\":\"https:\\\/\\\/laviteturchese.it\\\/en\\\/\",\"name\":\"La vite Turchese\",\"description\":\"Vini &amp; Spuntini... a tutte le ore!\",\"publisher\":{\"@id\":\"https:\\\/\\\/laviteturchese.it\\\/en\\\/#organization\"},\"potentialAction\":[{\"@type\":\"SearchAction\",\"target\":{\"@type\":\"EntryPoint\",\"urlTemplate\":\"https:\\\/\\\/laviteturchese.it\\\/en\\\/?s={search_term_string}\"},\"query-input\":{\"@type\":\"PropertyValueSpecification\",\"valueRequired\":true,\"valueName\":\"search_term_string\"}}],\"inLanguage\":\"en-US\"},{\"@type\":\"Organization\",\"@id\":\"https:\\\/\\\/laviteturchese.it\\\/en\\\/#organization\",\"name\":\"La Vite Turchese Shop\",\"url\":\"https:\\\/\\\/laviteturchese.it\\\/en\\\/\",\"logo\":{\"@type\":\"ImageObject\",\"inLanguage\":\"en-US\",\"@id\":\"https:\\\/\\\/laviteturchese.it\\\/en\\\/#\\\/schema\\\/logo\\\/image\\\/\",\"url\":\"http:\\\/\\\/laviteturchese.it\\\/wp-content\\\/uploads\\\/2020\\\/05\\\/LVT_SHOP-1-1.png\",\"contentUrl\":\"http:\\\/\\\/laviteturchese.it\\\/wp-content\\\/uploads\\\/2020\\\/05\\\/LVT_SHOP-1-1.png\",\"width\":300,\"height\":277,\"caption\":\"La Vite Turchese Shop\"},\"image\":{\"@id\":\"https:\\\/\\\/laviteturchese.it\\\/en\\\/#\\\/schema\\\/logo\\\/image\\\/\"}}]}<\/script>\n<!-- \/ Yoast SEO plugin. -->","yoast_head_json":{"title":"Villa Bucci \u2013 Castelli di Jesi Verdicchio Riserva \u2013 2018 - La vite Turchese","description":"Villa Bucci \u2013 Castelli di Jesi Verdicchio Riserva rappresenta la massima espressione del vitigno Verdicchio marchigiano, invecchiato per 18 mesi in botte.","robots":{"index":"index","follow":"follow","max-snippet":"max-snippet:-1","max-image-preview":"max-image-preview:large","max-video-preview":"max-video-preview:-1"},"canonical":"https:\/\/laviteturchese.it\/en\/product\/villa-bucci-castelli-di-jesi-verdicchio-riserva-2018\/","og_locale":"en_US","og_type":"article","og_title":"Villa Bucci \u2013 Castelli di Jesi Verdicchio Riserva \u2013 2018 - La vite Turchese","og_description":"Villa Bucci \u2013 Castelli di Jesi Verdicchio Riserva rappresenta la massima espressione del vitigno Verdicchio marchigiano, invecchiato per 18 mesi in botte.","og_url":"https:\/\/laviteturchese.it\/en\/product\/villa-bucci-castelli-di-jesi-verdicchio-riserva-2018\/","og_site_name":"La vite Turchese","article_modified_time":"2024-01-15T18:39:54+00:00","og_image":[{"width":1125,"height":2000,"url":"https:\/\/laviteturchese.it\/wp-content\/uploads\/2023\/05\/Villa-Bucci-\u2013-Castelli-di-Jesi-Verdicchio-Riserva-\u2013-2018.jpg","type":"image\/jpeg"}],"twitter_card":"summary_large_image","twitter_misc":{"Est. reading time":"1 minute"},"schema":{"@context":"https:\/\/schema.org","@graph":[{"@type":"WebPage","@id":"https:\/\/laviteturchese.it\/en\/product\/villa-bucci-castelli-di-jesi-verdicchio-riserva-2018\/","url":"https:\/\/laviteturchese.it\/en\/product\/villa-bucci-castelli-di-jesi-verdicchio-riserva-2018\/","name":"Villa Bucci \u2013 Castelli di Jesi Verdicchio Riserva \u2013 2018 - La vite Turchese","isPartOf":{"@id":"https:\/\/laviteturchese.it\/en\/#website"},"primaryImageOfPage":{"@id":"https:\/\/laviteturchese.it\/en\/product\/villa-bucci-castelli-di-jesi-verdicchio-riserva-2018\/#primaryimage"},"image":{"@id":"https:\/\/laviteturchese.it\/en\/product\/villa-bucci-castelli-di-jesi-verdicchio-riserva-2018\/#primaryimage"},"thumbnailUrl":"https:\/\/laviteturchese.it\/wp-content\/uploads\/2023\/05\/Villa-Bucci-\u2013-Castelli-di-Jesi-Verdicchio-Riserva-\u2013-2018.jpg","datePublished":"2023-05-18T13:02:29+00:00","dateModified":"2024-01-15T18:39:54+00:00","description":"Villa Bucci \u2013 Castelli di Jesi Verdicchio Riserva rappresenta la massima espressione del vitigno Verdicchio marchigiano, invecchiato per 18 mesi in botte.","breadcrumb":{"@id":"https:\/\/laviteturchese.it\/en\/product\/villa-bucci-castelli-di-jesi-verdicchio-riserva-2018\/#breadcrumb"},"inLanguage":"en-US","potentialAction":[{"@type":"ReadAction","target":["https:\/\/laviteturchese.it\/en\/product\/villa-bucci-castelli-di-jesi-verdicchio-riserva-2018\/"]}]},{"@type":"ImageObject","inLanguage":"en-US","@id":"https:\/\/laviteturchese.it\/en\/product\/villa-bucci-castelli-di-jesi-verdicchio-riserva-2018\/#primaryimage","url":"https:\/\/laviteturchese.it\/wp-content\/uploads\/2023\/05\/Villa-Bucci-\u2013-Castelli-di-Jesi-Verdicchio-Riserva-\u2013-2018.jpg","contentUrl":"https:\/\/laviteturchese.it\/wp-content\/uploads\/2023\/05\/Villa-Bucci-\u2013-Castelli-di-Jesi-Verdicchio-Riserva-\u2013-2018.jpg","width":1125,"height":2000,"caption":"Villa Bucci \u2013 Castelli di Jesi Verdicchio Riserva rappresenta la massima espressione del vitigno Verdicchio marchigiano, invecchiato per 18 mesi in botte."},{"@type":"BreadcrumbList","@id":"https:\/\/laviteturchese.it\/en\/product\/villa-bucci-castelli-di-jesi-verdicchio-riserva-2018\/#breadcrumb","itemListElement":[{"@type":"ListItem","position":1,"name":"Home","item":"https:\/\/laviteturchese.it\/en\/"},{"@type":"ListItem","position":2,"name":"Shop","item":"https:\/\/laviteturchese.it\/en\/shop\/"},{"@type":"ListItem","position":3,"name":"Villa Bucci \u2013 Castelli di Jesi Verdicchio Riserva \u2013 2018"}]},{"@type":"WebSite","@id":"https:\/\/laviteturchese.it\/en\/#website","url":"https:\/\/laviteturchese.it\/en\/","name":"La vite Turchese","description":"Vini &amp; Spuntini... a tutte le ore!","publisher":{"@id":"https:\/\/laviteturchese.it\/en\/#organization"},"potentialAction":[{"@type":"SearchAction","target":{"@type":"EntryPoint","urlTemplate":"https:\/\/laviteturchese.it\/en\/?s={search_term_string}"},"query-input":{"@type":"PropertyValueSpecification","valueRequired":true,"valueName":"search_term_string"}}],"inLanguage":"en-US"},{"@type":"Organization","@id":"https:\/\/laviteturchese.it\/en\/#organization","name":"La Vite Turchese Shop","url":"https:\/\/laviteturchese.it\/en\/","logo":{"@type":"ImageObject","inLanguage":"en-US","@id":"https:\/\/laviteturchese.it\/en\/#\/schema\/logo\/image\/","url":"http:\/\/laviteturchese.it\/wp-content\/uploads\/2020\/05\/LVT_SHOP-1-1.png","contentUrl":"http:\/\/laviteturchese.it\/wp-content\/uploads\/2020\/05\/LVT_SHOP-1-1.png","width":300,"height":277,"caption":"La Vite Turchese Shop"},"image":{"@id":"https:\/\/laviteturchese.it\/en\/#\/schema\/logo\/image\/"}}]}},"_links":{"self":[{"href":"https:\/\/laviteturchese.it\/en\/wp-json\/wp\/v2\/product\/29168","targetHints":{"allow":["GET"]}}],"collection":[{"href":"https:\/\/laviteturchese.it\/en\/wp-json\/wp\/v2\/product"}],"about":[{"href":"https:\/\/laviteturchese.it\/en\/wp-json\/wp\/v2\/types\/product"}],"replies":[{"embeddable":true,"href":"https:\/\/laviteturchese.it\/en\/wp-json\/wp\/v2\/comments?post=29168"}],"wp:featuredmedia":[{"embeddable":true,"href":"https:\/\/laviteturchese.it\/en\/wp-json\/wp\/v2\/media\/29165"}],"wp:attachment":[{"href":"https:\/\/laviteturchese.it\/en\/wp-json\/wp\/v2\/media?parent=29168"}],"wp:term":[{"taxonomy":"product_brand","embeddable":true,"href":"https:\/\/laviteturchese.it\/en\/wp-json\/wp\/v2\/product_brand?post=29168"},{"taxonomy":"product_cat","embeddable":true,"href":"https:\/\/laviteturchese.it\/en\/wp-json\/wp\/v2\/product_cat?post=29168"},{"taxonomy":"product_tag","embeddable":true,"href":"https:\/\/laviteturchese.it\/en\/wp-json\/wp\/v2\/product_tag?post=29168"}],"curies":[{"name":"wp","href":"https:\/\/api.w.org\/{rel}","templated":true}]}}