{"id":28673,"date":"2023-03-31T18:42:38","date_gmt":"2023-03-31T16:42:38","guid":{"rendered":"https:\/\/laviteturchese.it\/prodotto\/chandon-de-briailles-savigny-les-beaune-premier-cru-les-lavieres-2018\/"},"modified":"2024-01-15T19:39:29","modified_gmt":"2024-01-15T18:39:29","slug":"chandon-de-briailles-savigny-les-beaune-premier-cru-les-lavieres-2018","status":"publish","type":"product","link":"https:\/\/laviteturchese.it\/en\/product\/chandon-de-briailles-savigny-les-beaune-premier-cru-les-lavieres-2018\/","title":{"rendered":"Chandon de Briailles &#8211; Savigny Les Beaune Premier Cru Les Lavi\u00e8res &#8211; 2018"},"content":{"rendered":"<p>La Borgogna risulta essere la patria di grandi bianchi e rossi, soprattutto nella Cote d\u2019Or, l\u2019area in cui il Pinot Noir e lo Chardonnay traggono la massima espressione mondiale, la zona in cui risiedono i pi\u00f9 prestigiosi Cru con risultati differenti da parcella a parcella. L\u2019azienda Chandon de Briailles si trova a Savigny l\u00e8s Beaune, nella C\u00f4te de Beaune dal 1834, porta il nome della contessa che fond\u00f2 il Domaine imparentata a sua volta con la casata di Moet et Chandon, che decise di dar inizio alla coltivazione della vite nei propri possedimenti. Si sono susseguite otto generazioni nei decenni fino al 1982 quando prese la guida la discendente Nadine de Nicolay che imbottiglia per la prima volta e fece un cambiamento drastico nel trattamento dei terreni abbandonando l\u2019uso di prodotti chimici. Dal 2001 l\u2019azienda \u00e8 gestita dai figli Claude e Francois de Nicolay (il primo gestiva un laboratorio di vino e il secondo un&#8217;enoteca a Parigi) ma quest\u2019ultimo dopo un incontro con la famiglia Leflaive cap\u00ec l\u2019importanza di lavorare in biodinamica per mantenere una vigna e ottenere un vino salutare con le caratteristiche originali. L\u2019intera filosofia \u00e8 fondata nel massimo rispetto ambientale con certificazioni multiple, un\u2019impronta che ha valorizzato le loro pi\u00f9 rinomate parcelle Premier e Grand Cru (Les Lavieres, Clos du Roi, Mar\u00e9chaudes) distribuite in alcune famose AOC come Pernand-Vergelesses, Aloxe-Corton e lo stesso Savigny les Beaune per un totale di 13,5 ettari vitati a Pinot Noir e Chardonnay. Precisi nei lavori nei vigneti con solo cavalli da traino, vendemmie parcellari programmate per differenti condizioni climatiche e selezione meticolosa dei grappoli, in cantina si prediligono vasche di legno con fermentazioni spontanee controllate usando l\u2019intero grappolo, gli affinamenti eseguiti in botti piccole e assenza di filtrazione e chiarifica prima di imbottigliare. Grande esempio nel mondo dei Vin naturelle.    <\/p>\n","protected":false},"excerpt":{"rendered":"<p> Les Lavieres \u00e8 molto rinomata come parcella, si tratta dell\u2019appezzamento pi\u00f9 famoso di Savigny les Beaune, un vigneto Premier Cru molto esteso come dimensioni ma diverso a seconda delle zone nei suoli, clima ed esposizione dove i vini traggono una spinta elitaria nei profumi e gusto. I possedimenti vitati qui sono di 2,61 ettari nella zona pi\u00f9 pregiata in ottima esposizione sud\/sud-est con vigne vecchie piantate nel 1954 in terreni ricchi di strati calcarei. Si effettua una selezione delle migliori uve, vinificazioni a grappolo intero in tini di legno per diversi giorni in modo spontaneo con l\u2019aiuto di follature e rimontaggi, l&#8217;affinamento viene fatto in barrique per 18-24 mesi e imbottigliato con poca aggiunta di solforosa. Un Pinot Noir dalla raggiante eleganza nobile, si percepiscono note di frutta estiva e fiori che mutano in sentori di spezia, in bocca \u00e8 splendido con buona struttura per merito di acidit\u00e0 e tannini, nel finale si ritrova una buona mineralit\u00e0 e persistenza. <\/p>\n<ul>\n<li><b>Produttore<\/b>: Chandon de Briailles<\/li>\n<li><b>Nome<\/b>: Savigny Les Beaune Premier Cru Les Lavi\u00e8res  <\/li>\n<li><b>Vitigno<\/b>: 100% Pinot Nero <\/li>\n<li><b>Anno<\/b>: 2018 <\/li>\n<li><b>Gradazione<\/b>: 12,5%<\/li>\n<li><b>Formato<\/b>: 750 ml<\/li>\n<li><b>Produzione<\/b>: <\/li>\n<\/ul>\n<p>Note Produttive: vinificazione a grappolo intero in tini aperti. Affinamento in barrique per 18-24 mesi.<\/p>\n<p>Il vino contiene naturalmente solfiti<\/p>\n","protected":false},"featured_media":28672,"comment_status":"closed","ping_status":"closed","template":"","meta":{"_acf_changed":false},"product_brand":[],"product_cat":[3602,3601,3127,3153,3131,3155,3173],"product_tag":[],"class_list":{"0":"post-28673","1":"product","2":"type-product","3":"status-publish","4":"has-post-thumbnail","6":"product_cat-burgundy-france-europe","7":"product_cat-france-europe","8":"product_cat-red","9":"product_cat-europe","10":"product_cat-producers","11":"product_cat-europe-producers","12":"product_cat-france-europe-producers","13":"product_shipping_class-standard-en","15":"first","16":"instock","17":"taxable","18":"shipping-taxable","19":"purchasable","20":"product-type-simple","22":"catalog-layout-default","23":"columns-xs-2"},"acf":[],"yoast_head":"<!-- This site is optimized with the Yoast SEO plugin v27.4 - https:\/\/yoast.com\/product\/yoast-seo-wordpress\/ -->\n<title>Chandon de Briailles - Savigny Les Beaune Premier Cru Les Lavi\u00e8res - 2018 - La vite Turchese<\/title>\n<meta name=\"description\" content=\"Chandon de Briailles - Savigny Les Beaune Premier Cru Les Lavi\u00e8res produced with plants from 1954, aged for 24 months in barrique.\" \/>\n<meta name=\"robots\" content=\"index, follow, max-snippet:-1, max-image-preview:large, max-video-preview:-1\" \/>\n<link rel=\"canonical\" href=\"https:\/\/laviteturchese.it\/en\/product\/chandon-de-briailles-savigny-les-beaune-premier-cru-les-lavieres-2018\/\" \/>\n<meta property=\"og:locale\" content=\"en_US\" \/>\n<meta property=\"og:type\" content=\"article\" \/>\n<meta property=\"og:title\" content=\"Chandon de Briailles - Savigny Les Beaune Premier Cru Les Lavi\u00e8res - 2018 - La vite Turchese\" \/>\n<meta property=\"og:description\" content=\"Chandon de Briailles - Savigny Les Beaune Premier Cru Les Lavi\u00e8res produced with plants from 1954, aged for 24 months in barrique.\" \/>\n<meta property=\"og:url\" content=\"https:\/\/laviteturchese.it\/en\/product\/chandon-de-briailles-savigny-les-beaune-premier-cru-les-lavieres-2018\/\" \/>\n<meta property=\"og:site_name\" content=\"La vite Turchese\" \/>\n<meta property=\"article:modified_time\" content=\"2024-01-15T18:39:29+00:00\" \/>\n<meta property=\"og:image\" content=\"https:\/\/laviteturchese.it\/wp-content\/uploads\/2023\/03\/Chandon-de-Briailles-Savigny-Les-Beaune-Premier-Cru-Les-Lavieres-2018.jpg\" \/>\n\t<meta property=\"og:image:width\" content=\"1125\" \/>\n\t<meta property=\"og:image:height\" content=\"2000\" \/>\n\t<meta property=\"og:image:type\" content=\"image\/jpeg\" \/>\n<meta name=\"twitter:card\" content=\"summary_large_image\" \/>\n<meta name=\"twitter:label1\" content=\"Est. reading time\" \/>\n\t<meta name=\"twitter:data1\" content=\"2 minutes\" \/>\n<script type=\"application\/ld+json\" class=\"yoast-schema-graph\">{\"@context\":\"https:\\\/\\\/schema.org\",\"@graph\":[{\"@type\":\"WebPage\",\"@id\":\"https:\\\/\\\/laviteturchese.it\\\/en\\\/product\\\/chandon-de-briailles-savigny-les-beaune-premier-cru-les-lavieres-2018\\\/\",\"url\":\"https:\\\/\\\/laviteturchese.it\\\/en\\\/product\\\/chandon-de-briailles-savigny-les-beaune-premier-cru-les-lavieres-2018\\\/\",\"name\":\"Chandon de Briailles - Savigny Les Beaune Premier Cru Les Lavi\u00e8res - 2018 - La vite Turchese\",\"isPartOf\":{\"@id\":\"https:\\\/\\\/laviteturchese.it\\\/en\\\/#website\"},\"primaryImageOfPage\":{\"@id\":\"https:\\\/\\\/laviteturchese.it\\\/en\\\/product\\\/chandon-de-briailles-savigny-les-beaune-premier-cru-les-lavieres-2018\\\/#primaryimage\"},\"image\":{\"@id\":\"https:\\\/\\\/laviteturchese.it\\\/en\\\/product\\\/chandon-de-briailles-savigny-les-beaune-premier-cru-les-lavieres-2018\\\/#primaryimage\"},\"thumbnailUrl\":\"https:\\\/\\\/laviteturchese.it\\\/wp-content\\\/uploads\\\/2023\\\/03\\\/Chandon-de-Briailles-Savigny-Les-Beaune-Premier-Cru-Les-Lavieres-2018.jpg\",\"datePublished\":\"2023-03-31T16:42:38+00:00\",\"dateModified\":\"2024-01-15T18:39:29+00:00\",\"description\":\"Chandon de Briailles - Savigny Les Beaune Premier Cru Les Lavi\u00e8res produced with plants from 1954, aged for 24 months in barrique.\",\"breadcrumb\":{\"@id\":\"https:\\\/\\\/laviteturchese.it\\\/en\\\/product\\\/chandon-de-briailles-savigny-les-beaune-premier-cru-les-lavieres-2018\\\/#breadcrumb\"},\"inLanguage\":\"en-US\",\"potentialAction\":[{\"@type\":\"ReadAction\",\"target\":[\"https:\\\/\\\/laviteturchese.it\\\/en\\\/product\\\/chandon-de-briailles-savigny-les-beaune-premier-cru-les-lavieres-2018\\\/\"]}]},{\"@type\":\"ImageObject\",\"inLanguage\":\"en-US\",\"@id\":\"https:\\\/\\\/laviteturchese.it\\\/en\\\/product\\\/chandon-de-briailles-savigny-les-beaune-premier-cru-les-lavieres-2018\\\/#primaryimage\",\"url\":\"https:\\\/\\\/laviteturchese.it\\\/wp-content\\\/uploads\\\/2023\\\/03\\\/Chandon-de-Briailles-Savigny-Les-Beaune-Premier-Cru-Les-Lavieres-2018.jpg\",\"contentUrl\":\"https:\\\/\\\/laviteturchese.it\\\/wp-content\\\/uploads\\\/2023\\\/03\\\/Chandon-de-Briailles-Savigny-Les-Beaune-Premier-Cru-Les-Lavieres-2018.jpg\",\"width\":1125,\"height\":2000,\"caption\":\"Chandon de Briailles - Savigny Les Beaune Premier Cru Les Lavi\u00e8res produced with plants from 1954, aged for 24 months in barrique.\"},{\"@type\":\"BreadcrumbList\",\"@id\":\"https:\\\/\\\/laviteturchese.it\\\/en\\\/product\\\/chandon-de-briailles-savigny-les-beaune-premier-cru-les-lavieres-2018\\\/#breadcrumb\",\"itemListElement\":[{\"@type\":\"ListItem\",\"position\":1,\"name\":\"Home\",\"item\":\"https:\\\/\\\/laviteturchese.it\\\/en\\\/\"},{\"@type\":\"ListItem\",\"position\":2,\"name\":\"Shop\",\"item\":\"https:\\\/\\\/laviteturchese.it\\\/en\\\/shop\\\/\"},{\"@type\":\"ListItem\",\"position\":3,\"name\":\"Chandon de Briailles &#8211; Savigny Les Beaune Premier Cru Les Lavi\u00e8res &#8211; 2018\"}]},{\"@type\":\"WebSite\",\"@id\":\"https:\\\/\\\/laviteturchese.it\\\/en\\\/#website\",\"url\":\"https:\\\/\\\/laviteturchese.it\\\/en\\\/\",\"name\":\"La vite Turchese\",\"description\":\"Vini &amp; Spuntini... a tutte le ore!\",\"publisher\":{\"@id\":\"https:\\\/\\\/laviteturchese.it\\\/en\\\/#organization\"},\"potentialAction\":[{\"@type\":\"SearchAction\",\"target\":{\"@type\":\"EntryPoint\",\"urlTemplate\":\"https:\\\/\\\/laviteturchese.it\\\/en\\\/?s={search_term_string}\"},\"query-input\":{\"@type\":\"PropertyValueSpecification\",\"valueRequired\":true,\"valueName\":\"search_term_string\"}}],\"inLanguage\":\"en-US\"},{\"@type\":\"Organization\",\"@id\":\"https:\\\/\\\/laviteturchese.it\\\/en\\\/#organization\",\"name\":\"La Vite Turchese Shop\",\"url\":\"https:\\\/\\\/laviteturchese.it\\\/en\\\/\",\"logo\":{\"@type\":\"ImageObject\",\"inLanguage\":\"en-US\",\"@id\":\"https:\\\/\\\/laviteturchese.it\\\/en\\\/#\\\/schema\\\/logo\\\/image\\\/\",\"url\":\"http:\\\/\\\/laviteturchese.it\\\/wp-content\\\/uploads\\\/2020\\\/05\\\/LVT_SHOP-1-1.png\",\"contentUrl\":\"http:\\\/\\\/laviteturchese.it\\\/wp-content\\\/uploads\\\/2020\\\/05\\\/LVT_SHOP-1-1.png\",\"width\":300,\"height\":277,\"caption\":\"La Vite Turchese Shop\"},\"image\":{\"@id\":\"https:\\\/\\\/laviteturchese.it\\\/en\\\/#\\\/schema\\\/logo\\\/image\\\/\"}}]}<\/script>\n<!-- \/ Yoast SEO plugin. -->","yoast_head_json":{"title":"Chandon de Briailles - Savigny Les Beaune Premier Cru Les Lavi\u00e8res - 2018 - La vite Turchese","description":"Chandon de Briailles - Savigny Les Beaune Premier Cru Les Lavi\u00e8res produced with plants from 1954, aged for 24 months in barrique.","robots":{"index":"index","follow":"follow","max-snippet":"max-snippet:-1","max-image-preview":"max-image-preview:large","max-video-preview":"max-video-preview:-1"},"canonical":"https:\/\/laviteturchese.it\/en\/product\/chandon-de-briailles-savigny-les-beaune-premier-cru-les-lavieres-2018\/","og_locale":"en_US","og_type":"article","og_title":"Chandon de Briailles - Savigny Les Beaune Premier Cru Les Lavi\u00e8res - 2018 - La vite Turchese","og_description":"Chandon de Briailles - Savigny Les Beaune Premier Cru Les Lavi\u00e8res produced with plants from 1954, aged for 24 months in barrique.","og_url":"https:\/\/laviteturchese.it\/en\/product\/chandon-de-briailles-savigny-les-beaune-premier-cru-les-lavieres-2018\/","og_site_name":"La vite Turchese","article_modified_time":"2024-01-15T18:39:29+00:00","og_image":[{"width":1125,"height":2000,"url":"https:\/\/laviteturchese.it\/wp-content\/uploads\/2023\/03\/Chandon-de-Briailles-Savigny-Les-Beaune-Premier-Cru-Les-Lavieres-2018.jpg","type":"image\/jpeg"}],"twitter_card":"summary_large_image","twitter_misc":{"Est. reading time":"2 minutes"},"schema":{"@context":"https:\/\/schema.org","@graph":[{"@type":"WebPage","@id":"https:\/\/laviteturchese.it\/en\/product\/chandon-de-briailles-savigny-les-beaune-premier-cru-les-lavieres-2018\/","url":"https:\/\/laviteturchese.it\/en\/product\/chandon-de-briailles-savigny-les-beaune-premier-cru-les-lavieres-2018\/","name":"Chandon de Briailles - Savigny Les Beaune Premier Cru Les Lavi\u00e8res - 2018 - La vite Turchese","isPartOf":{"@id":"https:\/\/laviteturchese.it\/en\/#website"},"primaryImageOfPage":{"@id":"https:\/\/laviteturchese.it\/en\/product\/chandon-de-briailles-savigny-les-beaune-premier-cru-les-lavieres-2018\/#primaryimage"},"image":{"@id":"https:\/\/laviteturchese.it\/en\/product\/chandon-de-briailles-savigny-les-beaune-premier-cru-les-lavieres-2018\/#primaryimage"},"thumbnailUrl":"https:\/\/laviteturchese.it\/wp-content\/uploads\/2023\/03\/Chandon-de-Briailles-Savigny-Les-Beaune-Premier-Cru-Les-Lavieres-2018.jpg","datePublished":"2023-03-31T16:42:38+00:00","dateModified":"2024-01-15T18:39:29+00:00","description":"Chandon de Briailles - Savigny Les Beaune Premier Cru Les Lavi\u00e8res produced with plants from 1954, aged for 24 months in barrique.","breadcrumb":{"@id":"https:\/\/laviteturchese.it\/en\/product\/chandon-de-briailles-savigny-les-beaune-premier-cru-les-lavieres-2018\/#breadcrumb"},"inLanguage":"en-US","potentialAction":[{"@type":"ReadAction","target":["https:\/\/laviteturchese.it\/en\/product\/chandon-de-briailles-savigny-les-beaune-premier-cru-les-lavieres-2018\/"]}]},{"@type":"ImageObject","inLanguage":"en-US","@id":"https:\/\/laviteturchese.it\/en\/product\/chandon-de-briailles-savigny-les-beaune-premier-cru-les-lavieres-2018\/#primaryimage","url":"https:\/\/laviteturchese.it\/wp-content\/uploads\/2023\/03\/Chandon-de-Briailles-Savigny-Les-Beaune-Premier-Cru-Les-Lavieres-2018.jpg","contentUrl":"https:\/\/laviteturchese.it\/wp-content\/uploads\/2023\/03\/Chandon-de-Briailles-Savigny-Les-Beaune-Premier-Cru-Les-Lavieres-2018.jpg","width":1125,"height":2000,"caption":"Chandon de Briailles - Savigny Les Beaune Premier Cru Les Lavi\u00e8res produced with plants from 1954, aged for 24 months in barrique."},{"@type":"BreadcrumbList","@id":"https:\/\/laviteturchese.it\/en\/product\/chandon-de-briailles-savigny-les-beaune-premier-cru-les-lavieres-2018\/#breadcrumb","itemListElement":[{"@type":"ListItem","position":1,"name":"Home","item":"https:\/\/laviteturchese.it\/en\/"},{"@type":"ListItem","position":2,"name":"Shop","item":"https:\/\/laviteturchese.it\/en\/shop\/"},{"@type":"ListItem","position":3,"name":"Chandon de Briailles &#8211; Savigny Les Beaune Premier Cru Les Lavi\u00e8res &#8211; 2018"}]},{"@type":"WebSite","@id":"https:\/\/laviteturchese.it\/en\/#website","url":"https:\/\/laviteturchese.it\/en\/","name":"La vite Turchese","description":"Vini &amp; Spuntini... a tutte le ore!","publisher":{"@id":"https:\/\/laviteturchese.it\/en\/#organization"},"potentialAction":[{"@type":"SearchAction","target":{"@type":"EntryPoint","urlTemplate":"https:\/\/laviteturchese.it\/en\/?s={search_term_string}"},"query-input":{"@type":"PropertyValueSpecification","valueRequired":true,"valueName":"search_term_string"}}],"inLanguage":"en-US"},{"@type":"Organization","@id":"https:\/\/laviteturchese.it\/en\/#organization","name":"La Vite Turchese Shop","url":"https:\/\/laviteturchese.it\/en\/","logo":{"@type":"ImageObject","inLanguage":"en-US","@id":"https:\/\/laviteturchese.it\/en\/#\/schema\/logo\/image\/","url":"http:\/\/laviteturchese.it\/wp-content\/uploads\/2020\/05\/LVT_SHOP-1-1.png","contentUrl":"http:\/\/laviteturchese.it\/wp-content\/uploads\/2020\/05\/LVT_SHOP-1-1.png","width":300,"height":277,"caption":"La Vite Turchese Shop"},"image":{"@id":"https:\/\/laviteturchese.it\/en\/#\/schema\/logo\/image\/"}}]}},"_links":{"self":[{"href":"https:\/\/laviteturchese.it\/en\/wp-json\/wp\/v2\/product\/28673","targetHints":{"allow":["GET"]}}],"collection":[{"href":"https:\/\/laviteturchese.it\/en\/wp-json\/wp\/v2\/product"}],"about":[{"href":"https:\/\/laviteturchese.it\/en\/wp-json\/wp\/v2\/types\/product"}],"replies":[{"embeddable":true,"href":"https:\/\/laviteturchese.it\/en\/wp-json\/wp\/v2\/comments?post=28673"}],"wp:featuredmedia":[{"embeddable":true,"href":"https:\/\/laviteturchese.it\/en\/wp-json\/wp\/v2\/media\/28672"}],"wp:attachment":[{"href":"https:\/\/laviteturchese.it\/en\/wp-json\/wp\/v2\/media?parent=28673"}],"wp:term":[{"taxonomy":"product_brand","embeddable":true,"href":"https:\/\/laviteturchese.it\/en\/wp-json\/wp\/v2\/product_brand?post=28673"},{"taxonomy":"product_cat","embeddable":true,"href":"https:\/\/laviteturchese.it\/en\/wp-json\/wp\/v2\/product_cat?post=28673"},{"taxonomy":"product_tag","embeddable":true,"href":"https:\/\/laviteturchese.it\/en\/wp-json\/wp\/v2\/product_tag?post=28673"}],"curies":[{"name":"wp","href":"https:\/\/api.w.org\/{rel}","templated":true}]}}