{"id":28151,"date":"2023-01-13T18:01:54","date_gmt":"2023-01-13T17:01:54","guid":{"rendered":"https:\/\/laviteturchese.it\/prodotto\/chateau-la-conseillante-pomerol-2010\/"},"modified":"2024-01-15T19:38:18","modified_gmt":"2024-01-15T18:38:18","slug":"chateau-la-conseillante-pomerol-2010","status":"publish","type":"product","link":"https:\/\/laviteturchese.it\/en\/product\/chateau-la-conseillante-pomerol-2010\/","title":{"rendered":"Ch\u00e2teau La Conseillante \u2013 Pomerol \u2013 2010"},"content":{"rendered":"<p>Ch\u00e2teau La Conseillante ha una storia pluricentenaria, citato gi\u00e0 300 anni fa grazie all\u2019acquisto dell\u2019influente mercante Catherine Conseillan che diede il nome femminile alla tenuta. Dal 1871 la cantina passa alle mani della famiglia Nicolas dove grazie ad un susseguirsi di generazioni, oggi troviamo la quinta guidata dai fratelli Bertrand e Jean-Valmy Nicolas. La cantina si trova a Pomerol, da sempre gestisce 12 ettari di vigna coltivati principalmente a Merlot e in piccole quantit\u00e0 a Cabernet Franc, le piante hanno un\u2019et\u00e0 media di 35 anni ma l\u2019impianto pi\u00f9 vecchio risale al 1958, la densit\u00e0 di ceppi per ettaro \u00e8 di circa 7000. Per quanto riguarda i suoli vi \u00e8 un\u2019alta concentrazione di argille in grado di trattenere l&#8217;acqua e di restituirla alle piante nelle stagioni pi\u00f9 secche; questo fenomeno \u00e8 piuttosto atipico in tutta la zona di Bordeaux, dove normalmente i suoli sono pi\u00f9 ciottolosi, infatti qui le condizioni sono ideali per produrre i pi\u00f9 grandi Merlot al mondo. La cantina soprattutto negli ultimi anni ha puntato ad una viticoltura organica usando l\u201980% prodotti biologici, mentre in cantina si predilige un approccio moderno con il controllo delle temperature in vasche sia di cemento che acciaio, si svolgono delle pre macerazioni a freddo per concentrare la parte olfattiva, e gli affinamenti vengono eseguiti in barrique principalmente nuove. Proprio per seguire un profilo qualitativo continuo, a La Conseillante lavorano i migliori consulenti ed enologi come Michel Rolland, dove l&#8217;obiettivo \u00e8 di produrre vini eleganti e fini, ma soprattutto di classe in grado di esprimersi al meglio dopo una decina di anni. <\/p>\n","protected":false},"excerpt":{"rendered":"<p>Ch\u00e2teau La Conseillante Pomerol \u00e8 il primo vino della tenuta, prodotto con l\u201980% Merlot e 20% Cabernet Sauvignon proviene da piante con et\u00e0 media di 35 anni e suoli principalmente ricchi di argilla e una piccola parte di ciottoli. Il vino svolge una pre macerazione a freddo per 4 giorni prima della fermentazione alcolica a temperatura controllata, successivamente l\u2019affinamento viene svolto in barrique nuove per l\u201985 per 18 mesi. Si presenta come un vino piuttosto morbido ed elegante, mai stravagante e potente, ma riesce sempre a sprigionare suadenza e profumi delicati soprattutto in giovane et\u00e0; con il tempo il bouquet si apre a sentori pi\u00f9 maturi come tartufo e prugna.<\/p>\n<ul>\n<li><b>Produttore<\/b>: Chateau La Conseillante <\/li>\n<li><b>Nome<\/b>: Chateau La Conseillante Pomerol <\/li>\n<li><b>Vitigno<\/b>: Merlot 80% &#8211; Cabernet Franc 20% <\/li>\n<li><b>Anno<\/b>: 2010 <\/li>\n<li><b>Gradazione<\/b>: 14%<\/li>\n<li><b>Formato<\/b>: 750 ml<\/li>\n<li><b>Produzione<\/b>:  <\/li>\n<\/ul>\n<p>Note Produttive: vinificazione in vasche di acciaio per 3 settimane. Affinamento in barrique francesi per 18 mesi ( 85% nuove ).<\/p>\n<p>Il vino contiene naturalmente solfiti<\/p>\n","protected":false},"featured_media":28150,"comment_status":"closed","ping_status":"closed","template":"","meta":{"_acf_changed":false},"product_brand":[],"product_cat":[4070,3601,3127,3153,3131,3155,3173],"product_tag":[],"class_list":{"0":"post-28151","1":"product","2":"type-product","3":"status-publish","4":"has-post-thumbnail","6":"product_cat-bordeaux-france-europe","7":"product_cat-france-europe","8":"product_cat-red","9":"product_cat-europe","10":"product_cat-producers","11":"product_cat-europe-producers","12":"product_cat-france-europe-producers","13":"product_shipping_class-standard-en","15":"first","16":"instock","17":"taxable","18":"shipping-taxable","19":"purchasable","20":"product-type-simple","22":"catalog-layout-default","23":"columns-xs-2"},"acf":[],"yoast_head":"<!-- This site is optimized with the Yoast SEO plugin v27.4 - https:\/\/yoast.com\/product\/yoast-seo-wordpress\/ -->\n<title>Ch\u00e2teau La Conseillante \u2013 Pomerol \u2013 2010 - La vite Turchese<\/title>\n<meta name=\"description\" content=\"Ch\u00e2teau La Conseillante \u2013 Pomerol prodotto con l&#039;80% Merlot e 20% Cabernet Franc con piante di media 35 anni. 18 mesi di affinamento in barrique.\" \/>\n<meta name=\"robots\" content=\"index, follow, max-snippet:-1, max-image-preview:large, max-video-preview:-1\" \/>\n<link rel=\"canonical\" href=\"https:\/\/laviteturchese.it\/en\/product\/chateau-la-conseillante-pomerol-2010\/\" \/>\n<meta property=\"og:locale\" content=\"en_US\" \/>\n<meta property=\"og:type\" content=\"article\" \/>\n<meta property=\"og:title\" content=\"Ch\u00e2teau La Conseillante \u2013 Pomerol \u2013 2010 - La vite Turchese\" \/>\n<meta property=\"og:description\" content=\"Ch\u00e2teau La Conseillante \u2013 Pomerol prodotto con l&#039;80% Merlot e 20% Cabernet Franc con piante di media 35 anni. 18 mesi di affinamento in barrique.\" \/>\n<meta property=\"og:url\" content=\"https:\/\/laviteturchese.it\/en\/product\/chateau-la-conseillante-pomerol-2010\/\" \/>\n<meta property=\"og:site_name\" content=\"La vite Turchese\" \/>\n<meta property=\"article:modified_time\" content=\"2024-01-15T18:38:18+00:00\" \/>\n<meta property=\"og:image\" content=\"https:\/\/laviteturchese.it\/wp-content\/uploads\/2023\/01\/Chateau-La-Conseillante-\u2013-Pomerol-\u2013-2010.jpg\" \/>\n\t<meta property=\"og:image:width\" content=\"1125\" \/>\n\t<meta property=\"og:image:height\" content=\"2000\" \/>\n\t<meta property=\"og:image:type\" content=\"image\/jpeg\" \/>\n<meta name=\"twitter:card\" content=\"summary_large_image\" \/>\n<meta name=\"twitter:label1\" content=\"Est. reading time\" \/>\n\t<meta name=\"twitter:data1\" content=\"2 minutes\" \/>\n<script type=\"application\/ld+json\" class=\"yoast-schema-graph\">{\"@context\":\"https:\\\/\\\/schema.org\",\"@graph\":[{\"@type\":\"WebPage\",\"@id\":\"https:\\\/\\\/laviteturchese.it\\\/en\\\/product\\\/chateau-la-conseillante-pomerol-2010\\\/\",\"url\":\"https:\\\/\\\/laviteturchese.it\\\/en\\\/product\\\/chateau-la-conseillante-pomerol-2010\\\/\",\"name\":\"Ch\u00e2teau La Conseillante \u2013 Pomerol \u2013 2010 - La vite Turchese\",\"isPartOf\":{\"@id\":\"https:\\\/\\\/laviteturchese.it\\\/en\\\/#website\"},\"primaryImageOfPage\":{\"@id\":\"https:\\\/\\\/laviteturchese.it\\\/en\\\/product\\\/chateau-la-conseillante-pomerol-2010\\\/#primaryimage\"},\"image\":{\"@id\":\"https:\\\/\\\/laviteturchese.it\\\/en\\\/product\\\/chateau-la-conseillante-pomerol-2010\\\/#primaryimage\"},\"thumbnailUrl\":\"https:\\\/\\\/laviteturchese.it\\\/wp-content\\\/uploads\\\/2023\\\/01\\\/Chateau-La-Conseillante-\u2013-Pomerol-\u2013-2010.jpg\",\"datePublished\":\"2023-01-13T17:01:54+00:00\",\"dateModified\":\"2024-01-15T18:38:18+00:00\",\"description\":\"Ch\u00e2teau La Conseillante \u2013 Pomerol prodotto con l'80% Merlot e 20% Cabernet Franc con piante di media 35 anni. 18 mesi di affinamento in barrique.\",\"breadcrumb\":{\"@id\":\"https:\\\/\\\/laviteturchese.it\\\/en\\\/product\\\/chateau-la-conseillante-pomerol-2010\\\/#breadcrumb\"},\"inLanguage\":\"en-US\",\"potentialAction\":[{\"@type\":\"ReadAction\",\"target\":[\"https:\\\/\\\/laviteturchese.it\\\/en\\\/product\\\/chateau-la-conseillante-pomerol-2010\\\/\"]}]},{\"@type\":\"ImageObject\",\"inLanguage\":\"en-US\",\"@id\":\"https:\\\/\\\/laviteturchese.it\\\/en\\\/product\\\/chateau-la-conseillante-pomerol-2010\\\/#primaryimage\",\"url\":\"https:\\\/\\\/laviteturchese.it\\\/wp-content\\\/uploads\\\/2023\\\/01\\\/Chateau-La-Conseillante-\u2013-Pomerol-\u2013-2010.jpg\",\"contentUrl\":\"https:\\\/\\\/laviteturchese.it\\\/wp-content\\\/uploads\\\/2023\\\/01\\\/Chateau-La-Conseillante-\u2013-Pomerol-\u2013-2010.jpg\",\"width\":1125,\"height\":2000,\"caption\":\"Ch\u00e2teau La Conseillante \u2013 Pomerol prodotto con l'80% Merlot e 20% Cabernet Franc con piante di media 35 anni. 18 mesi di affinamento in barrique.\"},{\"@type\":\"BreadcrumbList\",\"@id\":\"https:\\\/\\\/laviteturchese.it\\\/en\\\/product\\\/chateau-la-conseillante-pomerol-2010\\\/#breadcrumb\",\"itemListElement\":[{\"@type\":\"ListItem\",\"position\":1,\"name\":\"Home\",\"item\":\"https:\\\/\\\/laviteturchese.it\\\/en\\\/\"},{\"@type\":\"ListItem\",\"position\":2,\"name\":\"Shop\",\"item\":\"https:\\\/\\\/laviteturchese.it\\\/en\\\/shop\\\/\"},{\"@type\":\"ListItem\",\"position\":3,\"name\":\"Ch\u00e2teau La Conseillante \u2013 Pomerol \u2013 2010\"}]},{\"@type\":\"WebSite\",\"@id\":\"https:\\\/\\\/laviteturchese.it\\\/en\\\/#website\",\"url\":\"https:\\\/\\\/laviteturchese.it\\\/en\\\/\",\"name\":\"La vite Turchese\",\"description\":\"Vini &amp; Spuntini... a tutte le ore!\",\"publisher\":{\"@id\":\"https:\\\/\\\/laviteturchese.it\\\/en\\\/#organization\"},\"potentialAction\":[{\"@type\":\"SearchAction\",\"target\":{\"@type\":\"EntryPoint\",\"urlTemplate\":\"https:\\\/\\\/laviteturchese.it\\\/en\\\/?s={search_term_string}\"},\"query-input\":{\"@type\":\"PropertyValueSpecification\",\"valueRequired\":true,\"valueName\":\"search_term_string\"}}],\"inLanguage\":\"en-US\"},{\"@type\":\"Organization\",\"@id\":\"https:\\\/\\\/laviteturchese.it\\\/en\\\/#organization\",\"name\":\"La Vite Turchese Shop\",\"url\":\"https:\\\/\\\/laviteturchese.it\\\/en\\\/\",\"logo\":{\"@type\":\"ImageObject\",\"inLanguage\":\"en-US\",\"@id\":\"https:\\\/\\\/laviteturchese.it\\\/en\\\/#\\\/schema\\\/logo\\\/image\\\/\",\"url\":\"http:\\\/\\\/laviteturchese.it\\\/wp-content\\\/uploads\\\/2020\\\/05\\\/LVT_SHOP-1-1.png\",\"contentUrl\":\"http:\\\/\\\/laviteturchese.it\\\/wp-content\\\/uploads\\\/2020\\\/05\\\/LVT_SHOP-1-1.png\",\"width\":300,\"height\":277,\"caption\":\"La Vite Turchese Shop\"},\"image\":{\"@id\":\"https:\\\/\\\/laviteturchese.it\\\/en\\\/#\\\/schema\\\/logo\\\/image\\\/\"}}]}<\/script>\n<!-- \/ Yoast SEO plugin. -->","yoast_head_json":{"title":"Ch\u00e2teau La Conseillante \u2013 Pomerol \u2013 2010 - La vite Turchese","description":"Ch\u00e2teau La Conseillante \u2013 Pomerol prodotto con l'80% Merlot e 20% Cabernet Franc con piante di media 35 anni. 18 mesi di affinamento in barrique.","robots":{"index":"index","follow":"follow","max-snippet":"max-snippet:-1","max-image-preview":"max-image-preview:large","max-video-preview":"max-video-preview:-1"},"canonical":"https:\/\/laviteturchese.it\/en\/product\/chateau-la-conseillante-pomerol-2010\/","og_locale":"en_US","og_type":"article","og_title":"Ch\u00e2teau La Conseillante \u2013 Pomerol \u2013 2010 - La vite Turchese","og_description":"Ch\u00e2teau La Conseillante \u2013 Pomerol prodotto con l'80% Merlot e 20% Cabernet Franc con piante di media 35 anni. 18 mesi di affinamento in barrique.","og_url":"https:\/\/laviteturchese.it\/en\/product\/chateau-la-conseillante-pomerol-2010\/","og_site_name":"La vite Turchese","article_modified_time":"2024-01-15T18:38:18+00:00","og_image":[{"width":1125,"height":2000,"url":"https:\/\/laviteturchese.it\/wp-content\/uploads\/2023\/01\/Chateau-La-Conseillante-\u2013-Pomerol-\u2013-2010.jpg","type":"image\/jpeg"}],"twitter_card":"summary_large_image","twitter_misc":{"Est. reading time":"2 minutes"},"schema":{"@context":"https:\/\/schema.org","@graph":[{"@type":"WebPage","@id":"https:\/\/laviteturchese.it\/en\/product\/chateau-la-conseillante-pomerol-2010\/","url":"https:\/\/laviteturchese.it\/en\/product\/chateau-la-conseillante-pomerol-2010\/","name":"Ch\u00e2teau La Conseillante \u2013 Pomerol \u2013 2010 - La vite Turchese","isPartOf":{"@id":"https:\/\/laviteturchese.it\/en\/#website"},"primaryImageOfPage":{"@id":"https:\/\/laviteturchese.it\/en\/product\/chateau-la-conseillante-pomerol-2010\/#primaryimage"},"image":{"@id":"https:\/\/laviteturchese.it\/en\/product\/chateau-la-conseillante-pomerol-2010\/#primaryimage"},"thumbnailUrl":"https:\/\/laviteturchese.it\/wp-content\/uploads\/2023\/01\/Chateau-La-Conseillante-\u2013-Pomerol-\u2013-2010.jpg","datePublished":"2023-01-13T17:01:54+00:00","dateModified":"2024-01-15T18:38:18+00:00","description":"Ch\u00e2teau La Conseillante \u2013 Pomerol prodotto con l'80% Merlot e 20% Cabernet Franc con piante di media 35 anni. 18 mesi di affinamento in barrique.","breadcrumb":{"@id":"https:\/\/laviteturchese.it\/en\/product\/chateau-la-conseillante-pomerol-2010\/#breadcrumb"},"inLanguage":"en-US","potentialAction":[{"@type":"ReadAction","target":["https:\/\/laviteturchese.it\/en\/product\/chateau-la-conseillante-pomerol-2010\/"]}]},{"@type":"ImageObject","inLanguage":"en-US","@id":"https:\/\/laviteturchese.it\/en\/product\/chateau-la-conseillante-pomerol-2010\/#primaryimage","url":"https:\/\/laviteturchese.it\/wp-content\/uploads\/2023\/01\/Chateau-La-Conseillante-\u2013-Pomerol-\u2013-2010.jpg","contentUrl":"https:\/\/laviteturchese.it\/wp-content\/uploads\/2023\/01\/Chateau-La-Conseillante-\u2013-Pomerol-\u2013-2010.jpg","width":1125,"height":2000,"caption":"Ch\u00e2teau La Conseillante \u2013 Pomerol prodotto con l'80% Merlot e 20% Cabernet Franc con piante di media 35 anni. 18 mesi di affinamento in barrique."},{"@type":"BreadcrumbList","@id":"https:\/\/laviteturchese.it\/en\/product\/chateau-la-conseillante-pomerol-2010\/#breadcrumb","itemListElement":[{"@type":"ListItem","position":1,"name":"Home","item":"https:\/\/laviteturchese.it\/en\/"},{"@type":"ListItem","position":2,"name":"Shop","item":"https:\/\/laviteturchese.it\/en\/shop\/"},{"@type":"ListItem","position":3,"name":"Ch\u00e2teau La Conseillante \u2013 Pomerol \u2013 2010"}]},{"@type":"WebSite","@id":"https:\/\/laviteturchese.it\/en\/#website","url":"https:\/\/laviteturchese.it\/en\/","name":"La vite Turchese","description":"Vini &amp; Spuntini... a tutte le ore!","publisher":{"@id":"https:\/\/laviteturchese.it\/en\/#organization"},"potentialAction":[{"@type":"SearchAction","target":{"@type":"EntryPoint","urlTemplate":"https:\/\/laviteturchese.it\/en\/?s={search_term_string}"},"query-input":{"@type":"PropertyValueSpecification","valueRequired":true,"valueName":"search_term_string"}}],"inLanguage":"en-US"},{"@type":"Organization","@id":"https:\/\/laviteturchese.it\/en\/#organization","name":"La Vite Turchese Shop","url":"https:\/\/laviteturchese.it\/en\/","logo":{"@type":"ImageObject","inLanguage":"en-US","@id":"https:\/\/laviteturchese.it\/en\/#\/schema\/logo\/image\/","url":"http:\/\/laviteturchese.it\/wp-content\/uploads\/2020\/05\/LVT_SHOP-1-1.png","contentUrl":"http:\/\/laviteturchese.it\/wp-content\/uploads\/2020\/05\/LVT_SHOP-1-1.png","width":300,"height":277,"caption":"La Vite Turchese Shop"},"image":{"@id":"https:\/\/laviteturchese.it\/en\/#\/schema\/logo\/image\/"}}]}},"_links":{"self":[{"href":"https:\/\/laviteturchese.it\/en\/wp-json\/wp\/v2\/product\/28151","targetHints":{"allow":["GET"]}}],"collection":[{"href":"https:\/\/laviteturchese.it\/en\/wp-json\/wp\/v2\/product"}],"about":[{"href":"https:\/\/laviteturchese.it\/en\/wp-json\/wp\/v2\/types\/product"}],"replies":[{"embeddable":true,"href":"https:\/\/laviteturchese.it\/en\/wp-json\/wp\/v2\/comments?post=28151"}],"wp:featuredmedia":[{"embeddable":true,"href":"https:\/\/laviteturchese.it\/en\/wp-json\/wp\/v2\/media\/28150"}],"wp:attachment":[{"href":"https:\/\/laviteturchese.it\/en\/wp-json\/wp\/v2\/media?parent=28151"}],"wp:term":[{"taxonomy":"product_brand","embeddable":true,"href":"https:\/\/laviteturchese.it\/en\/wp-json\/wp\/v2\/product_brand?post=28151"},{"taxonomy":"product_cat","embeddable":true,"href":"https:\/\/laviteturchese.it\/en\/wp-json\/wp\/v2\/product_cat?post=28151"},{"taxonomy":"product_tag","embeddable":true,"href":"https:\/\/laviteturchese.it\/en\/wp-json\/wp\/v2\/product_tag?post=28151"}],"curies":[{"name":"wp","href":"https:\/\/api.w.org\/{rel}","templated":true}]}}