{"id":25416,"date":"2022-03-11T13:18:03","date_gmt":"2022-03-11T12:18:03","guid":{"rendered":"https:\/\/laviteturchese.it\/prodotto\/adegas-gran-vinum-mar-de-vinas-albarino-2020\/"},"modified":"2024-01-15T19:30:36","modified_gmt":"2024-01-15T18:30:36","slug":"adegas-gran-vinum-mar-de-vinas-albarino-2020","status":"publish","type":"product","link":"https:\/\/laviteturchese.it\/en\/product\/adegas-gran-vinum-mar-de-vinas-albarino-2020\/","title":{"rendered":"Adegas Gran Vinum &#8211; Mar de Vi\u00f1as Albari\u00f1o -2020"},"content":{"rendered":"<p>We are in Galicia, in Rias Baixa to be more precise, in the extreme north of Spain, near the border with Portugal, where the main grape is Albarino. Pineiro Cores family has been cultivating vineyards for generations, however it was only in 2002 that the winery Adegas Gran Vinum was established. We are located in Vilanova de Arousa, in the center of Ria de Arosa, one of the largest salt solution estuaries of Galicia. The winery manages little more than 3 hectares (12.5 acres) of Albarino grapes only, with vineyards facing the ocean and thanks to the soils rich in minerals given by the closeness of the sea and the salt flats, the wines absolutely benefit from it, giving notes of great flavor and fruit. <\/p>\n","protected":false},"excerpt":{"rendered":"<p>Mar de Vinas is a 100% Albarino vinified in steel tanks in order to exalt the purity of this incredible grape. The result is a wine to die for! Aromas of tropical fruit, briny, acidic, salty.<\/p>\n<ul>\n<li><b>Producer<\/b>: Adegas Gran Vinum <\/li>\n<li><b>Name<\/b>:  Mar de Vi\u00f1as Albari\u00f1o <\/li>\n<li><b>Grape Variety<\/b>: 100% Albari\u00f1o  <\/li>\n<li><b>Vintage<\/b>: 2020<\/li>\n<li><b>Alcohol Content<\/b>: 13%<\/li>\n<li><b>Bottle Size<\/b>: 750ml<\/li>\n<li><b>Production<\/b>: <\/li>\n<\/ul>\n<p>Productive Notes:  vinification in steel tanks.<\/p>\n<p>Wine naturally contains solphites<\/p>\n","protected":false},"featured_media":25413,"comment_status":"open","ping_status":"closed","template":"","meta":{"_acf_changed":false},"product_brand":[],"product_cat":[3157,3158,3232,3233,3131,3155,3156],"product_tag":[],"class_list":{"0":"post-25416","1":"product","2":"type-product","3":"status-publish","4":"has-post-thumbnail","6":"product_cat-white","7":"product_cat-europe-white","8":"product_cat-spain-europe-white","9":"product_cat-rias-baixas-spain-europe-white","10":"product_cat-producers","11":"product_cat-europe-producers","12":"product_cat-spain-europe-producers","13":"product_shipping_class-standard-en","15":"first","16":"outofstock","17":"taxable","18":"shipping-taxable","19":"purchasable","20":"product-type-simple","22":"catalog-layout-default","23":"columns-xs-2"},"acf":[],"yoast_head":"<!-- This site is optimized with the Yoast SEO plugin v27.3 - https:\/\/yoast.com\/product\/yoast-seo-wordpress\/ -->\n<title>Adegas Gran Vinum - Mar de Vi\u00f1as Albari\u00f1o -2020 - La vite Turchese<\/title>\n<meta name=\"description\" content=\"Adegas Gran Vinum - Mar de Vi\u00f1as Albari\u00f1o produced in Rias Baixa in Spain with vineyards facing the Atlantic Ocean.\" \/>\n<meta name=\"robots\" content=\"index, follow, max-snippet:-1, max-image-preview:large, max-video-preview:-1\" \/>\n<link rel=\"canonical\" href=\"https:\/\/laviteturchese.it\/en\/product\/adegas-gran-vinum-mar-de-vinas-albarino-2020\/\" \/>\n<meta property=\"og:locale\" content=\"en_US\" \/>\n<meta property=\"og:type\" content=\"article\" \/>\n<meta property=\"og:title\" content=\"Adegas Gran Vinum - Mar de Vi\u00f1as Albari\u00f1o -2020 - La vite Turchese\" \/>\n<meta property=\"og:description\" content=\"Adegas Gran Vinum - Mar de Vi\u00f1as Albari\u00f1o produced in Rias Baixa in Spain with vineyards facing the Atlantic Ocean.\" \/>\n<meta property=\"og:url\" content=\"https:\/\/laviteturchese.it\/en\/product\/adegas-gran-vinum-mar-de-vinas-albarino-2020\/\" \/>\n<meta property=\"og:site_name\" content=\"La vite Turchese\" \/>\n<meta property=\"article:modified_time\" content=\"2024-01-15T18:30:36+00:00\" \/>\n<meta property=\"og:image\" content=\"https:\/\/laviteturchese.it\/wp-content\/uploads\/2022\/03\/Adegas-Gran-Vinum-Mar-de-Vinas-Albarino-2020.webp\" \/>\n\t<meta property=\"og:image:width\" content=\"720\" \/>\n\t<meta property=\"og:image:height\" content=\"1280\" \/>\n\t<meta property=\"og:image:type\" content=\"image\/webp\" \/>\n<meta name=\"twitter:card\" content=\"summary_large_image\" \/>\n<meta name=\"twitter:label1\" content=\"Est. reading time\" \/>\n\t<meta name=\"twitter:data1\" content=\"1 minute\" \/>\n<script type=\"application\/ld+json\" class=\"yoast-schema-graph\">{\"@context\":\"https:\\\/\\\/schema.org\",\"@graph\":[{\"@type\":\"WebPage\",\"@id\":\"https:\\\/\\\/laviteturchese.it\\\/en\\\/product\\\/adegas-gran-vinum-mar-de-vinas-albarino-2020\\\/\",\"url\":\"https:\\\/\\\/laviteturchese.it\\\/en\\\/product\\\/adegas-gran-vinum-mar-de-vinas-albarino-2020\\\/\",\"name\":\"Adegas Gran Vinum - Mar de Vi\u00f1as Albari\u00f1o -2020 - La vite Turchese\",\"isPartOf\":{\"@id\":\"https:\\\/\\\/laviteturchese.it\\\/en\\\/#website\"},\"primaryImageOfPage\":{\"@id\":\"https:\\\/\\\/laviteturchese.it\\\/en\\\/product\\\/adegas-gran-vinum-mar-de-vinas-albarino-2020\\\/#primaryimage\"},\"image\":{\"@id\":\"https:\\\/\\\/laviteturchese.it\\\/en\\\/product\\\/adegas-gran-vinum-mar-de-vinas-albarino-2020\\\/#primaryimage\"},\"thumbnailUrl\":\"https:\\\/\\\/laviteturchese.it\\\/wp-content\\\/uploads\\\/2022\\\/03\\\/Adegas-Gran-Vinum-Mar-de-Vinas-Albarino-2020.webp\",\"datePublished\":\"2022-03-11T12:18:03+00:00\",\"dateModified\":\"2024-01-15T18:30:36+00:00\",\"description\":\"Adegas Gran Vinum - Mar de Vi\u00f1as Albari\u00f1o produced in Rias Baixa in Spain with vineyards facing the Atlantic Ocean.\",\"breadcrumb\":{\"@id\":\"https:\\\/\\\/laviteturchese.it\\\/en\\\/product\\\/adegas-gran-vinum-mar-de-vinas-albarino-2020\\\/#breadcrumb\"},\"inLanguage\":\"en-US\",\"potentialAction\":[{\"@type\":\"ReadAction\",\"target\":[\"https:\\\/\\\/laviteturchese.it\\\/en\\\/product\\\/adegas-gran-vinum-mar-de-vinas-albarino-2020\\\/\"]}]},{\"@type\":\"ImageObject\",\"inLanguage\":\"en-US\",\"@id\":\"https:\\\/\\\/laviteturchese.it\\\/en\\\/product\\\/adegas-gran-vinum-mar-de-vinas-albarino-2020\\\/#primaryimage\",\"url\":\"https:\\\/\\\/laviteturchese.it\\\/wp-content\\\/uploads\\\/2022\\\/03\\\/Adegas-Gran-Vinum-Mar-de-Vinas-Albarino-2020.webp\",\"contentUrl\":\"https:\\\/\\\/laviteturchese.it\\\/wp-content\\\/uploads\\\/2022\\\/03\\\/Adegas-Gran-Vinum-Mar-de-Vinas-Albarino-2020.webp\",\"width\":720,\"height\":1280,\"caption\":\"Adegas Gran Vinum - Mar de Vi\u00f1as Albari\u00f1o produced in Rias Baixa in spain with vineyards facing the Atlantic Ocean.\"},{\"@type\":\"BreadcrumbList\",\"@id\":\"https:\\\/\\\/laviteturchese.it\\\/en\\\/product\\\/adegas-gran-vinum-mar-de-vinas-albarino-2020\\\/#breadcrumb\",\"itemListElement\":[{\"@type\":\"ListItem\",\"position\":1,\"name\":\"Home\",\"item\":\"https:\\\/\\\/laviteturchese.it\\\/en\\\/\"},{\"@type\":\"ListItem\",\"position\":2,\"name\":\"Shop\",\"item\":\"https:\\\/\\\/laviteturchese.it\\\/en\\\/shop\\\/\"},{\"@type\":\"ListItem\",\"position\":3,\"name\":\"Adegas Gran Vinum &#8211; Mar de Vi\u00f1as Albari\u00f1o -2020\"}]},{\"@type\":\"WebSite\",\"@id\":\"https:\\\/\\\/laviteturchese.it\\\/en\\\/#website\",\"url\":\"https:\\\/\\\/laviteturchese.it\\\/en\\\/\",\"name\":\"La vite Turchese\",\"description\":\"Vini &amp; Spuntini... a tutte le ore!\",\"publisher\":{\"@id\":\"https:\\\/\\\/laviteturchese.it\\\/en\\\/#organization\"},\"potentialAction\":[{\"@type\":\"SearchAction\",\"target\":{\"@type\":\"EntryPoint\",\"urlTemplate\":\"https:\\\/\\\/laviteturchese.it\\\/en\\\/?s={search_term_string}\"},\"query-input\":{\"@type\":\"PropertyValueSpecification\",\"valueRequired\":true,\"valueName\":\"search_term_string\"}}],\"inLanguage\":\"en-US\"},{\"@type\":\"Organization\",\"@id\":\"https:\\\/\\\/laviteturchese.it\\\/en\\\/#organization\",\"name\":\"La Vite Turchese Shop\",\"url\":\"https:\\\/\\\/laviteturchese.it\\\/en\\\/\",\"logo\":{\"@type\":\"ImageObject\",\"inLanguage\":\"en-US\",\"@id\":\"https:\\\/\\\/laviteturchese.it\\\/en\\\/#\\\/schema\\\/logo\\\/image\\\/\",\"url\":\"http:\\\/\\\/laviteturchese.it\\\/wp-content\\\/uploads\\\/2020\\\/05\\\/LVT_SHOP-1-1.png\",\"contentUrl\":\"http:\\\/\\\/laviteturchese.it\\\/wp-content\\\/uploads\\\/2020\\\/05\\\/LVT_SHOP-1-1.png\",\"width\":300,\"height\":277,\"caption\":\"La Vite Turchese Shop\"},\"image\":{\"@id\":\"https:\\\/\\\/laviteturchese.it\\\/en\\\/#\\\/schema\\\/logo\\\/image\\\/\"}}]}<\/script>\n<!-- \/ Yoast SEO plugin. -->","yoast_head_json":{"title":"Adegas Gran Vinum - Mar de Vi\u00f1as Albari\u00f1o -2020 - La vite Turchese","description":"Adegas Gran Vinum - Mar de Vi\u00f1as Albari\u00f1o produced in Rias Baixa in Spain with vineyards facing the Atlantic Ocean.","robots":{"index":"index","follow":"follow","max-snippet":"max-snippet:-1","max-image-preview":"max-image-preview:large","max-video-preview":"max-video-preview:-1"},"canonical":"https:\/\/laviteturchese.it\/en\/product\/adegas-gran-vinum-mar-de-vinas-albarino-2020\/","og_locale":"en_US","og_type":"article","og_title":"Adegas Gran Vinum - Mar de Vi\u00f1as Albari\u00f1o -2020 - La vite Turchese","og_description":"Adegas Gran Vinum - Mar de Vi\u00f1as Albari\u00f1o produced in Rias Baixa in Spain with vineyards facing the Atlantic Ocean.","og_url":"https:\/\/laviteturchese.it\/en\/product\/adegas-gran-vinum-mar-de-vinas-albarino-2020\/","og_site_name":"La vite Turchese","article_modified_time":"2024-01-15T18:30:36+00:00","og_image":[{"width":720,"height":1280,"url":"https:\/\/laviteturchese.it\/wp-content\/uploads\/2022\/03\/Adegas-Gran-Vinum-Mar-de-Vinas-Albarino-2020.webp","type":"image\/webp"}],"twitter_card":"summary_large_image","twitter_misc":{"Est. reading time":"1 minute"},"schema":{"@context":"https:\/\/schema.org","@graph":[{"@type":"WebPage","@id":"https:\/\/laviteturchese.it\/en\/product\/adegas-gran-vinum-mar-de-vinas-albarino-2020\/","url":"https:\/\/laviteturchese.it\/en\/product\/adegas-gran-vinum-mar-de-vinas-albarino-2020\/","name":"Adegas Gran Vinum - Mar de Vi\u00f1as Albari\u00f1o -2020 - La vite Turchese","isPartOf":{"@id":"https:\/\/laviteturchese.it\/en\/#website"},"primaryImageOfPage":{"@id":"https:\/\/laviteturchese.it\/en\/product\/adegas-gran-vinum-mar-de-vinas-albarino-2020\/#primaryimage"},"image":{"@id":"https:\/\/laviteturchese.it\/en\/product\/adegas-gran-vinum-mar-de-vinas-albarino-2020\/#primaryimage"},"thumbnailUrl":"https:\/\/laviteturchese.it\/wp-content\/uploads\/2022\/03\/Adegas-Gran-Vinum-Mar-de-Vinas-Albarino-2020.webp","datePublished":"2022-03-11T12:18:03+00:00","dateModified":"2024-01-15T18:30:36+00:00","description":"Adegas Gran Vinum - Mar de Vi\u00f1as Albari\u00f1o produced in Rias Baixa in Spain with vineyards facing the Atlantic Ocean.","breadcrumb":{"@id":"https:\/\/laviteturchese.it\/en\/product\/adegas-gran-vinum-mar-de-vinas-albarino-2020\/#breadcrumb"},"inLanguage":"en-US","potentialAction":[{"@type":"ReadAction","target":["https:\/\/laviteturchese.it\/en\/product\/adegas-gran-vinum-mar-de-vinas-albarino-2020\/"]}]},{"@type":"ImageObject","inLanguage":"en-US","@id":"https:\/\/laviteturchese.it\/en\/product\/adegas-gran-vinum-mar-de-vinas-albarino-2020\/#primaryimage","url":"https:\/\/laviteturchese.it\/wp-content\/uploads\/2022\/03\/Adegas-Gran-Vinum-Mar-de-Vinas-Albarino-2020.webp","contentUrl":"https:\/\/laviteturchese.it\/wp-content\/uploads\/2022\/03\/Adegas-Gran-Vinum-Mar-de-Vinas-Albarino-2020.webp","width":720,"height":1280,"caption":"Adegas Gran Vinum - Mar de Vi\u00f1as Albari\u00f1o produced in Rias Baixa in spain with vineyards facing the Atlantic Ocean."},{"@type":"BreadcrumbList","@id":"https:\/\/laviteturchese.it\/en\/product\/adegas-gran-vinum-mar-de-vinas-albarino-2020\/#breadcrumb","itemListElement":[{"@type":"ListItem","position":1,"name":"Home","item":"https:\/\/laviteturchese.it\/en\/"},{"@type":"ListItem","position":2,"name":"Shop","item":"https:\/\/laviteturchese.it\/en\/shop\/"},{"@type":"ListItem","position":3,"name":"Adegas Gran Vinum &#8211; Mar de Vi\u00f1as Albari\u00f1o -2020"}]},{"@type":"WebSite","@id":"https:\/\/laviteturchese.it\/en\/#website","url":"https:\/\/laviteturchese.it\/en\/","name":"La vite Turchese","description":"Vini &amp; Spuntini... a tutte le ore!","publisher":{"@id":"https:\/\/laviteturchese.it\/en\/#organization"},"potentialAction":[{"@type":"SearchAction","target":{"@type":"EntryPoint","urlTemplate":"https:\/\/laviteturchese.it\/en\/?s={search_term_string}"},"query-input":{"@type":"PropertyValueSpecification","valueRequired":true,"valueName":"search_term_string"}}],"inLanguage":"en-US"},{"@type":"Organization","@id":"https:\/\/laviteturchese.it\/en\/#organization","name":"La Vite Turchese Shop","url":"https:\/\/laviteturchese.it\/en\/","logo":{"@type":"ImageObject","inLanguage":"en-US","@id":"https:\/\/laviteturchese.it\/en\/#\/schema\/logo\/image\/","url":"http:\/\/laviteturchese.it\/wp-content\/uploads\/2020\/05\/LVT_SHOP-1-1.png","contentUrl":"http:\/\/laviteturchese.it\/wp-content\/uploads\/2020\/05\/LVT_SHOP-1-1.png","width":300,"height":277,"caption":"La Vite Turchese Shop"},"image":{"@id":"https:\/\/laviteturchese.it\/en\/#\/schema\/logo\/image\/"}}]}},"_links":{"self":[{"href":"https:\/\/laviteturchese.it\/en\/wp-json\/wp\/v2\/product\/25416","targetHints":{"allow":["GET"]}}],"collection":[{"href":"https:\/\/laviteturchese.it\/en\/wp-json\/wp\/v2\/product"}],"about":[{"href":"https:\/\/laviteturchese.it\/en\/wp-json\/wp\/v2\/types\/product"}],"replies":[{"embeddable":true,"href":"https:\/\/laviteturchese.it\/en\/wp-json\/wp\/v2\/comments?post=25416"}],"wp:featuredmedia":[{"embeddable":true,"href":"https:\/\/laviteturchese.it\/en\/wp-json\/wp\/v2\/media\/25413"}],"wp:attachment":[{"href":"https:\/\/laviteturchese.it\/en\/wp-json\/wp\/v2\/media?parent=25416"}],"wp:term":[{"taxonomy":"product_brand","embeddable":true,"href":"https:\/\/laviteturchese.it\/en\/wp-json\/wp\/v2\/product_brand?post=25416"},{"taxonomy":"product_cat","embeddable":true,"href":"https:\/\/laviteturchese.it\/en\/wp-json\/wp\/v2\/product_cat?post=25416"},{"taxonomy":"product_tag","embeddable":true,"href":"https:\/\/laviteturchese.it\/en\/wp-json\/wp\/v2\/product_tag?post=25416"}],"curies":[{"name":"wp","href":"https:\/\/api.w.org\/{rel}","templated":true}]}}