{"id":23071,"date":"2021-03-29T17:05:46","date_gmt":"2021-03-29T15:05:46","guid":{"rendered":"https:\/\/shop.laviteturchese.it\/prodotto\/royal-tokaji-6-puttonyos-aszu-2013\/"},"modified":"2024-01-15T19:28:08","modified_gmt":"2024-01-15T18:28:08","slug":"royal-tokaji-6-puttonyos-aszu-2013","status":"publish","type":"product","link":"https:\/\/laviteturchese.it\/en\/product\/royal-tokaji-6-puttonyos-aszu-2013\/","title":{"rendered":"Royal Tokaji \u2013 6 Puttonyos Asz\u00f9 \u2013 2013"},"content":{"rendered":"<p>Wine naturally contains solphites<\/p>\n","protected":false},"excerpt":{"rendered":"<p>The ancient history of Tokaji and Asz\u00f9 wines was preserved only by a very small group of people. Among them Johnson met Istvan Szepsy, who, despite he was forced to give almost all of his production to the cooperative, he succeeded in keeping a small quantity of wines produced with traditional methods which amazed the critic so much that he wanted to invest in a joint venture with the Hungarian producer. Royal Tokaji Wine Company, established in Hungary in 1990, has become one of the most important wineries in Tokaj. They were pioneers in the region when it came to producing single vineyard wines. Today they are recognized among the region&#8217;s top winemakers, combining traditional techniques with modern technology to create wines of great character and super terroir. Royal Tokaji is the acknowledged leader in the revival of this legendary Hungarian wine, which, in the words of winemaker and winery co-founder Hugh Johnson, is &#8220;a wine that would make angels sing out loud.&#8221;<br \/>\nRoyal Tokaji was inspired and founded by Hugh Johnson, the renowned author and wine historian, whose goal was to revive and bring back to international fame the wines of one of the most renowned wine regions in history.<br \/>\nRoyal Tokaji wines have won over 100 international awards and continue to captivate wine lovers around the world.<\/p>\n<p>History reports as the noble Tokaji Aszu, was the first wine intentionally made with dried grapes maybe two centuries before Sauternes. The conditions that cause the grapes to dry and the intense concentration of sugar, acid and flavor are endemic to the region. Each grape affected by Botrytis is harvested by hand and put in &#8220;puttonyos&#8221;, the traditional containers which contain a maximum of 25 kg of grapes. The grapes are subsequently blended with a still wine. This process gives the wine more body, acidity and richness. The number of puttonyos which are added to a 130 liters cask creates different levels of richness and sweetness in the wine. The more puttonyos are added to the wine, the higher its concentration, aromatic complexity and richness will be. This wine 5 puttonyos whose grapes of Fumint, H\u00e1rslevel\u0171 and Muscat de Lunel. come from a single vineyard, Nyul\u00e1sz\u00f3, in the municipality of Mad. A rich, intense Tokaji with classic fruity notes and a sweet but perfectly balanced finish.<\/p>\n<ul>\n<li><b>Producer<\/b>: Royal Tokaji<\/li>\n<li><b>Name<\/b>:6 Puttonyos Asz\u00f9<\/li>\n<li><b>Grape Variety<\/b>: Fumint, H\u00e1rslevel\u0171 e Muscat de Lunel<\/li>\n<li><b>Vintage<\/b>: 2013<\/li>\n<li><b>Alcohol Content<\/b>: 10,5%<\/li>\n<li><b>Bottle Size<\/b>: 500ml<\/li>\n<\/ul>\n<p>Productive Notes: Every grape affected by Botrytis is harvested by hand and put in &#8220;puttonyos&#8221;, the traditional containers which contain a maximum of 25 kg of grapes. Grapes are subsequently blended with a still wine.<\/p>\n","protected":false},"featured_media":23061,"comment_status":"open","ping_status":"closed","template":"","meta":{"_acf_changed":false},"product_brand":[],"product_cat":[4439,4440,3187,3191,3131,3155],"product_tag":[],"class_list":{"0":"post-23071","1":"product","2":"type-product","3":"status-publish","4":"has-post-thumbnail","6":"product_cat-est-europe","7":"product_cat-est-europe-europe-producers","8":"product_cat-sweet-spirits","9":"product_cat-europe-sweet-spirits","10":"product_cat-producers","11":"product_cat-europe-producers","12":"product_shipping_class-standard-en","14":"first","15":"outofstock","16":"taxable","17":"shipping-taxable","18":"purchasable","19":"product-type-simple","21":"catalog-layout-default","22":"columns-xs-2"},"acf":[],"yoast_head":"<!-- This site is optimized with the Yoast SEO plugin v27.4 - https:\/\/yoast.com\/product\/yoast-seo-wordpress\/ -->\n<title>Royal Tokaji \u2013 6 Puttonyos Asz\u00f9 \u2013 2013 - La vite Turchese<\/title>\n<meta name=\"robots\" content=\"index, follow, max-snippet:-1, max-image-preview:large, max-video-preview:-1\" \/>\n<link rel=\"canonical\" href=\"https:\/\/laviteturchese.it\/en\/product\/royal-tokaji-6-puttonyos-aszu-2013\/\" \/>\n<meta property=\"og:locale\" content=\"en_US\" \/>\n<meta property=\"og:type\" content=\"article\" \/>\n<meta property=\"og:title\" content=\"Royal Tokaji \u2013 6 Puttonyos Asz\u00f9 \u2013 2013 - La vite Turchese\" \/>\n<meta property=\"og:description\" content=\"The ancient history of Tokaji and Asz\u00f9 wines was preserved only by a very small group of people. Among them Johnson met Istvan Szepsy, who, despite he was forced to give almost all of his production to the cooperative, he succeeded in keeping a small quantity of wines produced with traditional methods which amazed the critic so much that he wanted to invest in a joint venture with the Hungarian producer. Royal Tokaji Wine Company, established in Hungary in 1990, has become one of the most important wineries in Tokaj. They were pioneers in the region when it came to producing single vineyard wines. Today they are recognized among the region&#039;s top winemakers, combining traditional techniques with modern technology to create wines of great character and super terroir. Royal Tokaji is the acknowledged leader in the revival of this legendary Hungarian wine, which, in the words of winemaker and winery co-founder Hugh Johnson, is &quot;a wine that would make angels sing out loud.&quot; Royal Tokaji was inspired and founded by Hugh Johnson, the renowned author and wine historian, whose goal was to revive and bring back to international fame the wines of one of the most renowned wine regions in history. Royal Tokaji wines have won over 100 international awards and continue to captivate wine lovers around the world.  History reports as the noble Tokaji Aszu, was the first wine intentionally made with dried grapes maybe two centuries before Sauternes. The conditions that cause the grapes to dry and the intense concentration of sugar, acid and flavor are endemic to the region. Each grape affected by Botrytis is harvested by hand and put in &quot;puttonyos&quot;, the traditional containers which contain a maximum of 25 kg of grapes. The grapes are subsequently blended with a still wine. This process gives the wine more body, acidity and richness. The number of puttonyos which are added to a 130 liters cask creates different levels of richness and sweetness in the wine. The more puttonyos are added to the wine, the higher its concentration, aromatic complexity and richness will be. This wine 5 puttonyos whose grapes of Fumint, H\u00e1rslevel\u0171 and Muscat de Lunel. come from a single vineyard, Nyul\u00e1sz\u00f3, in the municipality of Mad. A rich, intense Tokaji with classic fruity notes and a sweet but perfectly balanced finish.   Producer: Royal Tokaji  Name:6 Puttonyos Asz\u00f9  Grape Variety: Fumint, H\u00e1rslevel\u0171 e Muscat de Lunel  Vintage: 2013  Alcohol Content: 10,5%  Bottle Size: 500ml  Productive Notes: Every grape affected by Botrytis is harvested by hand and put in &quot;puttonyos&quot;, the traditional containers which contain a maximum of 25 kg of grapes. Grapes are subsequently blended with a still wine.\" \/>\n<meta property=\"og:url\" content=\"https:\/\/laviteturchese.it\/en\/product\/royal-tokaji-6-puttonyos-aszu-2013\/\" \/>\n<meta property=\"og:site_name\" content=\"La vite Turchese\" \/>\n<meta property=\"article:modified_time\" content=\"2024-01-15T18:28:08+00:00\" \/>\n<meta property=\"og:image\" content=\"https:\/\/laviteturchese.it\/wp-content\/uploads\/2021\/03\/Royal-Tokaji-\u2013-6-Puttonyos-Asz\u00f9-\u2013-2013.jpg\" \/>\n\t<meta property=\"og:image:width\" content=\"1134\" \/>\n\t<meta property=\"og:image:height\" content=\"2016\" \/>\n\t<meta property=\"og:image:type\" content=\"image\/jpeg\" \/>\n<meta name=\"twitter:card\" content=\"summary_large_image\" \/>\n<script type=\"application\/ld+json\" class=\"yoast-schema-graph\">{\"@context\":\"https:\\\/\\\/schema.org\",\"@graph\":[{\"@type\":\"WebPage\",\"@id\":\"https:\\\/\\\/laviteturchese.it\\\/en\\\/product\\\/royal-tokaji-6-puttonyos-aszu-2013\\\/\",\"url\":\"https:\\\/\\\/laviteturchese.it\\\/en\\\/product\\\/royal-tokaji-6-puttonyos-aszu-2013\\\/\",\"name\":\"Royal Tokaji \u2013 6 Puttonyos Asz\u00f9 \u2013 2013 - La vite Turchese\",\"isPartOf\":{\"@id\":\"https:\\\/\\\/laviteturchese.it\\\/en\\\/#website\"},\"primaryImageOfPage\":{\"@id\":\"https:\\\/\\\/laviteturchese.it\\\/en\\\/product\\\/royal-tokaji-6-puttonyos-aszu-2013\\\/#primaryimage\"},\"image\":{\"@id\":\"https:\\\/\\\/laviteturchese.it\\\/en\\\/product\\\/royal-tokaji-6-puttonyos-aszu-2013\\\/#primaryimage\"},\"thumbnailUrl\":\"https:\\\/\\\/laviteturchese.it\\\/wp-content\\\/uploads\\\/2021\\\/03\\\/Royal-Tokaji-\u2013-6-Puttonyos-Asz\u00f9-\u2013-2013.jpg\",\"datePublished\":\"2021-03-29T15:05:46+00:00\",\"dateModified\":\"2024-01-15T18:28:08+00:00\",\"breadcrumb\":{\"@id\":\"https:\\\/\\\/laviteturchese.it\\\/en\\\/product\\\/royal-tokaji-6-puttonyos-aszu-2013\\\/#breadcrumb\"},\"inLanguage\":\"en-US\",\"potentialAction\":[{\"@type\":\"ReadAction\",\"target\":[\"https:\\\/\\\/laviteturchese.it\\\/en\\\/product\\\/royal-tokaji-6-puttonyos-aszu-2013\\\/\"]}]},{\"@type\":\"ImageObject\",\"inLanguage\":\"en-US\",\"@id\":\"https:\\\/\\\/laviteturchese.it\\\/en\\\/product\\\/royal-tokaji-6-puttonyos-aszu-2013\\\/#primaryimage\",\"url\":\"https:\\\/\\\/laviteturchese.it\\\/wp-content\\\/uploads\\\/2021\\\/03\\\/Royal-Tokaji-\u2013-6-Puttonyos-Asz\u00f9-\u2013-2013.jpg\",\"contentUrl\":\"https:\\\/\\\/laviteturchese.it\\\/wp-content\\\/uploads\\\/2021\\\/03\\\/Royal-Tokaji-\u2013-6-Puttonyos-Asz\u00f9-\u2013-2013.jpg\",\"width\":1134,\"height\":2016,\"caption\":\"Sweet wine Hungary fine artisanal limited production company top grapes Fumint, H\u00e1rslevel\u0171 and Muscat de Lunel perfect with aged and blue cheeses\"},{\"@type\":\"BreadcrumbList\",\"@id\":\"https:\\\/\\\/laviteturchese.it\\\/en\\\/product\\\/royal-tokaji-6-puttonyos-aszu-2013\\\/#breadcrumb\",\"itemListElement\":[{\"@type\":\"ListItem\",\"position\":1,\"name\":\"Home\",\"item\":\"https:\\\/\\\/laviteturchese.it\\\/en\\\/\"},{\"@type\":\"ListItem\",\"position\":2,\"name\":\"Shop\",\"item\":\"https:\\\/\\\/laviteturchese.it\\\/en\\\/shop\\\/\"},{\"@type\":\"ListItem\",\"position\":3,\"name\":\"Royal Tokaji \u2013 6 Puttonyos Asz\u00f9 \u2013 2013\"}]},{\"@type\":\"WebSite\",\"@id\":\"https:\\\/\\\/laviteturchese.it\\\/en\\\/#website\",\"url\":\"https:\\\/\\\/laviteturchese.it\\\/en\\\/\",\"name\":\"La vite Turchese\",\"description\":\"Vini &amp; Spuntini... a tutte le ore!\",\"publisher\":{\"@id\":\"https:\\\/\\\/laviteturchese.it\\\/en\\\/#organization\"},\"potentialAction\":[{\"@type\":\"SearchAction\",\"target\":{\"@type\":\"EntryPoint\",\"urlTemplate\":\"https:\\\/\\\/laviteturchese.it\\\/en\\\/?s={search_term_string}\"},\"query-input\":{\"@type\":\"PropertyValueSpecification\",\"valueRequired\":true,\"valueName\":\"search_term_string\"}}],\"inLanguage\":\"en-US\"},{\"@type\":\"Organization\",\"@id\":\"https:\\\/\\\/laviteturchese.it\\\/en\\\/#organization\",\"name\":\"La Vite Turchese Shop\",\"url\":\"https:\\\/\\\/laviteturchese.it\\\/en\\\/\",\"logo\":{\"@type\":\"ImageObject\",\"inLanguage\":\"en-US\",\"@id\":\"https:\\\/\\\/laviteturchese.it\\\/en\\\/#\\\/schema\\\/logo\\\/image\\\/\",\"url\":\"http:\\\/\\\/laviteturchese.it\\\/wp-content\\\/uploads\\\/2020\\\/05\\\/LVT_SHOP-1-1.png\",\"contentUrl\":\"http:\\\/\\\/laviteturchese.it\\\/wp-content\\\/uploads\\\/2020\\\/05\\\/LVT_SHOP-1-1.png\",\"width\":300,\"height\":277,\"caption\":\"La Vite Turchese Shop\"},\"image\":{\"@id\":\"https:\\\/\\\/laviteturchese.it\\\/en\\\/#\\\/schema\\\/logo\\\/image\\\/\"}}]}<\/script>\n<!-- \/ Yoast SEO plugin. -->","yoast_head_json":{"title":"Royal Tokaji \u2013 6 Puttonyos Asz\u00f9 \u2013 2013 - La vite Turchese","robots":{"index":"index","follow":"follow","max-snippet":"max-snippet:-1","max-image-preview":"max-image-preview:large","max-video-preview":"max-video-preview:-1"},"canonical":"https:\/\/laviteturchese.it\/en\/product\/royal-tokaji-6-puttonyos-aszu-2013\/","og_locale":"en_US","og_type":"article","og_title":"Royal Tokaji \u2013 6 Puttonyos Asz\u00f9 \u2013 2013 - La vite Turchese","og_description":"The ancient history of Tokaji and Asz\u00f9 wines was preserved only by a very small group of people. Among them Johnson met Istvan Szepsy, who, despite he was forced to give almost all of his production to the cooperative, he succeeded in keeping a small quantity of wines produced with traditional methods which amazed the critic so much that he wanted to invest in a joint venture with the Hungarian producer. Royal Tokaji Wine Company, established in Hungary in 1990, has become one of the most important wineries in Tokaj. They were pioneers in the region when it came to producing single vineyard wines. Today they are recognized among the region's top winemakers, combining traditional techniques with modern technology to create wines of great character and super terroir. Royal Tokaji is the acknowledged leader in the revival of this legendary Hungarian wine, which, in the words of winemaker and winery co-founder Hugh Johnson, is \"a wine that would make angels sing out loud.\" Royal Tokaji was inspired and founded by Hugh Johnson, the renowned author and wine historian, whose goal was to revive and bring back to international fame the wines of one of the most renowned wine regions in history. Royal Tokaji wines have won over 100 international awards and continue to captivate wine lovers around the world.  History reports as the noble Tokaji Aszu, was the first wine intentionally made with dried grapes maybe two centuries before Sauternes. The conditions that cause the grapes to dry and the intense concentration of sugar, acid and flavor are endemic to the region. Each grape affected by Botrytis is harvested by hand and put in \"puttonyos\", the traditional containers which contain a maximum of 25 kg of grapes. The grapes are subsequently blended with a still wine. This process gives the wine more body, acidity and richness. The number of puttonyos which are added to a 130 liters cask creates different levels of richness and sweetness in the wine. The more puttonyos are added to the wine, the higher its concentration, aromatic complexity and richness will be. This wine 5 puttonyos whose grapes of Fumint, H\u00e1rslevel\u0171 and Muscat de Lunel. come from a single vineyard, Nyul\u00e1sz\u00f3, in the municipality of Mad. A rich, intense Tokaji with classic fruity notes and a sweet but perfectly balanced finish.   Producer: Royal Tokaji  Name:6 Puttonyos Asz\u00f9  Grape Variety: Fumint, H\u00e1rslevel\u0171 e Muscat de Lunel  Vintage: 2013  Alcohol Content: 10,5%  Bottle Size: 500ml  Productive Notes: Every grape affected by Botrytis is harvested by hand and put in \"puttonyos\", the traditional containers which contain a maximum of 25 kg of grapes. Grapes are subsequently blended with a still wine.","og_url":"https:\/\/laviteturchese.it\/en\/product\/royal-tokaji-6-puttonyos-aszu-2013\/","og_site_name":"La vite Turchese","article_modified_time":"2024-01-15T18:28:08+00:00","og_image":[{"width":1134,"height":2016,"url":"https:\/\/laviteturchese.it\/wp-content\/uploads\/2021\/03\/Royal-Tokaji-\u2013-6-Puttonyos-Asz\u00f9-\u2013-2013.jpg","type":"image\/jpeg"}],"twitter_card":"summary_large_image","schema":{"@context":"https:\/\/schema.org","@graph":[{"@type":"WebPage","@id":"https:\/\/laviteturchese.it\/en\/product\/royal-tokaji-6-puttonyos-aszu-2013\/","url":"https:\/\/laviteturchese.it\/en\/product\/royal-tokaji-6-puttonyos-aszu-2013\/","name":"Royal Tokaji \u2013 6 Puttonyos Asz\u00f9 \u2013 2013 - La vite Turchese","isPartOf":{"@id":"https:\/\/laviteturchese.it\/en\/#website"},"primaryImageOfPage":{"@id":"https:\/\/laviteturchese.it\/en\/product\/royal-tokaji-6-puttonyos-aszu-2013\/#primaryimage"},"image":{"@id":"https:\/\/laviteturchese.it\/en\/product\/royal-tokaji-6-puttonyos-aszu-2013\/#primaryimage"},"thumbnailUrl":"https:\/\/laviteturchese.it\/wp-content\/uploads\/2021\/03\/Royal-Tokaji-\u2013-6-Puttonyos-Asz\u00f9-\u2013-2013.jpg","datePublished":"2021-03-29T15:05:46+00:00","dateModified":"2024-01-15T18:28:08+00:00","breadcrumb":{"@id":"https:\/\/laviteturchese.it\/en\/product\/royal-tokaji-6-puttonyos-aszu-2013\/#breadcrumb"},"inLanguage":"en-US","potentialAction":[{"@type":"ReadAction","target":["https:\/\/laviteturchese.it\/en\/product\/royal-tokaji-6-puttonyos-aszu-2013\/"]}]},{"@type":"ImageObject","inLanguage":"en-US","@id":"https:\/\/laviteturchese.it\/en\/product\/royal-tokaji-6-puttonyos-aszu-2013\/#primaryimage","url":"https:\/\/laviteturchese.it\/wp-content\/uploads\/2021\/03\/Royal-Tokaji-\u2013-6-Puttonyos-Asz\u00f9-\u2013-2013.jpg","contentUrl":"https:\/\/laviteturchese.it\/wp-content\/uploads\/2021\/03\/Royal-Tokaji-\u2013-6-Puttonyos-Asz\u00f9-\u2013-2013.jpg","width":1134,"height":2016,"caption":"Sweet wine Hungary fine artisanal limited production company top grapes Fumint, H\u00e1rslevel\u0171 and Muscat de Lunel perfect with aged and blue cheeses"},{"@type":"BreadcrumbList","@id":"https:\/\/laviteturchese.it\/en\/product\/royal-tokaji-6-puttonyos-aszu-2013\/#breadcrumb","itemListElement":[{"@type":"ListItem","position":1,"name":"Home","item":"https:\/\/laviteturchese.it\/en\/"},{"@type":"ListItem","position":2,"name":"Shop","item":"https:\/\/laviteturchese.it\/en\/shop\/"},{"@type":"ListItem","position":3,"name":"Royal Tokaji \u2013 6 Puttonyos Asz\u00f9 \u2013 2013"}]},{"@type":"WebSite","@id":"https:\/\/laviteturchese.it\/en\/#website","url":"https:\/\/laviteturchese.it\/en\/","name":"La vite Turchese","description":"Vini &amp; Spuntini... a tutte le ore!","publisher":{"@id":"https:\/\/laviteturchese.it\/en\/#organization"},"potentialAction":[{"@type":"SearchAction","target":{"@type":"EntryPoint","urlTemplate":"https:\/\/laviteturchese.it\/en\/?s={search_term_string}"},"query-input":{"@type":"PropertyValueSpecification","valueRequired":true,"valueName":"search_term_string"}}],"inLanguage":"en-US"},{"@type":"Organization","@id":"https:\/\/laviteturchese.it\/en\/#organization","name":"La Vite Turchese Shop","url":"https:\/\/laviteturchese.it\/en\/","logo":{"@type":"ImageObject","inLanguage":"en-US","@id":"https:\/\/laviteturchese.it\/en\/#\/schema\/logo\/image\/","url":"http:\/\/laviteturchese.it\/wp-content\/uploads\/2020\/05\/LVT_SHOP-1-1.png","contentUrl":"http:\/\/laviteturchese.it\/wp-content\/uploads\/2020\/05\/LVT_SHOP-1-1.png","width":300,"height":277,"caption":"La Vite Turchese Shop"},"image":{"@id":"https:\/\/laviteturchese.it\/en\/#\/schema\/logo\/image\/"}}]}},"_links":{"self":[{"href":"https:\/\/laviteturchese.it\/en\/wp-json\/wp\/v2\/product\/23071","targetHints":{"allow":["GET"]}}],"collection":[{"href":"https:\/\/laviteturchese.it\/en\/wp-json\/wp\/v2\/product"}],"about":[{"href":"https:\/\/laviteturchese.it\/en\/wp-json\/wp\/v2\/types\/product"}],"replies":[{"embeddable":true,"href":"https:\/\/laviteturchese.it\/en\/wp-json\/wp\/v2\/comments?post=23071"}],"wp:featuredmedia":[{"embeddable":true,"href":"https:\/\/laviteturchese.it\/en\/wp-json\/wp\/v2\/media\/23061"}],"wp:attachment":[{"href":"https:\/\/laviteturchese.it\/en\/wp-json\/wp\/v2\/media?parent=23071"}],"wp:term":[{"taxonomy":"product_brand","embeddable":true,"href":"https:\/\/laviteturchese.it\/en\/wp-json\/wp\/v2\/product_brand?post=23071"},{"taxonomy":"product_cat","embeddable":true,"href":"https:\/\/laviteturchese.it\/en\/wp-json\/wp\/v2\/product_cat?post=23071"},{"taxonomy":"product_tag","embeddable":true,"href":"https:\/\/laviteturchese.it\/en\/wp-json\/wp\/v2\/product_tag?post=23071"}],"curies":[{"name":"wp","href":"https:\/\/api.w.org\/{rel}","templated":true}]}}