{"id":22451,"date":"2021-03-12T18:15:57","date_gmt":"2021-03-12T17:15:57","guid":{"rendered":"https:\/\/shop.laviteturchese.it\/prodotto\/sottimano-barbaresco-cotta-2016\/"},"modified":"2024-01-15T19:24:11","modified_gmt":"2024-01-15T18:24:11","slug":"sottimano-barbaresco-cotta-2016","status":"publish","type":"product","link":"https:\/\/laviteturchese.it\/en\/product\/sottimano-barbaresco-cotta-2016\/","title":{"rendered":"Sottimano \u2013 Barbaresco Cott\u00e0 \u2013 2016"},"content":{"rendered":"<p>Wine naturally contains solphites<\/p>\n","protected":false},"excerpt":{"rendered":"<p>We are talking about the end of the 1960s when Rino, having finished his oenological school, decides to start producing wine, a few hectares but in the best areas for the production of Barbaresco. Today the company owns 18 hectares, 5 of the best Barbaresco crus: Cott\u00e0, Pajor\u00e8, Fausoni, Curr\u00e0 and Basarin conquered with hard sacrifices, work and above all a lot of passion. The philosophy of the company has always been to respect the earth as much as possible, so in the vineyard no chemicals or herbicides are used to avoid altering the natural balance of the hills and in the cellar the approach is the same, Rino together with his children , who have joined the team, produces wines that reflect the terroir and best enhance the characteristics of the grape.<\/p>\n<p>Cott\u00e0, one of the best known cru in the municipality of Neive and also one of the first to be vinified in purity, the Sottimano company owns here plants with an average age of 60 years in excellent exposure. The wines that come from this mention are solid without ever exceeding the density and vigor of the tannin, elegant and sensual with a long aging potential.<br \/>\nIn this 2016 vintage, the best of the last 20 years, you will find a wine with enormous potential and an extra freshness. Absolutely to keep.<\/p>\n<ul>\n<li><b>Producer<\/b>: Sottimano<\/li>\n<li><b>Name<\/b>: Barbaresco Cott\u00e0<\/li>\n<li><b>Grape Variety<\/b>: 100% Nebbiolo<\/li>\n<li><b>Vintage<\/b>:2016<\/li>\n<li><b>Alcohol Content<\/b>: 14%<\/li>\n<li><b>Bottle Size<\/b>: 750ml<\/li>\n<li><b>Production<\/b>:4800 bottles<\/li>\n<\/ul>\n<p>Productive Notes:After a maceration of about 25 days, in which the alcoholic fermentation takes place at a controlled temperature without the use of selected yeasts, the wine is decanted into French oak barriques where it will naturally malolactic fermentation and where it will remain sur lie for 18 months.<\/p>\n","protected":false},"featured_media":22433,"comment_status":"open","ping_status":"closed","template":"","meta":{"_acf_changed":false},"product_brand":[],"product_cat":[3127,3128,3129,3136,3131,3132,3133],"product_tag":[],"class_list":{"0":"post-22451","1":"product","2":"type-product","3":"status-publish","4":"has-post-thumbnail","6":"product_cat-red","7":"product_cat-italy","8":"product_cat-piedmont","9":"product_cat-barbaresco-piedmont","10":"product_cat-producers","11":"product_cat-italy-producers","12":"product_cat-piedmont-italy-producers","13":"product_shipping_class-standard-en","15":"first","16":"outofstock","17":"taxable","18":"shipping-taxable","19":"purchasable","20":"product-type-simple","22":"catalog-layout-default","23":"columns-xs-2"},"acf":[],"yoast_head":"<!-- This site is optimized with the Yoast SEO plugin v27.3 - https:\/\/yoast.com\/product\/yoast-seo-wordpress\/ -->\n<title>Sottimano \u2013 Barbaresco Cott\u00e0 \u2013 2016 - La vite Turchese<\/title>\n<meta name=\"robots\" content=\"index, follow, max-snippet:-1, max-image-preview:large, max-video-preview:-1\" \/>\n<link rel=\"canonical\" href=\"https:\/\/laviteturchese.it\/en\/product\/sottimano-barbaresco-cotta-2016\/\" \/>\n<meta property=\"og:locale\" content=\"en_US\" \/>\n<meta property=\"og:type\" content=\"article\" \/>\n<meta property=\"og:title\" content=\"Sottimano \u2013 Barbaresco Cott\u00e0 \u2013 2016 - La vite Turchese\" \/>\n<meta property=\"og:description\" content=\"We are talking about the end of the 1960s when Rino, having finished his oenological school, decides to start producing wine, a few hectares but in the best areas for the production of Barbaresco. Today the company owns 18 hectares, 5 of the best Barbaresco crus: Cott\u00e0, Pajor\u00e8, Fausoni, Curr\u00e0 and Basarin conquered with hard sacrifices, work and above all a lot of passion. The philosophy of the company has always been to respect the earth as much as possible, so in the vineyard no chemicals or herbicides are used to avoid altering the natural balance of the hills and in the cellar the approach is the same, Rino together with his children , who have joined the team, produces wines that reflect the terroir and best enhance the characteristics of the grape.  Cott\u00e0, one of the best known cru in the municipality of Neive and also one of the first to be vinified in purity, the Sottimano company owns here plants with an average age of 60 years in excellent exposure. The wines that come from this mention are solid without ever exceeding the density and vigor of the tannin, elegant and sensual with a long aging potential. In this 2016 vintage, the best of the last 20 years, you will find a wine with enormous potential and an extra freshness. Absolutely to keep.                                                   Producer: Sottimano Name: Barbaresco Cott\u00e0 Grape Variety: 100% Nebbiolo Vintage:2016 Alcohol Content: 14% Bottle Size: 750ml Production:4800 bottles   Productive Notes:After a maceration of about 25 days, in which the alcoholic fermentation takes place at a controlled temperature without the use of selected yeasts, the wine is decanted into French oak barriques where it will naturally malolactic fermentation and where it will remain sur lie for 18 months.\" \/>\n<meta property=\"og:url\" content=\"https:\/\/laviteturchese.it\/en\/product\/sottimano-barbaresco-cotta-2016\/\" \/>\n<meta property=\"og:site_name\" content=\"La vite Turchese\" \/>\n<meta property=\"article:modified_time\" content=\"2024-01-15T18:24:11+00:00\" \/>\n<meta property=\"og:image\" content=\"https:\/\/laviteturchese.it\/wp-content\/uploads\/2021\/03\/Sottimano-\u2013-Barbaresco-Cott\u00e0-\u2013-2016.jpg\" \/>\n\t<meta property=\"og:image:width\" content=\"1134\" \/>\n\t<meta property=\"og:image:height\" content=\"2016\" \/>\n\t<meta property=\"og:image:type\" content=\"image\/jpeg\" \/>\n<meta name=\"twitter:card\" content=\"summary_large_image\" \/>\n<script type=\"application\/ld+json\" class=\"yoast-schema-graph\">{\"@context\":\"https:\\\/\\\/schema.org\",\"@graph\":[{\"@type\":\"WebPage\",\"@id\":\"https:\\\/\\\/laviteturchese.it\\\/en\\\/product\\\/sottimano-barbaresco-cotta-2016\\\/\",\"url\":\"https:\\\/\\\/laviteturchese.it\\\/en\\\/product\\\/sottimano-barbaresco-cotta-2016\\\/\",\"name\":\"Sottimano \u2013 Barbaresco Cott\u00e0 \u2013 2016 - La vite Turchese\",\"isPartOf\":{\"@id\":\"https:\\\/\\\/laviteturchese.it\\\/en\\\/#website\"},\"primaryImageOfPage\":{\"@id\":\"https:\\\/\\\/laviteturchese.it\\\/en\\\/product\\\/sottimano-barbaresco-cotta-2016\\\/#primaryimage\"},\"image\":{\"@id\":\"https:\\\/\\\/laviteturchese.it\\\/en\\\/product\\\/sottimano-barbaresco-cotta-2016\\\/#primaryimage\"},\"thumbnailUrl\":\"https:\\\/\\\/laviteturchese.it\\\/wp-content\\\/uploads\\\/2021\\\/03\\\/Sottimano-\u2013-Barbaresco-Cott\u00e0-\u2013-2016.jpg\",\"datePublished\":\"2021-03-12T17:15:57+00:00\",\"dateModified\":\"2024-01-15T18:24:11+00:00\",\"breadcrumb\":{\"@id\":\"https:\\\/\\\/laviteturchese.it\\\/en\\\/product\\\/sottimano-barbaresco-cotta-2016\\\/#breadcrumb\"},\"inLanguage\":\"en-US\",\"potentialAction\":[{\"@type\":\"ReadAction\",\"target\":[\"https:\\\/\\\/laviteturchese.it\\\/en\\\/product\\\/sottimano-barbaresco-cotta-2016\\\/\"]}]},{\"@type\":\"ImageObject\",\"inLanguage\":\"en-US\",\"@id\":\"https:\\\/\\\/laviteturchese.it\\\/en\\\/product\\\/sottimano-barbaresco-cotta-2016\\\/#primaryimage\",\"url\":\"https:\\\/\\\/laviteturchese.it\\\/wp-content\\\/uploads\\\/2021\\\/03\\\/Sottimano-\u2013-Barbaresco-Cott\u00e0-\u2013-2016.jpg\",\"contentUrl\":\"https:\\\/\\\/laviteturchese.it\\\/wp-content\\\/uploads\\\/2021\\\/03\\\/Sottimano-\u2013-Barbaresco-Cott\u00e0-\u2013-2016.jpg\",\"width\":1134,\"height\":2016,\"caption\":\"Red wine Barbaresco cru Cott\u00e0 Neive fine artisan limited production produced with perfect Nebbiolo with game\"},{\"@type\":\"BreadcrumbList\",\"@id\":\"https:\\\/\\\/laviteturchese.it\\\/en\\\/product\\\/sottimano-barbaresco-cotta-2016\\\/#breadcrumb\",\"itemListElement\":[{\"@type\":\"ListItem\",\"position\":1,\"name\":\"Home\",\"item\":\"https:\\\/\\\/laviteturchese.it\\\/en\\\/\"},{\"@type\":\"ListItem\",\"position\":2,\"name\":\"Shop\",\"item\":\"https:\\\/\\\/laviteturchese.it\\\/en\\\/shop\\\/\"},{\"@type\":\"ListItem\",\"position\":3,\"name\":\"Sottimano \u2013 Barbaresco Cott\u00e0 \u2013 2016\"}]},{\"@type\":\"WebSite\",\"@id\":\"https:\\\/\\\/laviteturchese.it\\\/en\\\/#website\",\"url\":\"https:\\\/\\\/laviteturchese.it\\\/en\\\/\",\"name\":\"La vite Turchese\",\"description\":\"Vini &amp; Spuntini... a tutte le ore!\",\"publisher\":{\"@id\":\"https:\\\/\\\/laviteturchese.it\\\/en\\\/#organization\"},\"potentialAction\":[{\"@type\":\"SearchAction\",\"target\":{\"@type\":\"EntryPoint\",\"urlTemplate\":\"https:\\\/\\\/laviteturchese.it\\\/en\\\/?s={search_term_string}\"},\"query-input\":{\"@type\":\"PropertyValueSpecification\",\"valueRequired\":true,\"valueName\":\"search_term_string\"}}],\"inLanguage\":\"en-US\"},{\"@type\":\"Organization\",\"@id\":\"https:\\\/\\\/laviteturchese.it\\\/en\\\/#organization\",\"name\":\"La Vite Turchese Shop\",\"url\":\"https:\\\/\\\/laviteturchese.it\\\/en\\\/\",\"logo\":{\"@type\":\"ImageObject\",\"inLanguage\":\"en-US\",\"@id\":\"https:\\\/\\\/laviteturchese.it\\\/en\\\/#\\\/schema\\\/logo\\\/image\\\/\",\"url\":\"http:\\\/\\\/laviteturchese.it\\\/wp-content\\\/uploads\\\/2020\\\/05\\\/LVT_SHOP-1-1.png\",\"contentUrl\":\"http:\\\/\\\/laviteturchese.it\\\/wp-content\\\/uploads\\\/2020\\\/05\\\/LVT_SHOP-1-1.png\",\"width\":300,\"height\":277,\"caption\":\"La Vite Turchese Shop\"},\"image\":{\"@id\":\"https:\\\/\\\/laviteturchese.it\\\/en\\\/#\\\/schema\\\/logo\\\/image\\\/\"}}]}<\/script>\n<!-- \/ Yoast SEO plugin. -->","yoast_head_json":{"title":"Sottimano \u2013 Barbaresco Cott\u00e0 \u2013 2016 - La vite Turchese","robots":{"index":"index","follow":"follow","max-snippet":"max-snippet:-1","max-image-preview":"max-image-preview:large","max-video-preview":"max-video-preview:-1"},"canonical":"https:\/\/laviteturchese.it\/en\/product\/sottimano-barbaresco-cotta-2016\/","og_locale":"en_US","og_type":"article","og_title":"Sottimano \u2013 Barbaresco Cott\u00e0 \u2013 2016 - La vite Turchese","og_description":"We are talking about the end of the 1960s when Rino, having finished his oenological school, decides to start producing wine, a few hectares but in the best areas for the production of Barbaresco. Today the company owns 18 hectares, 5 of the best Barbaresco crus: Cott\u00e0, Pajor\u00e8, Fausoni, Curr\u00e0 and Basarin conquered with hard sacrifices, work and above all a lot of passion. The philosophy of the company has always been to respect the earth as much as possible, so in the vineyard no chemicals or herbicides are used to avoid altering the natural balance of the hills and in the cellar the approach is the same, Rino together with his children , who have joined the team, produces wines that reflect the terroir and best enhance the characteristics of the grape.  Cott\u00e0, one of the best known cru in the municipality of Neive and also one of the first to be vinified in purity, the Sottimano company owns here plants with an average age of 60 years in excellent exposure. The wines that come from this mention are solid without ever exceeding the density and vigor of the tannin, elegant and sensual with a long aging potential. In this 2016 vintage, the best of the last 20 years, you will find a wine with enormous potential and an extra freshness. Absolutely to keep.                                                   Producer: Sottimano Name: Barbaresco Cott\u00e0 Grape Variety: 100% Nebbiolo Vintage:2016 Alcohol Content: 14% Bottle Size: 750ml Production:4800 bottles   Productive Notes:After a maceration of about 25 days, in which the alcoholic fermentation takes place at a controlled temperature without the use of selected yeasts, the wine is decanted into French oak barriques where it will naturally malolactic fermentation and where it will remain sur lie for 18 months.","og_url":"https:\/\/laviteturchese.it\/en\/product\/sottimano-barbaresco-cotta-2016\/","og_site_name":"La vite Turchese","article_modified_time":"2024-01-15T18:24:11+00:00","og_image":[{"width":1134,"height":2016,"url":"https:\/\/laviteturchese.it\/wp-content\/uploads\/2021\/03\/Sottimano-\u2013-Barbaresco-Cott\u00e0-\u2013-2016.jpg","type":"image\/jpeg"}],"twitter_card":"summary_large_image","schema":{"@context":"https:\/\/schema.org","@graph":[{"@type":"WebPage","@id":"https:\/\/laviteturchese.it\/en\/product\/sottimano-barbaresco-cotta-2016\/","url":"https:\/\/laviteturchese.it\/en\/product\/sottimano-barbaresco-cotta-2016\/","name":"Sottimano \u2013 Barbaresco Cott\u00e0 \u2013 2016 - La vite Turchese","isPartOf":{"@id":"https:\/\/laviteturchese.it\/en\/#website"},"primaryImageOfPage":{"@id":"https:\/\/laviteturchese.it\/en\/product\/sottimano-barbaresco-cotta-2016\/#primaryimage"},"image":{"@id":"https:\/\/laviteturchese.it\/en\/product\/sottimano-barbaresco-cotta-2016\/#primaryimage"},"thumbnailUrl":"https:\/\/laviteturchese.it\/wp-content\/uploads\/2021\/03\/Sottimano-\u2013-Barbaresco-Cott\u00e0-\u2013-2016.jpg","datePublished":"2021-03-12T17:15:57+00:00","dateModified":"2024-01-15T18:24:11+00:00","breadcrumb":{"@id":"https:\/\/laviteturchese.it\/en\/product\/sottimano-barbaresco-cotta-2016\/#breadcrumb"},"inLanguage":"en-US","potentialAction":[{"@type":"ReadAction","target":["https:\/\/laviteturchese.it\/en\/product\/sottimano-barbaresco-cotta-2016\/"]}]},{"@type":"ImageObject","inLanguage":"en-US","@id":"https:\/\/laviteturchese.it\/en\/product\/sottimano-barbaresco-cotta-2016\/#primaryimage","url":"https:\/\/laviteturchese.it\/wp-content\/uploads\/2021\/03\/Sottimano-\u2013-Barbaresco-Cott\u00e0-\u2013-2016.jpg","contentUrl":"https:\/\/laviteturchese.it\/wp-content\/uploads\/2021\/03\/Sottimano-\u2013-Barbaresco-Cott\u00e0-\u2013-2016.jpg","width":1134,"height":2016,"caption":"Red wine Barbaresco cru Cott\u00e0 Neive fine artisan limited production produced with perfect Nebbiolo with game"},{"@type":"BreadcrumbList","@id":"https:\/\/laviteturchese.it\/en\/product\/sottimano-barbaresco-cotta-2016\/#breadcrumb","itemListElement":[{"@type":"ListItem","position":1,"name":"Home","item":"https:\/\/laviteturchese.it\/en\/"},{"@type":"ListItem","position":2,"name":"Shop","item":"https:\/\/laviteturchese.it\/en\/shop\/"},{"@type":"ListItem","position":3,"name":"Sottimano \u2013 Barbaresco Cott\u00e0 \u2013 2016"}]},{"@type":"WebSite","@id":"https:\/\/laviteturchese.it\/en\/#website","url":"https:\/\/laviteturchese.it\/en\/","name":"La vite Turchese","description":"Vini &amp; Spuntini... a tutte le ore!","publisher":{"@id":"https:\/\/laviteturchese.it\/en\/#organization"},"potentialAction":[{"@type":"SearchAction","target":{"@type":"EntryPoint","urlTemplate":"https:\/\/laviteturchese.it\/en\/?s={search_term_string}"},"query-input":{"@type":"PropertyValueSpecification","valueRequired":true,"valueName":"search_term_string"}}],"inLanguage":"en-US"},{"@type":"Organization","@id":"https:\/\/laviteturchese.it\/en\/#organization","name":"La Vite Turchese Shop","url":"https:\/\/laviteturchese.it\/en\/","logo":{"@type":"ImageObject","inLanguage":"en-US","@id":"https:\/\/laviteturchese.it\/en\/#\/schema\/logo\/image\/","url":"http:\/\/laviteturchese.it\/wp-content\/uploads\/2020\/05\/LVT_SHOP-1-1.png","contentUrl":"http:\/\/laviteturchese.it\/wp-content\/uploads\/2020\/05\/LVT_SHOP-1-1.png","width":300,"height":277,"caption":"La Vite Turchese Shop"},"image":{"@id":"https:\/\/laviteturchese.it\/en\/#\/schema\/logo\/image\/"}}]}},"_links":{"self":[{"href":"https:\/\/laviteturchese.it\/en\/wp-json\/wp\/v2\/product\/22451","targetHints":{"allow":["GET"]}}],"collection":[{"href":"https:\/\/laviteturchese.it\/en\/wp-json\/wp\/v2\/product"}],"about":[{"href":"https:\/\/laviteturchese.it\/en\/wp-json\/wp\/v2\/types\/product"}],"replies":[{"embeddable":true,"href":"https:\/\/laviteturchese.it\/en\/wp-json\/wp\/v2\/comments?post=22451"}],"wp:featuredmedia":[{"embeddable":true,"href":"https:\/\/laviteturchese.it\/en\/wp-json\/wp\/v2\/media\/22433"}],"wp:attachment":[{"href":"https:\/\/laviteturchese.it\/en\/wp-json\/wp\/v2\/media?parent=22451"}],"wp:term":[{"taxonomy":"product_brand","embeddable":true,"href":"https:\/\/laviteturchese.it\/en\/wp-json\/wp\/v2\/product_brand?post=22451"},{"taxonomy":"product_cat","embeddable":true,"href":"https:\/\/laviteturchese.it\/en\/wp-json\/wp\/v2\/product_cat?post=22451"},{"taxonomy":"product_tag","embeddable":true,"href":"https:\/\/laviteturchese.it\/en\/wp-json\/wp\/v2\/product_tag?post=22451"}],"curies":[{"name":"wp","href":"https:\/\/api.w.org\/{rel}","templated":true}]}}