{"id":22130,"date":"2021-03-05T17:51:37","date_gmt":"2021-03-05T16:51:37","guid":{"rendered":"https:\/\/shop.laviteturchese.it\/prodotto\/azelia-barolo-margheria-2016\/"},"modified":"2024-01-15T19:23:13","modified_gmt":"2024-01-15T18:23:13","slug":"azelia-barolo-margheria-2016","status":"publish","type":"product","link":"https:\/\/laviteturchese.it\/en\/product\/azelia-barolo-margheria-2016\/","title":{"rendered":"Azelia \u2013 Barolo Margheria \u2013 2016"},"content":{"rendered":"<p>Wine naturally contains solphites<\/p>\n","protected":false},"excerpt":{"rendered":"<p>Cantina fondata nel 1920 a Castiglione Falletto, ora l\u2019azienda possiede 16 ettari ma continua ad essere a conduzione familiare. Il vino si fa ancora alla \u201cvecchia maniera\u201d, rese molto basse da viti vecchie e lavoro accurato in vigna, botti principalmente Grandi e massimo rispetto per i tempi di affinamento, i vini escono sul mercato solo quando sono pronti. I loro vigneti sorgono tra i comuni di Castiglione Falletto e Serralunga d\u2019Alba, due paesi cos\u00ec vicini, ma completamente diversi per il tipo di suolo: nel primo \u00e8 ricco di sabbie dando finezza e profumi al vino, il secondo ha calcaree e marne blu dando vini pi\u00f9 duri e tannici. Margheria, tra le menzioni pi\u00f9 importanti dell\u2019area del Barolo, situata all\u2019estremo occidentale del sinuoso crinale di Serralunga d\u2019Alba, un cru che ci regala vini dalla caloroso eleganza e dall espressivit\u00e0 aromatica senza mancare di tannino e ottima struttura.  Da piante con oltre 65 anni di et\u00e0 sulla parte pi\u00f9 alta della denominazione la cantina Azelia produce un Barolo molto territoriale, complesso, elegante e dal tannino sensuale e persistente. <\/p>\n<li><b>Producer<\/b>: Azelia<\/li>\n<li><b>Name<\/b>: Barolo Margheria<\/li>\n<li><b>Grape Variety<\/b>: 100% Nebbiolo<\/li>\n<li><b>Vintage<\/b>:2016<\/li>\n<li><b>Alcohol Content<\/b>: 14,5%<\/li>\n<li><b>Bottle Size<\/b>: 750ml<\/li>\n<\/ul>\n<p>Productive Notes: Vinification with indigenous yeasts for about 55-60 days with submerged cap, aging for 24 months in wood.<\/p>\n","protected":false},"featured_media":22125,"comment_status":"open","ping_status":"closed","template":"","meta":{"_acf_changed":false},"product_brand":[],"product_cat":[3127,3128,3129,3130,3131,3132,3133],"product_tag":[],"class_list":{"0":"post-22130","1":"product","2":"type-product","3":"status-publish","4":"has-post-thumbnail","6":"product_cat-red","7":"product_cat-italy","8":"product_cat-piedmont","9":"product_cat-barolo-piedmont","10":"product_cat-producers","11":"product_cat-italy-producers","12":"product_cat-piedmont-italy-producers","13":"product_shipping_class-standard-en","15":"first","16":"outofstock","17":"taxable","18":"shipping-taxable","19":"purchasable","20":"product-type-simple","22":"catalog-layout-default","23":"columns-xs-2"},"acf":[],"yoast_head":"<!-- This site is optimized with the Yoast SEO plugin v27.4 - https:\/\/yoast.com\/product\/yoast-seo-wordpress\/ -->\n<title>Azelia \u2013 Barolo Margheria \u2013 2016 - La vite Turchese<\/title>\n<meta name=\"robots\" content=\"index, follow, max-snippet:-1, max-image-preview:large, max-video-preview:-1\" \/>\n<link rel=\"canonical\" href=\"https:\/\/laviteturchese.it\/en\/product\/azelia-barolo-margheria-2016\/\" \/>\n<meta property=\"og:locale\" content=\"en_US\" \/>\n<meta property=\"og:type\" content=\"article\" \/>\n<meta property=\"og:title\" content=\"Azelia \u2013 Barolo Margheria \u2013 2016 - La vite Turchese\" \/>\n<meta property=\"og:description\" content=\"Cantina fondata nel 1920 a Castiglione Falletto, ora l\u2019azienda possiede 16 ettari ma continua ad essere a conduzione familiare. Il vino si fa ancora alla \u201cvecchia maniera\u201d, rese molto basse da viti vecchie e lavoro accurato in vigna, botti principalmente Grandi e massimo rispetto per i tempi di affinamento, i vini escono sul mercato solo quando sono pronti. I loro vigneti sorgono tra i comuni di Castiglione Falletto e Serralunga d\u2019Alba, due paesi cos\u00ec vicini, ma completamente diversi per il tipo di suolo: nel primo \u00e8 ricco di sabbie dando finezza e profumi al vino, il secondo ha calcaree e marne blu dando vini pi\u00f9 duri e tannici. Margheria, tra le menzioni pi\u00f9 importanti dell\u2019area del Barolo, situata all\u2019estremo occidentale del sinuoso crinale di Serralunga d\u2019Alba, un cru che ci regala vini dalla caloroso eleganza e dall espressivit\u00e0 aromatica senza mancare di tannino e ottima struttura. Da piante con oltre 65 anni di et\u00e0 sulla parte pi\u00f9 alta della denominazione la cantina Azelia produce un Barolo molto territoriale, complesso, elegante e dal tannino sensuale e persistente.  Producer: Azelia Name: Barolo Margheria Grape Variety: 100% Nebbiolo Vintage:2016 Alcohol Content: 14,5% Bottle Size: 750ml   Productive Notes: Vinification with indigenous yeasts for about 55-60 days with submerged cap, aging for 24 months in wood.\" \/>\n<meta property=\"og:url\" content=\"https:\/\/laviteturchese.it\/en\/product\/azelia-barolo-margheria-2016\/\" \/>\n<meta property=\"og:site_name\" content=\"La vite Turchese\" \/>\n<meta property=\"article:modified_time\" content=\"2024-01-15T18:23:13+00:00\" \/>\n<meta property=\"og:image\" content=\"https:\/\/laviteturchese.it\/wp-content\/uploads\/2021\/03\/Azelia-\u2013-Barolo-Margheria-\u2013-2016.jpg\" \/>\n\t<meta property=\"og:image:width\" content=\"1134\" \/>\n\t<meta property=\"og:image:height\" content=\"2016\" \/>\n\t<meta property=\"og:image:type\" content=\"image\/jpeg\" \/>\n<meta name=\"twitter:card\" content=\"summary_large_image\" \/>\n<script type=\"application\/ld+json\" class=\"yoast-schema-graph\">{\"@context\":\"https:\\\/\\\/schema.org\",\"@graph\":[{\"@type\":\"WebPage\",\"@id\":\"https:\\\/\\\/laviteturchese.it\\\/en\\\/product\\\/azelia-barolo-margheria-2016\\\/\",\"url\":\"https:\\\/\\\/laviteturchese.it\\\/en\\\/product\\\/azelia-barolo-margheria-2016\\\/\",\"name\":\"Azelia \u2013 Barolo Margheria \u2013 2016 - La vite Turchese\",\"isPartOf\":{\"@id\":\"https:\\\/\\\/laviteturchese.it\\\/en\\\/#website\"},\"primaryImageOfPage\":{\"@id\":\"https:\\\/\\\/laviteturchese.it\\\/en\\\/product\\\/azelia-barolo-margheria-2016\\\/#primaryimage\"},\"image\":{\"@id\":\"https:\\\/\\\/laviteturchese.it\\\/en\\\/product\\\/azelia-barolo-margheria-2016\\\/#primaryimage\"},\"thumbnailUrl\":\"https:\\\/\\\/laviteturchese.it\\\/wp-content\\\/uploads\\\/2021\\\/03\\\/Azelia-\u2013-Barolo-Margheria-\u2013-2016.jpg\",\"datePublished\":\"2021-03-05T16:51:37+00:00\",\"dateModified\":\"2024-01-15T18:23:13+00:00\",\"breadcrumb\":{\"@id\":\"https:\\\/\\\/laviteturchese.it\\\/en\\\/product\\\/azelia-barolo-margheria-2016\\\/#breadcrumb\"},\"inLanguage\":\"en-US\",\"potentialAction\":[{\"@type\":\"ReadAction\",\"target\":[\"https:\\\/\\\/laviteturchese.it\\\/en\\\/product\\\/azelia-barolo-margheria-2016\\\/\"]}]},{\"@type\":\"ImageObject\",\"inLanguage\":\"en-US\",\"@id\":\"https:\\\/\\\/laviteturchese.it\\\/en\\\/product\\\/azelia-barolo-margheria-2016\\\/#primaryimage\",\"url\":\"https:\\\/\\\/laviteturchese.it\\\/wp-content\\\/uploads\\\/2021\\\/03\\\/Azelia-\u2013-Barolo-Margheria-\u2013-2016.jpg\",\"contentUrl\":\"https:\\\/\\\/laviteturchese.it\\\/wp-content\\\/uploads\\\/2021\\\/03\\\/Azelia-\u2013-Barolo-Margheria-\u2013-2016.jpg\",\"width\":1134,\"height\":2016,\"caption\":\"Red wine Barolo cru Margheria Serralunga d'Alba fine traditional artisan limited production perfect with roast meats\"},{\"@type\":\"BreadcrumbList\",\"@id\":\"https:\\\/\\\/laviteturchese.it\\\/en\\\/product\\\/azelia-barolo-margheria-2016\\\/#breadcrumb\",\"itemListElement\":[{\"@type\":\"ListItem\",\"position\":1,\"name\":\"Home\",\"item\":\"https:\\\/\\\/laviteturchese.it\\\/en\\\/\"},{\"@type\":\"ListItem\",\"position\":2,\"name\":\"Shop\",\"item\":\"https:\\\/\\\/laviteturchese.it\\\/en\\\/shop\\\/\"},{\"@type\":\"ListItem\",\"position\":3,\"name\":\"Azelia \u2013 Barolo Margheria \u2013 2016\"}]},{\"@type\":\"WebSite\",\"@id\":\"https:\\\/\\\/laviteturchese.it\\\/en\\\/#website\",\"url\":\"https:\\\/\\\/laviteturchese.it\\\/en\\\/\",\"name\":\"La vite Turchese\",\"description\":\"Vini &amp; Spuntini... a tutte le ore!\",\"publisher\":{\"@id\":\"https:\\\/\\\/laviteturchese.it\\\/en\\\/#organization\"},\"potentialAction\":[{\"@type\":\"SearchAction\",\"target\":{\"@type\":\"EntryPoint\",\"urlTemplate\":\"https:\\\/\\\/laviteturchese.it\\\/en\\\/?s={search_term_string}\"},\"query-input\":{\"@type\":\"PropertyValueSpecification\",\"valueRequired\":true,\"valueName\":\"search_term_string\"}}],\"inLanguage\":\"en-US\"},{\"@type\":\"Organization\",\"@id\":\"https:\\\/\\\/laviteturchese.it\\\/en\\\/#organization\",\"name\":\"La Vite Turchese Shop\",\"url\":\"https:\\\/\\\/laviteturchese.it\\\/en\\\/\",\"logo\":{\"@type\":\"ImageObject\",\"inLanguage\":\"en-US\",\"@id\":\"https:\\\/\\\/laviteturchese.it\\\/en\\\/#\\\/schema\\\/logo\\\/image\\\/\",\"url\":\"http:\\\/\\\/laviteturchese.it\\\/wp-content\\\/uploads\\\/2020\\\/05\\\/LVT_SHOP-1-1.png\",\"contentUrl\":\"http:\\\/\\\/laviteturchese.it\\\/wp-content\\\/uploads\\\/2020\\\/05\\\/LVT_SHOP-1-1.png\",\"width\":300,\"height\":277,\"caption\":\"La Vite Turchese Shop\"},\"image\":{\"@id\":\"https:\\\/\\\/laviteturchese.it\\\/en\\\/#\\\/schema\\\/logo\\\/image\\\/\"}}]}<\/script>\n<!-- \/ Yoast SEO plugin. -->","yoast_head_json":{"title":"Azelia \u2013 Barolo Margheria \u2013 2016 - La vite Turchese","robots":{"index":"index","follow":"follow","max-snippet":"max-snippet:-1","max-image-preview":"max-image-preview:large","max-video-preview":"max-video-preview:-1"},"canonical":"https:\/\/laviteturchese.it\/en\/product\/azelia-barolo-margheria-2016\/","og_locale":"en_US","og_type":"article","og_title":"Azelia \u2013 Barolo Margheria \u2013 2016 - La vite Turchese","og_description":"Cantina fondata nel 1920 a Castiglione Falletto, ora l\u2019azienda possiede 16 ettari ma continua ad essere a conduzione familiare. Il vino si fa ancora alla \u201cvecchia maniera\u201d, rese molto basse da viti vecchie e lavoro accurato in vigna, botti principalmente Grandi e massimo rispetto per i tempi di affinamento, i vini escono sul mercato solo quando sono pronti. I loro vigneti sorgono tra i comuni di Castiglione Falletto e Serralunga d\u2019Alba, due paesi cos\u00ec vicini, ma completamente diversi per il tipo di suolo: nel primo \u00e8 ricco di sabbie dando finezza e profumi al vino, il secondo ha calcaree e marne blu dando vini pi\u00f9 duri e tannici. Margheria, tra le menzioni pi\u00f9 importanti dell\u2019area del Barolo, situata all\u2019estremo occidentale del sinuoso crinale di Serralunga d\u2019Alba, un cru che ci regala vini dalla caloroso eleganza e dall espressivit\u00e0 aromatica senza mancare di tannino e ottima struttura. Da piante con oltre 65 anni di et\u00e0 sulla parte pi\u00f9 alta della denominazione la cantina Azelia produce un Barolo molto territoriale, complesso, elegante e dal tannino sensuale e persistente.  Producer: Azelia Name: Barolo Margheria Grape Variety: 100% Nebbiolo Vintage:2016 Alcohol Content: 14,5% Bottle Size: 750ml   Productive Notes: Vinification with indigenous yeasts for about 55-60 days with submerged cap, aging for 24 months in wood.","og_url":"https:\/\/laviteturchese.it\/en\/product\/azelia-barolo-margheria-2016\/","og_site_name":"La vite Turchese","article_modified_time":"2024-01-15T18:23:13+00:00","og_image":[{"width":1134,"height":2016,"url":"https:\/\/laviteturchese.it\/wp-content\/uploads\/2021\/03\/Azelia-\u2013-Barolo-Margheria-\u2013-2016.jpg","type":"image\/jpeg"}],"twitter_card":"summary_large_image","schema":{"@context":"https:\/\/schema.org","@graph":[{"@type":"WebPage","@id":"https:\/\/laviteturchese.it\/en\/product\/azelia-barolo-margheria-2016\/","url":"https:\/\/laviteturchese.it\/en\/product\/azelia-barolo-margheria-2016\/","name":"Azelia \u2013 Barolo Margheria \u2013 2016 - La vite Turchese","isPartOf":{"@id":"https:\/\/laviteturchese.it\/en\/#website"},"primaryImageOfPage":{"@id":"https:\/\/laviteturchese.it\/en\/product\/azelia-barolo-margheria-2016\/#primaryimage"},"image":{"@id":"https:\/\/laviteturchese.it\/en\/product\/azelia-barolo-margheria-2016\/#primaryimage"},"thumbnailUrl":"https:\/\/laviteturchese.it\/wp-content\/uploads\/2021\/03\/Azelia-\u2013-Barolo-Margheria-\u2013-2016.jpg","datePublished":"2021-03-05T16:51:37+00:00","dateModified":"2024-01-15T18:23:13+00:00","breadcrumb":{"@id":"https:\/\/laviteturchese.it\/en\/product\/azelia-barolo-margheria-2016\/#breadcrumb"},"inLanguage":"en-US","potentialAction":[{"@type":"ReadAction","target":["https:\/\/laviteturchese.it\/en\/product\/azelia-barolo-margheria-2016\/"]}]},{"@type":"ImageObject","inLanguage":"en-US","@id":"https:\/\/laviteturchese.it\/en\/product\/azelia-barolo-margheria-2016\/#primaryimage","url":"https:\/\/laviteturchese.it\/wp-content\/uploads\/2021\/03\/Azelia-\u2013-Barolo-Margheria-\u2013-2016.jpg","contentUrl":"https:\/\/laviteturchese.it\/wp-content\/uploads\/2021\/03\/Azelia-\u2013-Barolo-Margheria-\u2013-2016.jpg","width":1134,"height":2016,"caption":"Red wine Barolo cru Margheria Serralunga d'Alba fine traditional artisan limited production perfect with roast meats"},{"@type":"BreadcrumbList","@id":"https:\/\/laviteturchese.it\/en\/product\/azelia-barolo-margheria-2016\/#breadcrumb","itemListElement":[{"@type":"ListItem","position":1,"name":"Home","item":"https:\/\/laviteturchese.it\/en\/"},{"@type":"ListItem","position":2,"name":"Shop","item":"https:\/\/laviteturchese.it\/en\/shop\/"},{"@type":"ListItem","position":3,"name":"Azelia \u2013 Barolo Margheria \u2013 2016"}]},{"@type":"WebSite","@id":"https:\/\/laviteturchese.it\/en\/#website","url":"https:\/\/laviteturchese.it\/en\/","name":"La vite Turchese","description":"Vini &amp; Spuntini... a tutte le ore!","publisher":{"@id":"https:\/\/laviteturchese.it\/en\/#organization"},"potentialAction":[{"@type":"SearchAction","target":{"@type":"EntryPoint","urlTemplate":"https:\/\/laviteturchese.it\/en\/?s={search_term_string}"},"query-input":{"@type":"PropertyValueSpecification","valueRequired":true,"valueName":"search_term_string"}}],"inLanguage":"en-US"},{"@type":"Organization","@id":"https:\/\/laviteturchese.it\/en\/#organization","name":"La Vite Turchese Shop","url":"https:\/\/laviteturchese.it\/en\/","logo":{"@type":"ImageObject","inLanguage":"en-US","@id":"https:\/\/laviteturchese.it\/en\/#\/schema\/logo\/image\/","url":"http:\/\/laviteturchese.it\/wp-content\/uploads\/2020\/05\/LVT_SHOP-1-1.png","contentUrl":"http:\/\/laviteturchese.it\/wp-content\/uploads\/2020\/05\/LVT_SHOP-1-1.png","width":300,"height":277,"caption":"La Vite Turchese Shop"},"image":{"@id":"https:\/\/laviteturchese.it\/en\/#\/schema\/logo\/image\/"}}]}},"_links":{"self":[{"href":"https:\/\/laviteturchese.it\/en\/wp-json\/wp\/v2\/product\/22130","targetHints":{"allow":["GET"]}}],"collection":[{"href":"https:\/\/laviteturchese.it\/en\/wp-json\/wp\/v2\/product"}],"about":[{"href":"https:\/\/laviteturchese.it\/en\/wp-json\/wp\/v2\/types\/product"}],"replies":[{"embeddable":true,"href":"https:\/\/laviteturchese.it\/en\/wp-json\/wp\/v2\/comments?post=22130"}],"wp:featuredmedia":[{"embeddable":true,"href":"https:\/\/laviteturchese.it\/en\/wp-json\/wp\/v2\/media\/22125"}],"wp:attachment":[{"href":"https:\/\/laviteturchese.it\/en\/wp-json\/wp\/v2\/media?parent=22130"}],"wp:term":[{"taxonomy":"product_brand","embeddable":true,"href":"https:\/\/laviteturchese.it\/en\/wp-json\/wp\/v2\/product_brand?post=22130"},{"taxonomy":"product_cat","embeddable":true,"href":"https:\/\/laviteturchese.it\/en\/wp-json\/wp\/v2\/product_cat?post=22130"},{"taxonomy":"product_tag","embeddable":true,"href":"https:\/\/laviteturchese.it\/en\/wp-json\/wp\/v2\/product_tag?post=22130"}],"curies":[{"name":"wp","href":"https:\/\/api.w.org\/{rel}","templated":true}]}}