{"id":21916,"date":"2021-02-17T15:35:23","date_gmt":"2021-02-17T14:35:23","guid":{"rendered":"https:\/\/shop.laviteturchese.it\/prodotto\/kuen-hof-sudtirol-gewurztraminer-2019\/"},"modified":"2024-01-15T19:22:35","modified_gmt":"2024-01-15T18:22:35","slug":"kuen-hof-sudtirol-gewurztraminer-2019","status":"publish","type":"product","link":"https:\/\/laviteturchese.it\/en\/product\/kuen-hof-sudtirol-gewurztraminer-2019\/","title":{"rendered":"Kuen Hof \u2013 S\u00fcdtirol Gew\u00fcrztraminer \u2013 2019"},"content":{"rendered":"<p>Wine naturally contains sulphites. Product images are indicative only and may not reflect the content<\/p>\n","protected":false},"excerpt":{"rendered":"<p>The kuenhof company located in Bressanone in South Tyrol has always produced wines, and has been owned by the Pliger family for 200 years. It is a very small reality of only 6 hectares of vineyards between 500 &#8211; 700 meters high, where the aromatic white grape varieties are the masters, in fact only Riesling, Sylvaner, Veltliner and Gewurztraminer are produced in very few quantities. They are one of the best discoveries in South Tyrol, let&#8217;s say a gem! Until the 1980s they gave grapes to the Abbazia di Novacella cooperative, but since 1990 they have released their own label with less than 2000 bottles. Peter Pliger&#8217;s style is very clear: to personally take care of each plant in the most natural way possible, also following an organic philosophy in the cellar. The wines are super clean and very territorial, aromatic with a great acidity and flavor !!<br \/>\nThe Gew\u00fcrztraminer comes from vines with an average age of 3 years and is aged in steel tanks and bottles. This wine fully represents the aromaticity of this blend, leaving a fresh mouth with a nice acidity on the finish. Wine that plays on scents!<\/p>\n<li><b>Producer<\/b>: Kuenhof di Peter Pliger <\/li>\n<li><b>Name<\/b>: S\u00fcdtirol Gew\u00fcrztraminer <\/li>\n<li><b>Grape Variety<\/b>: 100% Gew\u00fcrztraminer <\/li>\n<li><b>Vintage<\/b>: 2019 <\/li>\n<li><b>Alcohol Content<\/b>: 14%<\/li>\n<li><b>Bottle Size<\/b>: 750 ml<\/li>\n<li><b>Production<\/b>:  <\/li>\n<\/ul>\n<p>Productive Notes: fermentation and aging in steel tanks and large acacia barrels.<\/p>\n","protected":false},"featured_media":21908,"comment_status":"open","ping_status":"closed","template":"","meta":{"_acf_changed":false},"product_brand":[],"product_cat":[3157,3165,3234,3131,3132,3235],"product_tag":[],"class_list":{"0":"post-21916","1":"product","2":"type-product","3":"status-publish","4":"has-post-thumbnail","6":"product_cat-white","7":"product_cat-italy-white","8":"product_cat-trentino-alto-adige-italy-white","9":"product_cat-producers","10":"product_cat-italy-producers","11":"product_cat-trentino-alto-adige-italy-producers","12":"product_shipping_class-standard-en","14":"first","15":"outofstock","16":"taxable","17":"shipping-taxable","18":"purchasable","19":"product-type-simple","21":"catalog-layout-default","22":"columns-xs-2"},"acf":[],"yoast_head":"<!-- This site is optimized with the Yoast SEO plugin v27.3 - https:\/\/yoast.com\/product\/yoast-seo-wordpress\/ -->\n<title>Kuen Hof \u2013 S\u00fcdtirol Gew\u00fcrztraminer \u2013 2019 - La vite Turchese<\/title>\n<meta name=\"robots\" content=\"index, follow, max-snippet:-1, max-image-preview:large, max-video-preview:-1\" \/>\n<link rel=\"canonical\" href=\"https:\/\/laviteturchese.it\/en\/product\/kuen-hof-sudtirol-gewurztraminer-2019\/\" \/>\n<meta property=\"og:locale\" content=\"en_US\" \/>\n<meta property=\"og:type\" content=\"article\" \/>\n<meta property=\"og:title\" content=\"Kuen Hof \u2013 S\u00fcdtirol Gew\u00fcrztraminer \u2013 2019 - La vite Turchese\" \/>\n<meta property=\"og:description\" content=\"The kuenhof company located in Bressanone in South Tyrol has always produced wines, and has been owned by the Pliger family for 200 years. It is a very small reality of only 6 hectares of vineyards between 500 - 700 meters high, where the aromatic white grape varieties are the masters, in fact only Riesling, Sylvaner, Veltliner and Gewurztraminer are produced in very few quantities. They are one of the best discoveries in South Tyrol, let&#039;s say a gem! Until the 1980s they gave grapes to the Abbazia di Novacella cooperative, but since 1990 they have released their own label with less than 2000 bottles. Peter Pliger&#039;s style is very clear: to personally take care of each plant in the most natural way possible, also following an organic philosophy in the cellar. The wines are super clean and very territorial, aromatic with a great acidity and flavor !! The Gew\u00fcrztraminer comes from vines with an average age of 3 years and is aged in steel tanks and bottles. This wine fully represents the aromaticity of this blend, leaving a fresh mouth with a nice acidity on the finish. Wine that plays on scents!  Producer: Kuenhof di Peter Pliger  Name: S\u00fcdtirol Gew\u00fcrztraminer  Grape Variety: 100% Gew\u00fcrztraminer  Vintage: 2019  Alcohol Content: 14% Bottle Size: 750 ml Production:   Productive Notes: fermentation and aging in steel tanks and large acacia barrels.\" \/>\n<meta property=\"og:url\" content=\"https:\/\/laviteturchese.it\/en\/product\/kuen-hof-sudtirol-gewurztraminer-2019\/\" \/>\n<meta property=\"og:site_name\" content=\"La vite Turchese\" \/>\n<meta property=\"article:modified_time\" content=\"2024-01-15T18:22:35+00:00\" \/>\n<meta property=\"og:image\" content=\"https:\/\/laviteturchese.it\/wp-content\/uploads\/2021\/02\/Kuen-Hof-\u2013-S\u00fcdtirol-Gew\u00fcrztraminer-\u2013-2019-.jpg\" \/>\n\t<meta property=\"og:image:width\" content=\"1134\" \/>\n\t<meta property=\"og:image:height\" content=\"2016\" \/>\n\t<meta property=\"og:image:type\" content=\"image\/jpeg\" \/>\n<meta name=\"twitter:card\" content=\"summary_large_image\" \/>\n<script type=\"application\/ld+json\" class=\"yoast-schema-graph\">{\"@context\":\"https:\\\/\\\/schema.org\",\"@graph\":[{\"@type\":\"WebPage\",\"@id\":\"https:\\\/\\\/laviteturchese.it\\\/en\\\/product\\\/kuen-hof-sudtirol-gewurztraminer-2019\\\/\",\"url\":\"https:\\\/\\\/laviteturchese.it\\\/en\\\/product\\\/kuen-hof-sudtirol-gewurztraminer-2019\\\/\",\"name\":\"Kuen Hof \u2013 S\u00fcdtirol Gew\u00fcrztraminer \u2013 2019 - La vite Turchese\",\"isPartOf\":{\"@id\":\"https:\\\/\\\/laviteturchese.it\\\/en\\\/#website\"},\"primaryImageOfPage\":{\"@id\":\"https:\\\/\\\/laviteturchese.it\\\/en\\\/product\\\/kuen-hof-sudtirol-gewurztraminer-2019\\\/#primaryimage\"},\"image\":{\"@id\":\"https:\\\/\\\/laviteturchese.it\\\/en\\\/product\\\/kuen-hof-sudtirol-gewurztraminer-2019\\\/#primaryimage\"},\"thumbnailUrl\":\"https:\\\/\\\/laviteturchese.it\\\/wp-content\\\/uploads\\\/2021\\\/02\\\/Kuen-Hof-\u2013-S\u00fcdtirol-Gew\u00fcrztraminer-\u2013-2019-.jpg\",\"datePublished\":\"2021-02-17T14:35:23+00:00\",\"dateModified\":\"2024-01-15T18:22:35+00:00\",\"breadcrumb\":{\"@id\":\"https:\\\/\\\/laviteturchese.it\\\/en\\\/product\\\/kuen-hof-sudtirol-gewurztraminer-2019\\\/#breadcrumb\"},\"inLanguage\":\"en-US\",\"potentialAction\":[{\"@type\":\"ReadAction\",\"target\":[\"https:\\\/\\\/laviteturchese.it\\\/en\\\/product\\\/kuen-hof-sudtirol-gewurztraminer-2019\\\/\"]}]},{\"@type\":\"ImageObject\",\"inLanguage\":\"en-US\",\"@id\":\"https:\\\/\\\/laviteturchese.it\\\/en\\\/product\\\/kuen-hof-sudtirol-gewurztraminer-2019\\\/#primaryimage\",\"url\":\"https:\\\/\\\/laviteturchese.it\\\/wp-content\\\/uploads\\\/2021\\\/02\\\/Kuen-Hof-\u2013-S\u00fcdtirol-Gew\u00fcrztraminer-\u2013-2019-.jpg\",\"contentUrl\":\"https:\\\/\\\/laviteturchese.it\\\/wp-content\\\/uploads\\\/2021\\\/02\\\/Kuen-Hof-\u2013-S\u00fcdtirol-Gew\u00fcrztraminer-\u2013-2019-.jpg\",\"width\":1134,\"height\":2016,\"caption\":\"aromatic white wine Alto Adige traditional boutique fresh savory made with Gew\u00fcrztraminer grapes perfect with fish and white meat\"},{\"@type\":\"BreadcrumbList\",\"@id\":\"https:\\\/\\\/laviteturchese.it\\\/en\\\/product\\\/kuen-hof-sudtirol-gewurztraminer-2019\\\/#breadcrumb\",\"itemListElement\":[{\"@type\":\"ListItem\",\"position\":1,\"name\":\"Home\",\"item\":\"https:\\\/\\\/laviteturchese.it\\\/en\\\/\"},{\"@type\":\"ListItem\",\"position\":2,\"name\":\"Shop\",\"item\":\"https:\\\/\\\/laviteturchese.it\\\/en\\\/shop\\\/\"},{\"@type\":\"ListItem\",\"position\":3,\"name\":\"Kuen Hof \u2013 S\u00fcdtirol Gew\u00fcrztraminer \u2013 2019\"}]},{\"@type\":\"WebSite\",\"@id\":\"https:\\\/\\\/laviteturchese.it\\\/en\\\/#website\",\"url\":\"https:\\\/\\\/laviteturchese.it\\\/en\\\/\",\"name\":\"La vite Turchese\",\"description\":\"Vini &amp; Spuntini... a tutte le ore!\",\"publisher\":{\"@id\":\"https:\\\/\\\/laviteturchese.it\\\/en\\\/#organization\"},\"potentialAction\":[{\"@type\":\"SearchAction\",\"target\":{\"@type\":\"EntryPoint\",\"urlTemplate\":\"https:\\\/\\\/laviteturchese.it\\\/en\\\/?s={search_term_string}\"},\"query-input\":{\"@type\":\"PropertyValueSpecification\",\"valueRequired\":true,\"valueName\":\"search_term_string\"}}],\"inLanguage\":\"en-US\"},{\"@type\":\"Organization\",\"@id\":\"https:\\\/\\\/laviteturchese.it\\\/en\\\/#organization\",\"name\":\"La Vite Turchese Shop\",\"url\":\"https:\\\/\\\/laviteturchese.it\\\/en\\\/\",\"logo\":{\"@type\":\"ImageObject\",\"inLanguage\":\"en-US\",\"@id\":\"https:\\\/\\\/laviteturchese.it\\\/en\\\/#\\\/schema\\\/logo\\\/image\\\/\",\"url\":\"http:\\\/\\\/laviteturchese.it\\\/wp-content\\\/uploads\\\/2020\\\/05\\\/LVT_SHOP-1-1.png\",\"contentUrl\":\"http:\\\/\\\/laviteturchese.it\\\/wp-content\\\/uploads\\\/2020\\\/05\\\/LVT_SHOP-1-1.png\",\"width\":300,\"height\":277,\"caption\":\"La Vite Turchese Shop\"},\"image\":{\"@id\":\"https:\\\/\\\/laviteturchese.it\\\/en\\\/#\\\/schema\\\/logo\\\/image\\\/\"}}]}<\/script>\n<!-- \/ Yoast SEO plugin. -->","yoast_head_json":{"title":"Kuen Hof \u2013 S\u00fcdtirol Gew\u00fcrztraminer \u2013 2019 - La vite Turchese","robots":{"index":"index","follow":"follow","max-snippet":"max-snippet:-1","max-image-preview":"max-image-preview:large","max-video-preview":"max-video-preview:-1"},"canonical":"https:\/\/laviteturchese.it\/en\/product\/kuen-hof-sudtirol-gewurztraminer-2019\/","og_locale":"en_US","og_type":"article","og_title":"Kuen Hof \u2013 S\u00fcdtirol Gew\u00fcrztraminer \u2013 2019 - La vite Turchese","og_description":"The kuenhof company located in Bressanone in South Tyrol has always produced wines, and has been owned by the Pliger family for 200 years. It is a very small reality of only 6 hectares of vineyards between 500 - 700 meters high, where the aromatic white grape varieties are the masters, in fact only Riesling, Sylvaner, Veltliner and Gewurztraminer are produced in very few quantities. They are one of the best discoveries in South Tyrol, let's say a gem! Until the 1980s they gave grapes to the Abbazia di Novacella cooperative, but since 1990 they have released their own label with less than 2000 bottles. Peter Pliger's style is very clear: to personally take care of each plant in the most natural way possible, also following an organic philosophy in the cellar. The wines are super clean and very territorial, aromatic with a great acidity and flavor !! The Gew\u00fcrztraminer comes from vines with an average age of 3 years and is aged in steel tanks and bottles. This wine fully represents the aromaticity of this blend, leaving a fresh mouth with a nice acidity on the finish. Wine that plays on scents!  Producer: Kuenhof di Peter Pliger  Name: S\u00fcdtirol Gew\u00fcrztraminer  Grape Variety: 100% Gew\u00fcrztraminer  Vintage: 2019  Alcohol Content: 14% Bottle Size: 750 ml Production:   Productive Notes: fermentation and aging in steel tanks and large acacia barrels.","og_url":"https:\/\/laviteturchese.it\/en\/product\/kuen-hof-sudtirol-gewurztraminer-2019\/","og_site_name":"La vite Turchese","article_modified_time":"2024-01-15T18:22:35+00:00","og_image":[{"width":1134,"height":2016,"url":"https:\/\/laviteturchese.it\/wp-content\/uploads\/2021\/02\/Kuen-Hof-\u2013-S\u00fcdtirol-Gew\u00fcrztraminer-\u2013-2019-.jpg","type":"image\/jpeg"}],"twitter_card":"summary_large_image","schema":{"@context":"https:\/\/schema.org","@graph":[{"@type":"WebPage","@id":"https:\/\/laviteturchese.it\/en\/product\/kuen-hof-sudtirol-gewurztraminer-2019\/","url":"https:\/\/laviteturchese.it\/en\/product\/kuen-hof-sudtirol-gewurztraminer-2019\/","name":"Kuen Hof \u2013 S\u00fcdtirol Gew\u00fcrztraminer \u2013 2019 - La vite Turchese","isPartOf":{"@id":"https:\/\/laviteturchese.it\/en\/#website"},"primaryImageOfPage":{"@id":"https:\/\/laviteturchese.it\/en\/product\/kuen-hof-sudtirol-gewurztraminer-2019\/#primaryimage"},"image":{"@id":"https:\/\/laviteturchese.it\/en\/product\/kuen-hof-sudtirol-gewurztraminer-2019\/#primaryimage"},"thumbnailUrl":"https:\/\/laviteturchese.it\/wp-content\/uploads\/2021\/02\/Kuen-Hof-\u2013-S\u00fcdtirol-Gew\u00fcrztraminer-\u2013-2019-.jpg","datePublished":"2021-02-17T14:35:23+00:00","dateModified":"2024-01-15T18:22:35+00:00","breadcrumb":{"@id":"https:\/\/laviteturchese.it\/en\/product\/kuen-hof-sudtirol-gewurztraminer-2019\/#breadcrumb"},"inLanguage":"en-US","potentialAction":[{"@type":"ReadAction","target":["https:\/\/laviteturchese.it\/en\/product\/kuen-hof-sudtirol-gewurztraminer-2019\/"]}]},{"@type":"ImageObject","inLanguage":"en-US","@id":"https:\/\/laviteturchese.it\/en\/product\/kuen-hof-sudtirol-gewurztraminer-2019\/#primaryimage","url":"https:\/\/laviteturchese.it\/wp-content\/uploads\/2021\/02\/Kuen-Hof-\u2013-S\u00fcdtirol-Gew\u00fcrztraminer-\u2013-2019-.jpg","contentUrl":"https:\/\/laviteturchese.it\/wp-content\/uploads\/2021\/02\/Kuen-Hof-\u2013-S\u00fcdtirol-Gew\u00fcrztraminer-\u2013-2019-.jpg","width":1134,"height":2016,"caption":"aromatic white wine Alto Adige traditional boutique fresh savory made with Gew\u00fcrztraminer grapes perfect with fish and white meat"},{"@type":"BreadcrumbList","@id":"https:\/\/laviteturchese.it\/en\/product\/kuen-hof-sudtirol-gewurztraminer-2019\/#breadcrumb","itemListElement":[{"@type":"ListItem","position":1,"name":"Home","item":"https:\/\/laviteturchese.it\/en\/"},{"@type":"ListItem","position":2,"name":"Shop","item":"https:\/\/laviteturchese.it\/en\/shop\/"},{"@type":"ListItem","position":3,"name":"Kuen Hof \u2013 S\u00fcdtirol Gew\u00fcrztraminer \u2013 2019"}]},{"@type":"WebSite","@id":"https:\/\/laviteturchese.it\/en\/#website","url":"https:\/\/laviteturchese.it\/en\/","name":"La vite Turchese","description":"Vini &amp; Spuntini... a tutte le ore!","publisher":{"@id":"https:\/\/laviteturchese.it\/en\/#organization"},"potentialAction":[{"@type":"SearchAction","target":{"@type":"EntryPoint","urlTemplate":"https:\/\/laviteturchese.it\/en\/?s={search_term_string}"},"query-input":{"@type":"PropertyValueSpecification","valueRequired":true,"valueName":"search_term_string"}}],"inLanguage":"en-US"},{"@type":"Organization","@id":"https:\/\/laviteturchese.it\/en\/#organization","name":"La Vite Turchese Shop","url":"https:\/\/laviteturchese.it\/en\/","logo":{"@type":"ImageObject","inLanguage":"en-US","@id":"https:\/\/laviteturchese.it\/en\/#\/schema\/logo\/image\/","url":"http:\/\/laviteturchese.it\/wp-content\/uploads\/2020\/05\/LVT_SHOP-1-1.png","contentUrl":"http:\/\/laviteturchese.it\/wp-content\/uploads\/2020\/05\/LVT_SHOP-1-1.png","width":300,"height":277,"caption":"La Vite Turchese Shop"},"image":{"@id":"https:\/\/laviteturchese.it\/en\/#\/schema\/logo\/image\/"}}]}},"_links":{"self":[{"href":"https:\/\/laviteturchese.it\/en\/wp-json\/wp\/v2\/product\/21916","targetHints":{"allow":["GET"]}}],"collection":[{"href":"https:\/\/laviteturchese.it\/en\/wp-json\/wp\/v2\/product"}],"about":[{"href":"https:\/\/laviteturchese.it\/en\/wp-json\/wp\/v2\/types\/product"}],"replies":[{"embeddable":true,"href":"https:\/\/laviteturchese.it\/en\/wp-json\/wp\/v2\/comments?post=21916"}],"wp:featuredmedia":[{"embeddable":true,"href":"https:\/\/laviteturchese.it\/en\/wp-json\/wp\/v2\/media\/21908"}],"wp:attachment":[{"href":"https:\/\/laviteturchese.it\/en\/wp-json\/wp\/v2\/media?parent=21916"}],"wp:term":[{"taxonomy":"product_brand","embeddable":true,"href":"https:\/\/laviteturchese.it\/en\/wp-json\/wp\/v2\/product_brand?post=21916"},{"taxonomy":"product_cat","embeddable":true,"href":"https:\/\/laviteturchese.it\/en\/wp-json\/wp\/v2\/product_cat?post=21916"},{"taxonomy":"product_tag","embeddable":true,"href":"https:\/\/laviteturchese.it\/en\/wp-json\/wp\/v2\/product_tag?post=21916"}],"curies":[{"name":"wp","href":"https:\/\/api.w.org\/{rel}","templated":true}]}}