{"id":20382,"date":"2020-11-21T11:09:20","date_gmt":"2020-11-21T10:09:20","guid":{"rendered":"https:\/\/shop.laviteturchese.it\/prodotto\/perrier-jouet-champagne-belle-epoque-2008\/"},"modified":"2024-01-15T19:16:51","modified_gmt":"2024-01-15T18:16:51","slug":"perrier-jouet-champagne-belle-epoque-2008","status":"publish","type":"product","link":"https:\/\/laviteturchese.it\/en\/product\/perrier-jouet-champagne-belle-epoque-2008\/","title":{"rendered":"Perrier-Jou\u00ebt \u2013 Champagne Belle Epoque \u2013 2008"},"content":{"rendered":"<p>Wine naturally contains solphites<\/p>\n","protected":false},"excerpt":{"rendered":"<p>We are talking about 1811 when Pierre Nicolas Perrier and Ad\u00e8le Jouet founded the Maison, and from the very first bottling the name Perrier-Jou\u00ebt began to make itself known and appreciated for the excellent quality of its Champagnes. The constant search for perfection led the couple to buy the best Grands Crus in the Cote des Blancs, and to avoid counterfeiting they were the first to insert the Cru and the vintage on the bottles. At the end of the nineteenth century it was one of the most prestigious and expensive labels in Champagne. Quality is always the top priority and there is no room for compromise. Perrier-Jou\u00ebt bubbles are distinguished, in fact, by their floral character, absolute elegance and rare aromatic finesse where Chardonnay prevails. Today the Maison is owned by Pernod-Ricard 65 hectares of vineyards with the highest average in the Cru scale.<br \/>\nIf we talk about the Maison Perrier-Jou\u00ebt today we cannot fail to mention the great Chef de cav\u00e9 Herv\u00e9 Deschamps, he is a legend and his is not a simple job but a true art of assembly.<br \/>\nCuv\u00e9e Belle Epoque is the most classic and representative wine of the company, an assembly of Chardonnay, Pinot Nero and Pinot Meunier from the best Grands Crus. Each bottle gives us great emotions, the unmistakable floral part that has always belonged to the Maison accompanied by fragrant notes and a very pleasant and lush drink.<\/p>\n<ul>\n<li><b>Producer<\/b>: Perrier-Jou\u00ebt<\/li>\n<li><b>Name<\/b>:Champagne Belle Epoque<\/li>\n<li><b>Grape Variety<\/b>: 50% Chardonnay, 45%Pinot Nero, 5% Pinot Meunier<\/li>\n<li><b>Vintage<\/b>: 2008<\/li>\n<li><b>Alcohol Content<\/b>: 12.5%<\/li>\n<li><b>Bottle Size<\/b>: 750ml<\/li>\n<\/ul>\n<p>Productive Notes:Fermentation in steel, the wine rests on its own yeasts for at least 6 years before disgorging.<\/p>\n","protected":false},"featured_media":21239,"comment_status":"open","ping_status":"closed","template":"","meta":{"_acf_changed":false},"product_brand":[],"product_cat":[3174,3178,3179,3180,3131,3155,3173],"product_tag":[],"class_list":{"0":"post-20382","1":"product","2":"type-product","3":"status-publish","4":"has-post-thumbnail","6":"product_cat-sparkling","7":"product_cat-europe-sparkling","8":"product_cat-france-europe-sparkling","9":"product_cat-champagne-france-europe-sparkling","10":"product_cat-producers","11":"product_cat-europe-producers","12":"product_cat-france-europe-producers","13":"product_shipping_class-standard-en","15":"first","16":"outofstock","17":"taxable","18":"shipping-taxable","19":"purchasable","20":"product-type-simple","22":"catalog-layout-default","23":"columns-xs-2"},"acf":[],"yoast_head":"<!-- This site is optimized with the Yoast SEO plugin v27.6 - https:\/\/yoast.com\/product\/yoast-seo-wordpress\/ -->\n<title>Perrier-Jou\u00ebt \u2013 Champagne Belle Epoque \u2013 2008 - La vite Turchese<\/title>\n<meta name=\"robots\" content=\"index, follow, max-snippet:-1, max-image-preview:large, max-video-preview:-1\" \/>\n<link rel=\"canonical\" href=\"https:\/\/laviteturchese.it\/en\/product\/perrier-jouet-champagne-belle-epoque-2008\/\" \/>\n<meta property=\"og:locale\" content=\"en_US\" \/>\n<meta property=\"og:type\" content=\"article\" \/>\n<meta property=\"og:title\" content=\"Perrier-Jou\u00ebt \u2013 Champagne Belle Epoque \u2013 2008 - La vite Turchese\" \/>\n<meta property=\"og:description\" content=\"We are talking about 1811 when Pierre Nicolas Perrier and Ad\u00e8le Jouet founded the Maison, and from the very first bottling the name Perrier-Jou\u00ebt began to make itself known and appreciated for the excellent quality of its Champagnes. The constant search for perfection led the couple to buy the best Grands Crus in the Cote des Blancs, and to avoid counterfeiting they were the first to insert the Cru and the vintage on the bottles. At the end of the nineteenth century it was one of the most prestigious and expensive labels in Champagne. Quality is always the top priority and there is no room for compromise. Perrier-Jou\u00ebt bubbles are distinguished, in fact, by their floral character, absolute elegance and rare aromatic finesse where Chardonnay prevails. Today the Maison is owned by Pernod-Ricard 65 hectares of vineyards with the highest average in the Cru scale. If we talk about the Maison Perrier-Jou\u00ebt today we cannot fail to mention the great Chef de cav\u00e9 Herv\u00e9 Deschamps, he is a legend and his is not a simple job but a true art of assembly. Cuv\u00e9e Belle Epoque is the most classic and representative wine of the company, an assembly of Chardonnay, Pinot Nero and Pinot Meunier from the best Grands Crus. Each bottle gives us great emotions, the unmistakable floral part that has always belonged to the Maison accompanied by fragrant notes and a very pleasant and lush drink.   Producer: Perrier-Jou\u00ebt  Name:Champagne Belle Epoque  Grape Variety: 50% Chardonnay, 45%Pinot Nero, 5% Pinot Meunier  Vintage: 2008  Alcohol Content: 12.5%  Bottle Size: 750ml  Productive Notes:Fermentation in steel, the wine rests on its own yeasts for at least 6 years before disgorging.\" \/>\n<meta property=\"og:url\" content=\"https:\/\/laviteturchese.it\/en\/product\/perrier-jouet-champagne-belle-epoque-2008\/\" \/>\n<meta property=\"og:site_name\" content=\"La vite Turchese\" \/>\n<meta property=\"article:modified_time\" content=\"2024-01-15T18:16:51+00:00\" \/>\n<meta property=\"og:image\" content=\"https:\/\/laviteturchese.it\/wp-content\/uploads\/2021\/01\/Perrier-Jou\u00ebt-\u2013-Champagne-Belle-Epoque-\u2013-2008.jpg-1-scaled.jpg\" \/>\n\t<meta property=\"og:image:width\" content=\"450\" \/>\n\t<meta property=\"og:image:height\" content=\"800\" \/>\n\t<meta property=\"og:image:type\" content=\"image\/jpeg\" \/>\n<meta name=\"twitter:card\" content=\"summary_large_image\" \/>\n<script type=\"application\/ld+json\" class=\"yoast-schema-graph\">{\"@context\":\"https:\\\/\\\/schema.org\",\"@graph\":[{\"@type\":\"WebPage\",\"@id\":\"https:\\\/\\\/laviteturchese.it\\\/en\\\/product\\\/perrier-jouet-champagne-belle-epoque-2008\\\/\",\"url\":\"https:\\\/\\\/laviteturchese.it\\\/en\\\/product\\\/perrier-jouet-champagne-belle-epoque-2008\\\/\",\"name\":\"Perrier-Jou\u00ebt \u2013 Champagne Belle Epoque \u2013 2008 - La vite Turchese\",\"isPartOf\":{\"@id\":\"https:\\\/\\\/laviteturchese.it\\\/en\\\/#website\"},\"primaryImageOfPage\":{\"@id\":\"https:\\\/\\\/laviteturchese.it\\\/en\\\/product\\\/perrier-jouet-champagne-belle-epoque-2008\\\/#primaryimage\"},\"image\":{\"@id\":\"https:\\\/\\\/laviteturchese.it\\\/en\\\/product\\\/perrier-jouet-champagne-belle-epoque-2008\\\/#primaryimage\"},\"thumbnailUrl\":\"https:\\\/\\\/laviteturchese.it\\\/wp-content\\\/uploads\\\/2021\\\/01\\\/Perrier-Jou\u00ebt-\u2013-Champagne-Belle-Epoque-\u2013-2008.jpg-1-scaled.jpg\",\"datePublished\":\"2020-11-21T10:09:20+00:00\",\"dateModified\":\"2024-01-15T18:16:51+00:00\",\"breadcrumb\":{\"@id\":\"https:\\\/\\\/laviteturchese.it\\\/en\\\/product\\\/perrier-jouet-champagne-belle-epoque-2008\\\/#breadcrumb\"},\"inLanguage\":\"en-US\",\"potentialAction\":[{\"@type\":\"ReadAction\",\"target\":[\"https:\\\/\\\/laviteturchese.it\\\/en\\\/product\\\/perrier-jouet-champagne-belle-epoque-2008\\\/\"]}]},{\"@type\":\"ImageObject\",\"inLanguage\":\"en-US\",\"@id\":\"https:\\\/\\\/laviteturchese.it\\\/en\\\/product\\\/perrier-jouet-champagne-belle-epoque-2008\\\/#primaryimage\",\"url\":\"https:\\\/\\\/laviteturchese.it\\\/wp-content\\\/uploads\\\/2021\\\/01\\\/Perrier-Jou\u00ebt-\u2013-Champagne-Belle-Epoque-\u2013-2008.jpg-1-scaled.jpg\",\"contentUrl\":\"https:\\\/\\\/laviteturchese.it\\\/wp-content\\\/uploads\\\/2021\\\/01\\\/Perrier-Jou\u00ebt-\u2013-Champagne-Belle-Epoque-\u2013-2008.jpg-1-scaled.jpg\",\"width\":450,\"height\":800},{\"@type\":\"BreadcrumbList\",\"@id\":\"https:\\\/\\\/laviteturchese.it\\\/en\\\/product\\\/perrier-jouet-champagne-belle-epoque-2008\\\/#breadcrumb\",\"itemListElement\":[{\"@type\":\"ListItem\",\"position\":1,\"name\":\"Home\",\"item\":\"https:\\\/\\\/laviteturchese.it\\\/en\\\/\"},{\"@type\":\"ListItem\",\"position\":2,\"name\":\"Shop\",\"item\":\"https:\\\/\\\/laviteturchese.it\\\/en\\\/shop\\\/\"},{\"@type\":\"ListItem\",\"position\":3,\"name\":\"Perrier-Jou\u00ebt \u2013 Champagne Belle Epoque \u2013 2008\"}]},{\"@type\":\"WebSite\",\"@id\":\"https:\\\/\\\/laviteturchese.it\\\/en\\\/#website\",\"url\":\"https:\\\/\\\/laviteturchese.it\\\/en\\\/\",\"name\":\"La vite Turchese\",\"description\":\"Vini &amp; Spuntini... a tutte le ore!\",\"publisher\":{\"@id\":\"https:\\\/\\\/laviteturchese.it\\\/en\\\/#organization\"},\"potentialAction\":[{\"@type\":\"SearchAction\",\"target\":{\"@type\":\"EntryPoint\",\"urlTemplate\":\"https:\\\/\\\/laviteturchese.it\\\/en\\\/?s={search_term_string}\"},\"query-input\":{\"@type\":\"PropertyValueSpecification\",\"valueRequired\":true,\"valueName\":\"search_term_string\"}}],\"inLanguage\":\"en-US\"},{\"@type\":\"Organization\",\"@id\":\"https:\\\/\\\/laviteturchese.it\\\/en\\\/#organization\",\"name\":\"La Vite Turchese Shop\",\"url\":\"https:\\\/\\\/laviteturchese.it\\\/en\\\/\",\"logo\":{\"@type\":\"ImageObject\",\"inLanguage\":\"en-US\",\"@id\":\"https:\\\/\\\/laviteturchese.it\\\/en\\\/#\\\/schema\\\/logo\\\/image\\\/\",\"url\":\"http:\\\/\\\/laviteturchese.it\\\/wp-content\\\/uploads\\\/2020\\\/05\\\/LVT_SHOP-1-1.png\",\"contentUrl\":\"http:\\\/\\\/laviteturchese.it\\\/wp-content\\\/uploads\\\/2020\\\/05\\\/LVT_SHOP-1-1.png\",\"width\":300,\"height\":277,\"caption\":\"La Vite Turchese Shop\"},\"image\":{\"@id\":\"https:\\\/\\\/laviteturchese.it\\\/en\\\/#\\\/schema\\\/logo\\\/image\\\/\"}}]}<\/script>\n<!-- \/ Yoast SEO plugin. -->","yoast_head_json":{"title":"Perrier-Jou\u00ebt \u2013 Champagne Belle Epoque \u2013 2008 - La vite Turchese","robots":{"index":"index","follow":"follow","max-snippet":"max-snippet:-1","max-image-preview":"max-image-preview:large","max-video-preview":"max-video-preview:-1"},"canonical":"https:\/\/laviteturchese.it\/en\/product\/perrier-jouet-champagne-belle-epoque-2008\/","og_locale":"en_US","og_type":"article","og_title":"Perrier-Jou\u00ebt \u2013 Champagne Belle Epoque \u2013 2008 - La vite Turchese","og_description":"We are talking about 1811 when Pierre Nicolas Perrier and Ad\u00e8le Jouet founded the Maison, and from the very first bottling the name Perrier-Jou\u00ebt began to make itself known and appreciated for the excellent quality of its Champagnes. The constant search for perfection led the couple to buy the best Grands Crus in the Cote des Blancs, and to avoid counterfeiting they were the first to insert the Cru and the vintage on the bottles. At the end of the nineteenth century it was one of the most prestigious and expensive labels in Champagne. Quality is always the top priority and there is no room for compromise. Perrier-Jou\u00ebt bubbles are distinguished, in fact, by their floral character, absolute elegance and rare aromatic finesse where Chardonnay prevails. Today the Maison is owned by Pernod-Ricard 65 hectares of vineyards with the highest average in the Cru scale. If we talk about the Maison Perrier-Jou\u00ebt today we cannot fail to mention the great Chef de cav\u00e9 Herv\u00e9 Deschamps, he is a legend and his is not a simple job but a true art of assembly. Cuv\u00e9e Belle Epoque is the most classic and representative wine of the company, an assembly of Chardonnay, Pinot Nero and Pinot Meunier from the best Grands Crus. Each bottle gives us great emotions, the unmistakable floral part that has always belonged to the Maison accompanied by fragrant notes and a very pleasant and lush drink.   Producer: Perrier-Jou\u00ebt  Name:Champagne Belle Epoque  Grape Variety: 50% Chardonnay, 45%Pinot Nero, 5% Pinot Meunier  Vintage: 2008  Alcohol Content: 12.5%  Bottle Size: 750ml  Productive Notes:Fermentation in steel, the wine rests on its own yeasts for at least 6 years before disgorging.","og_url":"https:\/\/laviteturchese.it\/en\/product\/perrier-jouet-champagne-belle-epoque-2008\/","og_site_name":"La vite Turchese","article_modified_time":"2024-01-15T18:16:51+00:00","og_image":[{"width":450,"height":800,"url":"https:\/\/laviteturchese.it\/wp-content\/uploads\/2021\/01\/Perrier-Jou\u00ebt-\u2013-Champagne-Belle-Epoque-\u2013-2008.jpg-1-scaled.jpg","type":"image\/jpeg"}],"twitter_card":"summary_large_image","schema":{"@context":"https:\/\/schema.org","@graph":[{"@type":"WebPage","@id":"https:\/\/laviteturchese.it\/en\/product\/perrier-jouet-champagne-belle-epoque-2008\/","url":"https:\/\/laviteturchese.it\/en\/product\/perrier-jouet-champagne-belle-epoque-2008\/","name":"Perrier-Jou\u00ebt \u2013 Champagne Belle Epoque \u2013 2008 - La vite Turchese","isPartOf":{"@id":"https:\/\/laviteturchese.it\/en\/#website"},"primaryImageOfPage":{"@id":"https:\/\/laviteturchese.it\/en\/product\/perrier-jouet-champagne-belle-epoque-2008\/#primaryimage"},"image":{"@id":"https:\/\/laviteturchese.it\/en\/product\/perrier-jouet-champagne-belle-epoque-2008\/#primaryimage"},"thumbnailUrl":"https:\/\/laviteturchese.it\/wp-content\/uploads\/2021\/01\/Perrier-Jou\u00ebt-\u2013-Champagne-Belle-Epoque-\u2013-2008.jpg-1-scaled.jpg","datePublished":"2020-11-21T10:09:20+00:00","dateModified":"2024-01-15T18:16:51+00:00","breadcrumb":{"@id":"https:\/\/laviteturchese.it\/en\/product\/perrier-jouet-champagne-belle-epoque-2008\/#breadcrumb"},"inLanguage":"en-US","potentialAction":[{"@type":"ReadAction","target":["https:\/\/laviteturchese.it\/en\/product\/perrier-jouet-champagne-belle-epoque-2008\/"]}]},{"@type":"ImageObject","inLanguage":"en-US","@id":"https:\/\/laviteturchese.it\/en\/product\/perrier-jouet-champagne-belle-epoque-2008\/#primaryimage","url":"https:\/\/laviteturchese.it\/wp-content\/uploads\/2021\/01\/Perrier-Jou\u00ebt-\u2013-Champagne-Belle-Epoque-\u2013-2008.jpg-1-scaled.jpg","contentUrl":"https:\/\/laviteturchese.it\/wp-content\/uploads\/2021\/01\/Perrier-Jou\u00ebt-\u2013-Champagne-Belle-Epoque-\u2013-2008.jpg-1-scaled.jpg","width":450,"height":800},{"@type":"BreadcrumbList","@id":"https:\/\/laviteturchese.it\/en\/product\/perrier-jouet-champagne-belle-epoque-2008\/#breadcrumb","itemListElement":[{"@type":"ListItem","position":1,"name":"Home","item":"https:\/\/laviteturchese.it\/en\/"},{"@type":"ListItem","position":2,"name":"Shop","item":"https:\/\/laviteturchese.it\/en\/shop\/"},{"@type":"ListItem","position":3,"name":"Perrier-Jou\u00ebt \u2013 Champagne Belle Epoque \u2013 2008"}]},{"@type":"WebSite","@id":"https:\/\/laviteturchese.it\/en\/#website","url":"https:\/\/laviteturchese.it\/en\/","name":"La vite Turchese","description":"Vini &amp; Spuntini... a tutte le ore!","publisher":{"@id":"https:\/\/laviteturchese.it\/en\/#organization"},"potentialAction":[{"@type":"SearchAction","target":{"@type":"EntryPoint","urlTemplate":"https:\/\/laviteturchese.it\/en\/?s={search_term_string}"},"query-input":{"@type":"PropertyValueSpecification","valueRequired":true,"valueName":"search_term_string"}}],"inLanguage":"en-US"},{"@type":"Organization","@id":"https:\/\/laviteturchese.it\/en\/#organization","name":"La Vite Turchese Shop","url":"https:\/\/laviteturchese.it\/en\/","logo":{"@type":"ImageObject","inLanguage":"en-US","@id":"https:\/\/laviteturchese.it\/en\/#\/schema\/logo\/image\/","url":"http:\/\/laviteturchese.it\/wp-content\/uploads\/2020\/05\/LVT_SHOP-1-1.png","contentUrl":"http:\/\/laviteturchese.it\/wp-content\/uploads\/2020\/05\/LVT_SHOP-1-1.png","width":300,"height":277,"caption":"La Vite Turchese Shop"},"image":{"@id":"https:\/\/laviteturchese.it\/en\/#\/schema\/logo\/image\/"}}]}},"_links":{"self":[{"href":"https:\/\/laviteturchese.it\/en\/wp-json\/wp\/v2\/product\/20382","targetHints":{"allow":["GET"]}}],"collection":[{"href":"https:\/\/laviteturchese.it\/en\/wp-json\/wp\/v2\/product"}],"about":[{"href":"https:\/\/laviteturchese.it\/en\/wp-json\/wp\/v2\/types\/product"}],"replies":[{"embeddable":true,"href":"https:\/\/laviteturchese.it\/en\/wp-json\/wp\/v2\/comments?post=20382"}],"wp:featuredmedia":[{"embeddable":true,"href":"https:\/\/laviteturchese.it\/en\/wp-json\/wp\/v2\/media\/21239"}],"wp:attachment":[{"href":"https:\/\/laviteturchese.it\/en\/wp-json\/wp\/v2\/media?parent=20382"}],"wp:term":[{"taxonomy":"product_brand","embeddable":true,"href":"https:\/\/laviteturchese.it\/en\/wp-json\/wp\/v2\/product_brand?post=20382"},{"taxonomy":"product_cat","embeddable":true,"href":"https:\/\/laviteturchese.it\/en\/wp-json\/wp\/v2\/product_cat?post=20382"},{"taxonomy":"product_tag","embeddable":true,"href":"https:\/\/laviteturchese.it\/en\/wp-json\/wp\/v2\/product_tag?post=20382"}],"curies":[{"name":"wp","href":"https:\/\/api.w.org\/{rel}","templated":true}]}}