{"id":19825,"date":"2020-10-30T19:51:01","date_gmt":"2020-10-30T18:51:01","guid":{"rendered":"https:\/\/shop.laviteturchese.it\/prodotto\/bruno-rocca-barbaresco-riserva-curra-2013\/"},"modified":"2024-01-15T19:15:28","modified_gmt":"2024-01-15T18:15:28","slug":"bruno-rocca-barbaresco-riserva-curra-2013","status":"publish","type":"product","link":"https:\/\/laviteturchese.it\/en\/product\/bruno-rocca-barbaresco-riserva-curra-2013\/","title":{"rendered":"Bruno Rocca \u2013 Barbaresco Riserva Curr\u00e0 \u2013 2013"},"content":{"rendered":"<p>Wine naturally contains solphites<\/p>\n","protected":false},"excerpt":{"rendered":"<p>The Rocca family, present in the municipality of Barbaresco since 1834, is among the first producers of Barbaresco thanks to the foresight of grandfather Francesco who in the 1950s decided to buy the famous cru Rabaja.<br \/>\nWith the entry into the company of his son Bruno, the quality of the wines produced rises, thanks also to the purchase of the best Crus in the area and after years of study and various trips to Burgundy he decides to focus everything on territoriality, producing elegant wines with a strong character. .<br \/>\nToday the company owns 14 hectares which include the prestigious Rabaja and Curr\u00e0 crus for an annual production of 75,000 bottles.<br \/>\nCurr\u00e0, a small cru adjacent to the famous Cott\u00e0, gives wines that are in fact very similar in structure and character or rather solid without ever exceeding the density and vigor of the tannin. The Rocca family has been producing a super representative Barbaresco since 2012 only in reserve mention, very few bottles produced of a wine that will not leave you indifferent. 2013 a four-star vintage, seeing is believing!<\/p>\n<ul>\n<li><b>Producer<\/b>: Bruno Rocca<\/li>\n<li><b>Name<\/b>: Barbaresco Riserva Curr\u00e0<\/li>\n<li><b>Grape Variety<\/b>: 100% Nebbiolo<\/li>\n<li><b>Vintage<\/b>:2013<\/li>\n<li><b>Alcohol Content<\/b>: 14,5%<\/li>\n<li><b>Bottle Size<\/b>: 750ml<\/li>\n<\/ul>\n<p>Productive Notes: Vinification in stainless steel for 25 days. Aging for 12 months in barrique followed by 12 months in oak barrels.<\/p>\n","protected":false},"featured_media":19749,"comment_status":"open","ping_status":"closed","template":"","meta":{"_acf_changed":false},"product_brand":[],"product_cat":[3127,3128,3129,3136,3131,3132,3133],"product_tag":[],"class_list":{"0":"post-19825","1":"product","2":"type-product","3":"status-publish","4":"has-post-thumbnail","6":"product_cat-red","7":"product_cat-italy","8":"product_cat-piedmont","9":"product_cat-barbaresco-piedmont","10":"product_cat-producers","11":"product_cat-italy-producers","12":"product_cat-piedmont-italy-producers","13":"product_shipping_class-standard-en","15":"first","16":"outofstock","17":"taxable","18":"shipping-taxable","19":"purchasable","20":"product-type-simple","22":"catalog-layout-default","23":"columns-xs-2"},"acf":[],"yoast_head":"<!-- This site is optimized with the Yoast SEO plugin v27.3 - https:\/\/yoast.com\/product\/yoast-seo-wordpress\/ -->\n<title>Bruno Rocca \u2013 Barbaresco Riserva Curr\u00e0 \u2013 2013 - La vite Turchese<\/title>\n<meta name=\"robots\" content=\"index, follow, max-snippet:-1, max-image-preview:large, max-video-preview:-1\" \/>\n<link rel=\"canonical\" href=\"https:\/\/laviteturchese.it\/en\/product\/bruno-rocca-barbaresco-riserva-curra-2013\/\" \/>\n<meta property=\"og:locale\" content=\"en_US\" \/>\n<meta property=\"og:type\" content=\"article\" \/>\n<meta property=\"og:title\" content=\"Bruno Rocca \u2013 Barbaresco Riserva Curr\u00e0 \u2013 2013 - La vite Turchese\" \/>\n<meta property=\"og:description\" content=\"The Rocca family, present in the municipality of Barbaresco since 1834, is among the first producers of Barbaresco thanks to the foresight of grandfather Francesco who in the 1950s decided to buy the famous cru Rabaja. With the entry into the company of his son Bruno, the quality of the wines produced rises, thanks also to the purchase of the best Crus in the area and after years of study and various trips to Burgundy he decides to focus everything on territoriality, producing elegant wines with a strong character. . Today the company owns 14 hectares which include the prestigious Rabaja and Curr\u00e0 crus for an annual production of 75,000 bottles. Curr\u00e0, a small cru adjacent to the famous Cott\u00e0, gives wines that are in fact very similar in structure and character or rather solid without ever exceeding the density and vigor of the tannin. The Rocca family has been producing a super representative Barbaresco since 2012 only in reserve mention, very few bottles produced of a wine that will not leave you indifferent. 2013 a four-star vintage, seeing is believing!   Producer: Bruno Rocca  Name: Barbaresco Riserva Curr\u00e0  Grape Variety: 100% Nebbiolo  Vintage:2013  Alcohol Content: 14,5%  Bottle Size: 750ml  Productive Notes: Vinification in stainless steel for 25 days. Aging for 12 months in barrique followed by 12 months in oak barrels.\" \/>\n<meta property=\"og:url\" content=\"https:\/\/laviteturchese.it\/en\/product\/bruno-rocca-barbaresco-riserva-curra-2013\/\" \/>\n<meta property=\"og:site_name\" content=\"La vite Turchese\" \/>\n<meta property=\"article:modified_time\" content=\"2024-01-15T18:15:28+00:00\" \/>\n<meta property=\"og:image\" content=\"https:\/\/laviteturchese.it\/wp-content\/uploads\/2020\/10\/Bruno-Rocca-Barbaresco-Curr\u00e0-Riserva-2013.jpg-scaled.jpg\" \/>\n\t<meta property=\"og:image:width\" content=\"1440\" \/>\n\t<meta property=\"og:image:height\" content=\"2560\" \/>\n\t<meta property=\"og:image:type\" content=\"image\/jpeg\" \/>\n<meta name=\"twitter:card\" content=\"summary_large_image\" \/>\n<script type=\"application\/ld+json\" class=\"yoast-schema-graph\">{\"@context\":\"https:\\\/\\\/schema.org\",\"@graph\":[{\"@type\":\"WebPage\",\"@id\":\"https:\\\/\\\/laviteturchese.it\\\/en\\\/product\\\/bruno-rocca-barbaresco-riserva-curra-2013\\\/\",\"url\":\"https:\\\/\\\/laviteturchese.it\\\/en\\\/product\\\/bruno-rocca-barbaresco-riserva-curra-2013\\\/\",\"name\":\"Bruno Rocca \u2013 Barbaresco Riserva Curr\u00e0 \u2013 2013 - La vite Turchese\",\"isPartOf\":{\"@id\":\"https:\\\/\\\/laviteturchese.it\\\/en\\\/#website\"},\"primaryImageOfPage\":{\"@id\":\"https:\\\/\\\/laviteturchese.it\\\/en\\\/product\\\/bruno-rocca-barbaresco-riserva-curra-2013\\\/#primaryimage\"},\"image\":{\"@id\":\"https:\\\/\\\/laviteturchese.it\\\/en\\\/product\\\/bruno-rocca-barbaresco-riserva-curra-2013\\\/#primaryimage\"},\"thumbnailUrl\":\"https:\\\/\\\/laviteturchese.it\\\/wp-content\\\/uploads\\\/2020\\\/10\\\/Bruno-Rocca-Barbaresco-Curr\u00e0-Riserva-2013.jpg-scaled.jpg\",\"datePublished\":\"2020-10-30T18:51:01+00:00\",\"dateModified\":\"2024-01-15T18:15:28+00:00\",\"breadcrumb\":{\"@id\":\"https:\\\/\\\/laviteturchese.it\\\/en\\\/product\\\/bruno-rocca-barbaresco-riserva-curra-2013\\\/#breadcrumb\"},\"inLanguage\":\"en-US\",\"potentialAction\":[{\"@type\":\"ReadAction\",\"target\":[\"https:\\\/\\\/laviteturchese.it\\\/en\\\/product\\\/bruno-rocca-barbaresco-riserva-curra-2013\\\/\"]}]},{\"@type\":\"ImageObject\",\"inLanguage\":\"en-US\",\"@id\":\"https:\\\/\\\/laviteturchese.it\\\/en\\\/product\\\/bruno-rocca-barbaresco-riserva-curra-2013\\\/#primaryimage\",\"url\":\"https:\\\/\\\/laviteturchese.it\\\/wp-content\\\/uploads\\\/2020\\\/10\\\/Bruno-Rocca-Barbaresco-Curr\u00e0-Riserva-2013.jpg-scaled.jpg\",\"contentUrl\":\"https:\\\/\\\/laviteturchese.it\\\/wp-content\\\/uploads\\\/2020\\\/10\\\/Bruno-Rocca-Barbaresco-Curr\u00e0-Riserva-2013.jpg-scaled.jpg\",\"width\":1440,\"height\":2560},{\"@type\":\"BreadcrumbList\",\"@id\":\"https:\\\/\\\/laviteturchese.it\\\/en\\\/product\\\/bruno-rocca-barbaresco-riserva-curra-2013\\\/#breadcrumb\",\"itemListElement\":[{\"@type\":\"ListItem\",\"position\":1,\"name\":\"Home\",\"item\":\"https:\\\/\\\/laviteturchese.it\\\/en\\\/\"},{\"@type\":\"ListItem\",\"position\":2,\"name\":\"Shop\",\"item\":\"https:\\\/\\\/laviteturchese.it\\\/en\\\/shop\\\/\"},{\"@type\":\"ListItem\",\"position\":3,\"name\":\"Bruno Rocca \u2013 Barbaresco Riserva Curr\u00e0 \u2013 2013\"}]},{\"@type\":\"WebSite\",\"@id\":\"https:\\\/\\\/laviteturchese.it\\\/en\\\/#website\",\"url\":\"https:\\\/\\\/laviteturchese.it\\\/en\\\/\",\"name\":\"La vite Turchese\",\"description\":\"Vini &amp; Spuntini... a tutte le ore!\",\"publisher\":{\"@id\":\"https:\\\/\\\/laviteturchese.it\\\/en\\\/#organization\"},\"potentialAction\":[{\"@type\":\"SearchAction\",\"target\":{\"@type\":\"EntryPoint\",\"urlTemplate\":\"https:\\\/\\\/laviteturchese.it\\\/en\\\/?s={search_term_string}\"},\"query-input\":{\"@type\":\"PropertyValueSpecification\",\"valueRequired\":true,\"valueName\":\"search_term_string\"}}],\"inLanguage\":\"en-US\"},{\"@type\":\"Organization\",\"@id\":\"https:\\\/\\\/laviteturchese.it\\\/en\\\/#organization\",\"name\":\"La Vite Turchese Shop\",\"url\":\"https:\\\/\\\/laviteturchese.it\\\/en\\\/\",\"logo\":{\"@type\":\"ImageObject\",\"inLanguage\":\"en-US\",\"@id\":\"https:\\\/\\\/laviteturchese.it\\\/en\\\/#\\\/schema\\\/logo\\\/image\\\/\",\"url\":\"http:\\\/\\\/laviteturchese.it\\\/wp-content\\\/uploads\\\/2020\\\/05\\\/LVT_SHOP-1-1.png\",\"contentUrl\":\"http:\\\/\\\/laviteturchese.it\\\/wp-content\\\/uploads\\\/2020\\\/05\\\/LVT_SHOP-1-1.png\",\"width\":300,\"height\":277,\"caption\":\"La Vite Turchese Shop\"},\"image\":{\"@id\":\"https:\\\/\\\/laviteturchese.it\\\/en\\\/#\\\/schema\\\/logo\\\/image\\\/\"}}]}<\/script>\n<!-- \/ Yoast SEO plugin. -->","yoast_head_json":{"title":"Bruno Rocca \u2013 Barbaresco Riserva Curr\u00e0 \u2013 2013 - La vite Turchese","robots":{"index":"index","follow":"follow","max-snippet":"max-snippet:-1","max-image-preview":"max-image-preview:large","max-video-preview":"max-video-preview:-1"},"canonical":"https:\/\/laviteturchese.it\/en\/product\/bruno-rocca-barbaresco-riserva-curra-2013\/","og_locale":"en_US","og_type":"article","og_title":"Bruno Rocca \u2013 Barbaresco Riserva Curr\u00e0 \u2013 2013 - La vite Turchese","og_description":"The Rocca family, present in the municipality of Barbaresco since 1834, is among the first producers of Barbaresco thanks to the foresight of grandfather Francesco who in the 1950s decided to buy the famous cru Rabaja. With the entry into the company of his son Bruno, the quality of the wines produced rises, thanks also to the purchase of the best Crus in the area and after years of study and various trips to Burgundy he decides to focus everything on territoriality, producing elegant wines with a strong character. . Today the company owns 14 hectares which include the prestigious Rabaja and Curr\u00e0 crus for an annual production of 75,000 bottles. Curr\u00e0, a small cru adjacent to the famous Cott\u00e0, gives wines that are in fact very similar in structure and character or rather solid without ever exceeding the density and vigor of the tannin. The Rocca family has been producing a super representative Barbaresco since 2012 only in reserve mention, very few bottles produced of a wine that will not leave you indifferent. 2013 a four-star vintage, seeing is believing!   Producer: Bruno Rocca  Name: Barbaresco Riserva Curr\u00e0  Grape Variety: 100% Nebbiolo  Vintage:2013  Alcohol Content: 14,5%  Bottle Size: 750ml  Productive Notes: Vinification in stainless steel for 25 days. Aging for 12 months in barrique followed by 12 months in oak barrels.","og_url":"https:\/\/laviteturchese.it\/en\/product\/bruno-rocca-barbaresco-riserva-curra-2013\/","og_site_name":"La vite Turchese","article_modified_time":"2024-01-15T18:15:28+00:00","og_image":[{"width":1440,"height":2560,"url":"https:\/\/laviteturchese.it\/wp-content\/uploads\/2020\/10\/Bruno-Rocca-Barbaresco-Curr\u00e0-Riserva-2013.jpg-scaled.jpg","type":"image\/jpeg"}],"twitter_card":"summary_large_image","schema":{"@context":"https:\/\/schema.org","@graph":[{"@type":"WebPage","@id":"https:\/\/laviteturchese.it\/en\/product\/bruno-rocca-barbaresco-riserva-curra-2013\/","url":"https:\/\/laviteturchese.it\/en\/product\/bruno-rocca-barbaresco-riserva-curra-2013\/","name":"Bruno Rocca \u2013 Barbaresco Riserva Curr\u00e0 \u2013 2013 - La vite Turchese","isPartOf":{"@id":"https:\/\/laviteturchese.it\/en\/#website"},"primaryImageOfPage":{"@id":"https:\/\/laviteturchese.it\/en\/product\/bruno-rocca-barbaresco-riserva-curra-2013\/#primaryimage"},"image":{"@id":"https:\/\/laviteturchese.it\/en\/product\/bruno-rocca-barbaresco-riserva-curra-2013\/#primaryimage"},"thumbnailUrl":"https:\/\/laviteturchese.it\/wp-content\/uploads\/2020\/10\/Bruno-Rocca-Barbaresco-Curr\u00e0-Riserva-2013.jpg-scaled.jpg","datePublished":"2020-10-30T18:51:01+00:00","dateModified":"2024-01-15T18:15:28+00:00","breadcrumb":{"@id":"https:\/\/laviteturchese.it\/en\/product\/bruno-rocca-barbaresco-riserva-curra-2013\/#breadcrumb"},"inLanguage":"en-US","potentialAction":[{"@type":"ReadAction","target":["https:\/\/laviteturchese.it\/en\/product\/bruno-rocca-barbaresco-riserva-curra-2013\/"]}]},{"@type":"ImageObject","inLanguage":"en-US","@id":"https:\/\/laviteturchese.it\/en\/product\/bruno-rocca-barbaresco-riserva-curra-2013\/#primaryimage","url":"https:\/\/laviteturchese.it\/wp-content\/uploads\/2020\/10\/Bruno-Rocca-Barbaresco-Curr\u00e0-Riserva-2013.jpg-scaled.jpg","contentUrl":"https:\/\/laviteturchese.it\/wp-content\/uploads\/2020\/10\/Bruno-Rocca-Barbaresco-Curr\u00e0-Riserva-2013.jpg-scaled.jpg","width":1440,"height":2560},{"@type":"BreadcrumbList","@id":"https:\/\/laviteturchese.it\/en\/product\/bruno-rocca-barbaresco-riserva-curra-2013\/#breadcrumb","itemListElement":[{"@type":"ListItem","position":1,"name":"Home","item":"https:\/\/laviteturchese.it\/en\/"},{"@type":"ListItem","position":2,"name":"Shop","item":"https:\/\/laviteturchese.it\/en\/shop\/"},{"@type":"ListItem","position":3,"name":"Bruno Rocca \u2013 Barbaresco Riserva Curr\u00e0 \u2013 2013"}]},{"@type":"WebSite","@id":"https:\/\/laviteturchese.it\/en\/#website","url":"https:\/\/laviteturchese.it\/en\/","name":"La vite Turchese","description":"Vini &amp; Spuntini... a tutte le ore!","publisher":{"@id":"https:\/\/laviteturchese.it\/en\/#organization"},"potentialAction":[{"@type":"SearchAction","target":{"@type":"EntryPoint","urlTemplate":"https:\/\/laviteturchese.it\/en\/?s={search_term_string}"},"query-input":{"@type":"PropertyValueSpecification","valueRequired":true,"valueName":"search_term_string"}}],"inLanguage":"en-US"},{"@type":"Organization","@id":"https:\/\/laviteturchese.it\/en\/#organization","name":"La Vite Turchese Shop","url":"https:\/\/laviteturchese.it\/en\/","logo":{"@type":"ImageObject","inLanguage":"en-US","@id":"https:\/\/laviteturchese.it\/en\/#\/schema\/logo\/image\/","url":"http:\/\/laviteturchese.it\/wp-content\/uploads\/2020\/05\/LVT_SHOP-1-1.png","contentUrl":"http:\/\/laviteturchese.it\/wp-content\/uploads\/2020\/05\/LVT_SHOP-1-1.png","width":300,"height":277,"caption":"La Vite Turchese Shop"},"image":{"@id":"https:\/\/laviteturchese.it\/en\/#\/schema\/logo\/image\/"}}]}},"_links":{"self":[{"href":"https:\/\/laviteturchese.it\/en\/wp-json\/wp\/v2\/product\/19825","targetHints":{"allow":["GET"]}}],"collection":[{"href":"https:\/\/laviteturchese.it\/en\/wp-json\/wp\/v2\/product"}],"about":[{"href":"https:\/\/laviteturchese.it\/en\/wp-json\/wp\/v2\/types\/product"}],"replies":[{"embeddable":true,"href":"https:\/\/laviteturchese.it\/en\/wp-json\/wp\/v2\/comments?post=19825"}],"wp:featuredmedia":[{"embeddable":true,"href":"https:\/\/laviteturchese.it\/en\/wp-json\/wp\/v2\/media\/19749"}],"wp:attachment":[{"href":"https:\/\/laviteturchese.it\/en\/wp-json\/wp\/v2\/media?parent=19825"}],"wp:term":[{"taxonomy":"product_brand","embeddable":true,"href":"https:\/\/laviteturchese.it\/en\/wp-json\/wp\/v2\/product_brand?post=19825"},{"taxonomy":"product_cat","embeddable":true,"href":"https:\/\/laviteturchese.it\/en\/wp-json\/wp\/v2\/product_cat?post=19825"},{"taxonomy":"product_tag","embeddable":true,"href":"https:\/\/laviteturchese.it\/en\/wp-json\/wp\/v2\/product_tag?post=19825"}],"curies":[{"name":"wp","href":"https:\/\/api.w.org\/{rel}","templated":true}]}}