{"id":18818,"date":"2020-07-10T13:04:05","date_gmt":"2020-07-10T11:04:05","guid":{"rendered":"https:\/\/shop.laviteturchese.it\/prodotto\/adegas-gran-vinum-%ef%bf%bd-mar-de-vi%ef%bf%bdas-albari%ef%bf%bdo-%ef%bf%bd-2018\/"},"modified":"2024-01-15T19:14:24","modified_gmt":"2024-01-15T18:14:24","slug":"adegas-gran-vinum-mar-de-vinas-albarino-2018","status":"publish","type":"product","link":"https:\/\/laviteturchese.it\/en\/product\/adegas-gran-vinum-mar-de-vinas-albarino-2018\/","title":{"rendered":"Adegas Gran Vinum &#8211; Mar de Vi\u00f1as Albari\u00f1o &#8211; 2018"},"content":{"rendered":"<p>Wine naturally contains solphites<\/p>\n","protected":false},"excerpt":{"rendered":"<p>Galicia to be precise Rias Baixa, the cradle of the Albari\u00f1o, has a granite rock terrain called &#8220;xabre&#8221;, and thanks to the peculiarity of the vineyards facing the Atlantic ocean, they give the wine a strong and salty character. The Adegas Gran Vinum company was born here, which has been producing high quality wines since 1980. We chose this winery because it manages to represent the qualities of this area to the maximum.<br \/>\nRespect for the land and tradition are the cornerstones of this small winery.<br \/>\nSelected Albari\u00f1o grapes to produce Mar de Vi\u00f1as a fresh, savory and mineral and fun wine.<\/p>\n<ul>\n<li><b>Producer<\/b>: Adegas Gran Vinum<\/li>\n<li><b>Name<\/b>: Mar de Vi\u00f1as Albari\u00f1o<\/li>\n<li><b>Grape Variety<\/b>: 100% Albari\u00f1o<\/li>\n<li><b>Vintage<\/b>: 2018<\/li>\n<li><b>Alcohol Content<\/b>: 13,5%<\/li>\n<li><b>Bottle Size<\/b>: 750ml<\/li>\n<\/ul>\n<p>Productive Notes: Fermentation in steel tanks.<\/p>\n","protected":false},"featured_media":21339,"comment_status":"open","ping_status":"closed","template":"","meta":{"_acf_changed":false},"product_brand":[],"product_cat":[3157,3158,3232,3233,3131,3155,3156],"product_tag":[],"class_list":{"0":"post-18818","1":"product","2":"type-product","3":"status-publish","4":"has-post-thumbnail","6":"product_cat-white","7":"product_cat-europe-white","8":"product_cat-spain-europe-white","9":"product_cat-rias-baixas-spain-europe-white","10":"product_cat-producers","11":"product_cat-europe-producers","12":"product_cat-spain-europe-producers","13":"product_shipping_class-standard-en","15":"first","16":"outofstock","17":"taxable","18":"shipping-taxable","19":"purchasable","20":"product-type-simple","22":"catalog-layout-default","23":"columns-xs-2"},"acf":[],"yoast_head":"<!-- This site is optimized with the Yoast SEO plugin v27.4 - https:\/\/yoast.com\/product\/yoast-seo-wordpress\/ -->\n<title>Adegas Gran Vinum - Mar de Vi\u00f1as Albari\u00f1o - 2018 - La vite Turchese<\/title>\n<meta name=\"robots\" content=\"index, follow, max-snippet:-1, max-image-preview:large, max-video-preview:-1\" \/>\n<link rel=\"canonical\" href=\"https:\/\/laviteturchese.it\/en\/product\/adegas-gran-vinum-mar-de-vinas-albarino-2018\/\" \/>\n<meta property=\"og:locale\" content=\"en_US\" \/>\n<meta property=\"og:type\" content=\"article\" \/>\n<meta property=\"og:title\" content=\"Adegas Gran Vinum - Mar de Vi\u00f1as Albari\u00f1o - 2018 - La vite Turchese\" \/>\n<meta property=\"og:description\" content=\"Galicia to be precise Rias Baixa, the cradle of the Albari\u00f1o, has a granite rock terrain called &quot;xabre&quot;, and thanks to the peculiarity of the vineyards facing the Atlantic ocean, they give the wine a strong and salty character. The Adegas Gran Vinum company was born here, which has been producing high quality wines since 1980. We chose this winery because it manages to represent the qualities of this area to the maximum. Respect for the land and tradition are the cornerstones of this small winery. Selected Albari\u00f1o grapes to produce Mar de Vi\u00f1as a fresh, savory and mineral and fun wine.   Producer: Adegas Gran Vinum  Name: Mar de Vi\u00f1as Albari\u00f1o  Grape Variety: 100% Albari\u00f1o  Vintage: 2018  Alcohol Content: 13,5%  Bottle Size: 750ml  Productive Notes: Fermentation in steel tanks.\" \/>\n<meta property=\"og:url\" content=\"https:\/\/laviteturchese.it\/en\/product\/adegas-gran-vinum-mar-de-vinas-albarino-2018\/\" \/>\n<meta property=\"og:site_name\" content=\"La vite Turchese\" \/>\n<meta property=\"article:modified_time\" content=\"2024-01-15T18:14:24+00:00\" \/>\n<meta property=\"og:image\" content=\"https:\/\/laviteturchese.it\/wp-content\/uploads\/2021\/01\/Adegas-Gran-Vinum-\u2013-Mar-de-Vi\u00f1as-Albari\u00f1o-\u2013-2018-scaled-1-scaled.jpg\" \/>\n\t<meta property=\"og:image:width\" content=\"450\" \/>\n\t<meta property=\"og:image:height\" content=\"800\" \/>\n\t<meta property=\"og:image:type\" content=\"image\/jpeg\" \/>\n<meta name=\"twitter:card\" content=\"summary_large_image\" \/>\n<script type=\"application\/ld+json\" class=\"yoast-schema-graph\">{\"@context\":\"https:\\\/\\\/schema.org\",\"@graph\":[{\"@type\":\"WebPage\",\"@id\":\"https:\\\/\\\/laviteturchese.it\\\/en\\\/product\\\/adegas-gran-vinum-mar-de-vinas-albarino-2018\\\/\",\"url\":\"https:\\\/\\\/laviteturchese.it\\\/en\\\/product\\\/adegas-gran-vinum-mar-de-vinas-albarino-2018\\\/\",\"name\":\"Adegas Gran Vinum - Mar de Vi\u00f1as Albari\u00f1o - 2018 - La vite Turchese\",\"isPartOf\":{\"@id\":\"https:\\\/\\\/laviteturchese.it\\\/en\\\/#website\"},\"primaryImageOfPage\":{\"@id\":\"https:\\\/\\\/laviteturchese.it\\\/en\\\/product\\\/adegas-gran-vinum-mar-de-vinas-albarino-2018\\\/#primaryimage\"},\"image\":{\"@id\":\"https:\\\/\\\/laviteturchese.it\\\/en\\\/product\\\/adegas-gran-vinum-mar-de-vinas-albarino-2018\\\/#primaryimage\"},\"thumbnailUrl\":\"https:\\\/\\\/laviteturchese.it\\\/wp-content\\\/uploads\\\/2021\\\/01\\\/Adegas-Gran-Vinum-\u2013-Mar-de-Vi\u00f1as-Albari\u00f1o-\u2013-2018-scaled-1-scaled.jpg\",\"datePublished\":\"2020-07-10T11:04:05+00:00\",\"dateModified\":\"2024-01-15T18:14:24+00:00\",\"breadcrumb\":{\"@id\":\"https:\\\/\\\/laviteturchese.it\\\/en\\\/product\\\/adegas-gran-vinum-mar-de-vinas-albarino-2018\\\/#breadcrumb\"},\"inLanguage\":\"en-US\",\"potentialAction\":[{\"@type\":\"ReadAction\",\"target\":[\"https:\\\/\\\/laviteturchese.it\\\/en\\\/product\\\/adegas-gran-vinum-mar-de-vinas-albarino-2018\\\/\"]}]},{\"@type\":\"ImageObject\",\"inLanguage\":\"en-US\",\"@id\":\"https:\\\/\\\/laviteturchese.it\\\/en\\\/product\\\/adegas-gran-vinum-mar-de-vinas-albarino-2018\\\/#primaryimage\",\"url\":\"https:\\\/\\\/laviteturchese.it\\\/wp-content\\\/uploads\\\/2021\\\/01\\\/Adegas-Gran-Vinum-\u2013-Mar-de-Vi\u00f1as-Albari\u00f1o-\u2013-2018-scaled-1-scaled.jpg\",\"contentUrl\":\"https:\\\/\\\/laviteturchese.it\\\/wp-content\\\/uploads\\\/2021\\\/01\\\/Adegas-Gran-Vinum-\u2013-Mar-de-Vi\u00f1as-Albari\u00f1o-\u2013-2018-scaled-1-scaled.jpg\",\"width\":450,\"height\":800},{\"@type\":\"BreadcrumbList\",\"@id\":\"https:\\\/\\\/laviteturchese.it\\\/en\\\/product\\\/adegas-gran-vinum-mar-de-vinas-albarino-2018\\\/#breadcrumb\",\"itemListElement\":[{\"@type\":\"ListItem\",\"position\":1,\"name\":\"Home\",\"item\":\"https:\\\/\\\/laviteturchese.it\\\/en\\\/\"},{\"@type\":\"ListItem\",\"position\":2,\"name\":\"Shop\",\"item\":\"https:\\\/\\\/laviteturchese.it\\\/en\\\/shop\\\/\"},{\"@type\":\"ListItem\",\"position\":3,\"name\":\"Adegas Gran Vinum &#8211; Mar de Vi\u00f1as Albari\u00f1o &#8211; 2018\"}]},{\"@type\":\"WebSite\",\"@id\":\"https:\\\/\\\/laviteturchese.it\\\/en\\\/#website\",\"url\":\"https:\\\/\\\/laviteturchese.it\\\/en\\\/\",\"name\":\"La vite Turchese\",\"description\":\"Vini &amp; Spuntini... a tutte le ore!\",\"publisher\":{\"@id\":\"https:\\\/\\\/laviteturchese.it\\\/en\\\/#organization\"},\"potentialAction\":[{\"@type\":\"SearchAction\",\"target\":{\"@type\":\"EntryPoint\",\"urlTemplate\":\"https:\\\/\\\/laviteturchese.it\\\/en\\\/?s={search_term_string}\"},\"query-input\":{\"@type\":\"PropertyValueSpecification\",\"valueRequired\":true,\"valueName\":\"search_term_string\"}}],\"inLanguage\":\"en-US\"},{\"@type\":\"Organization\",\"@id\":\"https:\\\/\\\/laviteturchese.it\\\/en\\\/#organization\",\"name\":\"La Vite Turchese Shop\",\"url\":\"https:\\\/\\\/laviteturchese.it\\\/en\\\/\",\"logo\":{\"@type\":\"ImageObject\",\"inLanguage\":\"en-US\",\"@id\":\"https:\\\/\\\/laviteturchese.it\\\/en\\\/#\\\/schema\\\/logo\\\/image\\\/\",\"url\":\"http:\\\/\\\/laviteturchese.it\\\/wp-content\\\/uploads\\\/2020\\\/05\\\/LVT_SHOP-1-1.png\",\"contentUrl\":\"http:\\\/\\\/laviteturchese.it\\\/wp-content\\\/uploads\\\/2020\\\/05\\\/LVT_SHOP-1-1.png\",\"width\":300,\"height\":277,\"caption\":\"La Vite Turchese Shop\"},\"image\":{\"@id\":\"https:\\\/\\\/laviteturchese.it\\\/en\\\/#\\\/schema\\\/logo\\\/image\\\/\"}}]}<\/script>\n<!-- \/ Yoast SEO plugin. -->","yoast_head_json":{"title":"Adegas Gran Vinum - Mar de Vi\u00f1as Albari\u00f1o - 2018 - La vite Turchese","robots":{"index":"index","follow":"follow","max-snippet":"max-snippet:-1","max-image-preview":"max-image-preview:large","max-video-preview":"max-video-preview:-1"},"canonical":"https:\/\/laviteturchese.it\/en\/product\/adegas-gran-vinum-mar-de-vinas-albarino-2018\/","og_locale":"en_US","og_type":"article","og_title":"Adegas Gran Vinum - Mar de Vi\u00f1as Albari\u00f1o - 2018 - La vite Turchese","og_description":"Galicia to be precise Rias Baixa, the cradle of the Albari\u00f1o, has a granite rock terrain called \"xabre\", and thanks to the peculiarity of the vineyards facing the Atlantic ocean, they give the wine a strong and salty character. The Adegas Gran Vinum company was born here, which has been producing high quality wines since 1980. We chose this winery because it manages to represent the qualities of this area to the maximum. Respect for the land and tradition are the cornerstones of this small winery. Selected Albari\u00f1o grapes to produce Mar de Vi\u00f1as a fresh, savory and mineral and fun wine.   Producer: Adegas Gran Vinum  Name: Mar de Vi\u00f1as Albari\u00f1o  Grape Variety: 100% Albari\u00f1o  Vintage: 2018  Alcohol Content: 13,5%  Bottle Size: 750ml  Productive Notes: Fermentation in steel tanks.","og_url":"https:\/\/laviteturchese.it\/en\/product\/adegas-gran-vinum-mar-de-vinas-albarino-2018\/","og_site_name":"La vite Turchese","article_modified_time":"2024-01-15T18:14:24+00:00","og_image":[{"width":450,"height":800,"url":"https:\/\/laviteturchese.it\/wp-content\/uploads\/2021\/01\/Adegas-Gran-Vinum-\u2013-Mar-de-Vi\u00f1as-Albari\u00f1o-\u2013-2018-scaled-1-scaled.jpg","type":"image\/jpeg"}],"twitter_card":"summary_large_image","schema":{"@context":"https:\/\/schema.org","@graph":[{"@type":"WebPage","@id":"https:\/\/laviteturchese.it\/en\/product\/adegas-gran-vinum-mar-de-vinas-albarino-2018\/","url":"https:\/\/laviteturchese.it\/en\/product\/adegas-gran-vinum-mar-de-vinas-albarino-2018\/","name":"Adegas Gran Vinum - Mar de Vi\u00f1as Albari\u00f1o - 2018 - La vite Turchese","isPartOf":{"@id":"https:\/\/laviteturchese.it\/en\/#website"},"primaryImageOfPage":{"@id":"https:\/\/laviteturchese.it\/en\/product\/adegas-gran-vinum-mar-de-vinas-albarino-2018\/#primaryimage"},"image":{"@id":"https:\/\/laviteturchese.it\/en\/product\/adegas-gran-vinum-mar-de-vinas-albarino-2018\/#primaryimage"},"thumbnailUrl":"https:\/\/laviteturchese.it\/wp-content\/uploads\/2021\/01\/Adegas-Gran-Vinum-\u2013-Mar-de-Vi\u00f1as-Albari\u00f1o-\u2013-2018-scaled-1-scaled.jpg","datePublished":"2020-07-10T11:04:05+00:00","dateModified":"2024-01-15T18:14:24+00:00","breadcrumb":{"@id":"https:\/\/laviteturchese.it\/en\/product\/adegas-gran-vinum-mar-de-vinas-albarino-2018\/#breadcrumb"},"inLanguage":"en-US","potentialAction":[{"@type":"ReadAction","target":["https:\/\/laviteturchese.it\/en\/product\/adegas-gran-vinum-mar-de-vinas-albarino-2018\/"]}]},{"@type":"ImageObject","inLanguage":"en-US","@id":"https:\/\/laviteturchese.it\/en\/product\/adegas-gran-vinum-mar-de-vinas-albarino-2018\/#primaryimage","url":"https:\/\/laviteturchese.it\/wp-content\/uploads\/2021\/01\/Adegas-Gran-Vinum-\u2013-Mar-de-Vi\u00f1as-Albari\u00f1o-\u2013-2018-scaled-1-scaled.jpg","contentUrl":"https:\/\/laviteturchese.it\/wp-content\/uploads\/2021\/01\/Adegas-Gran-Vinum-\u2013-Mar-de-Vi\u00f1as-Albari\u00f1o-\u2013-2018-scaled-1-scaled.jpg","width":450,"height":800},{"@type":"BreadcrumbList","@id":"https:\/\/laviteturchese.it\/en\/product\/adegas-gran-vinum-mar-de-vinas-albarino-2018\/#breadcrumb","itemListElement":[{"@type":"ListItem","position":1,"name":"Home","item":"https:\/\/laviteturchese.it\/en\/"},{"@type":"ListItem","position":2,"name":"Shop","item":"https:\/\/laviteturchese.it\/en\/shop\/"},{"@type":"ListItem","position":3,"name":"Adegas Gran Vinum &#8211; Mar de Vi\u00f1as Albari\u00f1o &#8211; 2018"}]},{"@type":"WebSite","@id":"https:\/\/laviteturchese.it\/en\/#website","url":"https:\/\/laviteturchese.it\/en\/","name":"La vite Turchese","description":"Vini &amp; Spuntini... a tutte le ore!","publisher":{"@id":"https:\/\/laviteturchese.it\/en\/#organization"},"potentialAction":[{"@type":"SearchAction","target":{"@type":"EntryPoint","urlTemplate":"https:\/\/laviteturchese.it\/en\/?s={search_term_string}"},"query-input":{"@type":"PropertyValueSpecification","valueRequired":true,"valueName":"search_term_string"}}],"inLanguage":"en-US"},{"@type":"Organization","@id":"https:\/\/laviteturchese.it\/en\/#organization","name":"La Vite Turchese Shop","url":"https:\/\/laviteturchese.it\/en\/","logo":{"@type":"ImageObject","inLanguage":"en-US","@id":"https:\/\/laviteturchese.it\/en\/#\/schema\/logo\/image\/","url":"http:\/\/laviteturchese.it\/wp-content\/uploads\/2020\/05\/LVT_SHOP-1-1.png","contentUrl":"http:\/\/laviteturchese.it\/wp-content\/uploads\/2020\/05\/LVT_SHOP-1-1.png","width":300,"height":277,"caption":"La Vite Turchese Shop"},"image":{"@id":"https:\/\/laviteturchese.it\/en\/#\/schema\/logo\/image\/"}}]}},"_links":{"self":[{"href":"https:\/\/laviteturchese.it\/en\/wp-json\/wp\/v2\/product\/18818","targetHints":{"allow":["GET"]}}],"collection":[{"href":"https:\/\/laviteturchese.it\/en\/wp-json\/wp\/v2\/product"}],"about":[{"href":"https:\/\/laviteturchese.it\/en\/wp-json\/wp\/v2\/types\/product"}],"replies":[{"embeddable":true,"href":"https:\/\/laviteturchese.it\/en\/wp-json\/wp\/v2\/comments?post=18818"}],"wp:featuredmedia":[{"embeddable":true,"href":"https:\/\/laviteturchese.it\/en\/wp-json\/wp\/v2\/media\/21339"}],"wp:attachment":[{"href":"https:\/\/laviteturchese.it\/en\/wp-json\/wp\/v2\/media?parent=18818"}],"wp:term":[{"taxonomy":"product_brand","embeddable":true,"href":"https:\/\/laviteturchese.it\/en\/wp-json\/wp\/v2\/product_brand?post=18818"},{"taxonomy":"product_cat","embeddable":true,"href":"https:\/\/laviteturchese.it\/en\/wp-json\/wp\/v2\/product_cat?post=18818"},{"taxonomy":"product_tag","embeddable":true,"href":"https:\/\/laviteturchese.it\/en\/wp-json\/wp\/v2\/product_tag?post=18818"}],"curies":[{"name":"wp","href":"https:\/\/api.w.org\/{rel}","templated":true}]}}